{"id":13,"date":"2015-06-24T10:55:19","date_gmt":"2015-06-24T07:55:19","guid":{"rendered":"https:\/\/bkm.com.tr\/?page_id=13"},"modified":"2026-03-25T16:41:15","modified_gmt":"2026-03-25T13:41:15","slug":"yonetim-kurulu","status":"publish","type":"page","link":"https:\/\/bkm.com.tr\/en\/about-bkm\/board-of-directors\/","title":{"rendered":"Board"},"content":{"rendered":"<p><\/p>\n<p>&nbsp;<\/p>\n<table style=\"height: 201px; width: 61.0028%;\" width=\"460\">\n<tbody>\n<tr style=\"height: 39px;\">\n<td style=\"width: 178px; height: 39px;\">Chairman<\/td>\n<td style=\"width: 275px; height: 39px;\"><strong>Yusuf Kenan BA\u011eIR, PhD<\/strong><\/td>\n<\/tr>\n<tr style=\"height: 39px;\">\n<td style=\"width: 178px; height: 39px;\">Vice Chairman<\/td>\n<td style=\"width: 275px; height: 39px;\"><strong>G\u00f6khan MEND\u0130<\/strong><\/td>\n<\/tr>\n<tr style=\"height: 40px;\">\n<td style=\"width: 178px; height: 40px;\">Board Member<\/td>\n<td style=\"width: 275px; height: 40px;\"><strong>Ozan DEN\u0130Z<\/strong>\u00a0<\/td>\n<\/tr>\n<tr>\n<td style=\"width: 178px;\">Board Member<\/td>\n<td style=\"width: 275px;\"><strong>Fazilet \u00c7AVU\u015eO\u011eLU<\/strong><\/td>\n<\/tr>\n<tr style=\"height: 41px;\">\n<td style=\"width: 178px; height: 41px;\">Board Member<\/td>\n<td style=\"width: 275px; height: 41px;\"><strong>Ahmet BU\u011eDAY, PhD<\/strong><\/td>\n<\/tr>\n<tr style=\"height: 42px;\">\n<td style=\"width: 178px; height: 42px;\">Board Member<\/td>\n<td style=\"width: 275px; height: 42px;\"><strong>C\u00fcneyt SA\u011eLIK<\/strong><\/td>\n<\/tr>\n<tr>\n<td style=\"width: 178px;\">Board Member<\/td>\n<td style=\"width: 275px;\"><strong>Sezgin L\u00dcLE<\/strong><\/td>\n<\/tr>\n<\/tbody>\n<\/table>\n<p>&nbsp;<\/p>\n<p>&nbsp;<\/p>\n<p>&nbsp;<\/p>\n<p>&nbsp;<\/p>\n<p>&nbsp;<\/p>\n<p>&nbsp;<\/p>\n<p>&nbsp;<\/p>\n<p>&nbsp;<\/p>\n<p>&nbsp;<\/p>\n<p>&nbsp;<\/p>\n<p>&nbsp;<\/p>\n<p>&nbsp;<\/p>\n<p>&nbsp;<\/p>\n<p>&nbsp;<\/p>\n<p>&nbsp;<\/p>\n<p>&nbsp;<\/p>\n<p><\/p>","protected":false},"excerpt":{"rendered":"<p>&nbsp; Chairman Yusuf Kenan BA\u011eIR, PhD Vice Chairman G\u00f6khan MEND\u0130 Board Member Ozan DEN\u0130Z\u00a0 Board Member Fazilet \u00c7AVU\u015eO\u011eLU Board Member Ahmet BU\u011eDAY, PhD Board Member C\u00fcneyt SA\u011eLIK Board Member Sezgin L\u00dcLE &nbsp; &nbsp; &nbsp; &nbsp; &nbsp; &nbsp; &nbsp; &nbsp; &nbsp; &nbsp; &nbsp; &nbsp; &nbsp; &nbsp; &nbsp; &nbsp;<\/p>\n","protected":false},"author":1,"featured_media":0,"parent":4,"menu_order":0,"comment_status":"closed","ping_status":"open","template":"","meta":{"footnotes":""},"_links":{"self":[{"href":"https:\/\/bkm.com.tr\/en\/wp-json\/wp\/v2\/pages\/13"}],"collection":[{"href":"https:\/\/bkm.com.tr\/en\/wp-json\/wp\/v2\/pages"}],"about":[{"href":"https:\/\/bkm.com.tr\/en\/wp-json\/wp\/v2\/types\/page"}],"author":[{"embeddable":true,"href":"https:\/\/bkm.com.tr\/en\/wp-json\/wp\/v2\/users\/1"}],"replies":[{"embeddable":true,"href":"https:\/\/bkm.com.tr\/en\/wp-json\/wp\/v2\/comments?post=13"}],"version-history":[{"count":87,"href":"https:\/\/bkm.com.tr\/en\/wp-json\/wp\/v2\/pages\/13\/revisions"}],"predecessor-version":[{"id":9056,"href":"https:\/\/bkm.com.tr\/en\/wp-json\/wp\/v2\/pages\/13\/revisions\/9056"}],"up":[{"embeddable":true,"href":"https:\/\/bkm.com.tr\/en\/wp-json\/wp\/v2\/pages\/4"}],"wp:attachment":[{"href":"https:\/\/bkm.com.tr\/en\/wp-json\/wp\/v2\/media?parent=13"}],"curies":[{"name":"wp","href":"https:\/\/api.w.org\/{rel}","templated":true}]}}