{"id":219,"date":"2015-06-24T13:39:57","date_gmt":"2015-06-24T10:39:57","guid":{"rendered":"https:\/\/bkm.com.tr\/?page_id=219"},"modified":"2025-01-29T14:54:58","modified_gmt":"2025-01-29T11:54:58","slug":"baglantilar","status":"publish","type":"page","link":"https:\/\/bkm.com.tr\/en\/bkm-2\/links\/","title":{"rendered":"Links"},"content":{"rendered":"<p><\/p>\n<p>&nbsp;<\/p>\n<table class=\"member-table\" style=\"width: 100%; height: 144px;\" border=\"0\" width=\"100%\" cellspacing=\"0\" cellpadding=\"0\">\n<tbody>\n<tr>\n<td style=\"width: 63%;\" width=\"63%\">\n<p><strong>T\u00fcrkiye Cumhuriyet Merkez Bankas\u0131 (TCMB)<\/strong><\/p>\n<\/td>\n<td class=\"pt5 pb5\" style=\"height: 24px; width: 37%;\" width=\"37%\"><a href=\"http:\/\/www.tcmb.gov.tr\" target=\"_blank\" rel=\"noopener\">www.tcmb.gov.tr<\/a><\/td>\n<\/tr>\n<tr>\n<td style=\"width: 63%;\" width=\"63%\">\n<p><strong>Bankac\u0131l\u0131k D\u00fczenleme ve Denetleme Kurumu (BDDK)<\/strong><\/p>\n<\/td>\n<td class=\"pt5 pb5\" style=\"height: 24px; width: 37%;\"><a href=\"http:\/\/www.bddk.org.tr\" target=\"_blank\" rel=\"noopener\">www.bddk.org.tr<\/a><\/td>\n<\/tr>\n<tr>\n<td style=\"width: 63%;\" width=\"63%\">\n<p><strong>T\u00fcrkiye Bankalar Birli\u011fi (TBB)<\/strong><\/p>\n<\/td>\n<td class=\"pt5 pb5\" style=\"height: 24px; width: 37%;\"><a href=\"https:\/\/www.tbb.org.tr\/en\">www.tbb.org.tr\/en<\/a><\/td>\n<\/tr>\n<tr>\n<td style=\"width: 63%;\" width=\"63%\">\n<p><strong>Kredi Kay\u0131t B\u00fcrosu (KKB)<\/strong><\/p>\n<\/td>\n<td class=\"pt5 pb5\" style=\"height: 24px; width: 37%;\"><a href=\"https:\/\/www.kkb.com.tr\/en\" target=\"_blank\" rel=\"noopener\">www.kkb.com.tr\/en<\/a><\/td>\n<\/tr>\n<tr>\n<td style=\"width: 63%;\" width=\"63%\">\n<p><strong>TROY &#8211;\u00a0T\u00fcrkiye&#8217;nin \u00d6deme \u00a0Y\u00f6ntemi<\/strong><\/p>\n<\/td>\n<td class=\"pt5 pb5\" style=\"height: 24px; width: 37%;\"><a href=\"https:\/\/troyodeme.com\/\" target=\"_blank\" rel=\"noopener\">www.troyodeme.com<\/a><\/td>\n<\/tr>\n<tr style=\"height: 24px;\">\n<td class=\"pt5 pb5\" style=\"height: 24px; width: 63%;\">\u00a0<\/td>\n<td class=\"pt5 pb5\" style=\"height: 24px; width: 37%;\">\u00a0<\/td>\n<\/tr>\n<\/tbody>\n<\/table>\n<p><\/p>","protected":false},"excerpt":{"rendered":"<p>&nbsp; T\u00fcrkiye Cumhuriyet Merkez Bankas\u0131 (TCMB) www.tcmb.gov.tr Bankac\u0131l\u0131k D\u00fczenleme ve Denetleme Kurumu (BDDK) www.bddk.org.tr T\u00fcrkiye Bankalar Birli\u011fi (TBB) www.tbb.org.tr\/en Kredi Kay\u0131t B\u00fcrosu (KKB) www.kkb.com.tr\/en TROY &#8211;\u00a0T\u00fcrkiye&#8217;nin \u00d6deme \u00a0Y\u00f6ntemi www.troyodeme.com \u00a0 \u00a0<\/p>\n","protected":false},"author":1,"featured_media":0,"parent":1986,"menu_order":2,"comment_status":"closed","ping_status":"closed","template":"","meta":{"footnotes":""},"_links":{"self":[{"href":"https:\/\/bkm.com.tr\/en\/wp-json\/wp\/v2\/pages\/219"}],"collection":[{"href":"https:\/\/bkm.com.tr\/en\/wp-json\/wp\/v2\/pages"}],"about":[{"href":"https:\/\/bkm.com.tr\/en\/wp-json\/wp\/v2\/types\/page"}],"author":[{"embeddable":true,"href":"https:\/\/bkm.com.tr\/en\/wp-json\/wp\/v2\/users\/1"}],"replies":[{"embeddable":true,"href":"https:\/\/bkm.com.tr\/en\/wp-json\/wp\/v2\/comments?post=219"}],"version-history":[{"count":21,"href":"https:\/\/bkm.com.tr\/en\/wp-json\/wp\/v2\/pages\/219\/revisions"}],"predecessor-version":[{"id":9589,"href":"https:\/\/bkm.com.tr\/en\/wp-json\/wp\/v2\/pages\/219\/revisions\/9589"}],"up":[{"embeddable":true,"href":"https:\/\/bkm.com.tr\/en\/wp-json\/wp\/v2\/pages\/1986"}],"wp:attachment":[{"href":"https:\/\/bkm.com.tr\/en\/wp-json\/wp\/v2\/media?parent=219"}],"curies":[{"name":"wp","href":"https:\/\/api.w.org\/{rel}","templated":true}]}}