{"id":223,"date":"2015-06-24T13:41:12","date_gmt":"2015-06-24T10:41:12","guid":{"rendered":"https:\/\/bkm.com.tr\/?page_id=223"},"modified":"2026-04-09T16:33:05","modified_gmt":"2026-04-09T13:33:05","slug":"bilgi-toplumu-hizmetleri","status":"publish","type":"page","link":"https:\/\/bkm.com.tr\/en\/bkm-2\/information-society-services\/","title":{"rendered":"Information Society Service"},"content":{"rendered":"<p><\/p>\n<div class=\"clearfix\">\n<h4>\u00a0<\/h4>\n<div class=\"clearfix\">\n<p class=\"fl\"><b>MERS\u0130S Number<\/b><\/p>\n<p class=\"fr\">0140-0033-4820-0016<\/p>\n<\/div>\n<div class=\"clearfix\">\n<p class=\"fl\"><b>Trade Registry Number<\/b><\/p>\n<p class=\"fr\">267660-0<\/p>\n<\/div>\n<div class=\"clearfix\">\n<p class=\"fl\"><b>Commercial Title<\/b><\/p>\n<p class=\"fr\">Bankalararas\u0131 Kart Merkezi A.\u015e.<\/p>\n<\/div>\n<div class=\"clearfix\">\n<p class=\"fl\"><b>Operation Center<\/b><\/p>\n<p class=\"fr\">Nispetiye Cad. Akmerkez E-3 Blok Kat:2-3 34337 Etiler \/ Be\u015fikta\u015f \/ \u0130stanbul<\/p>\n<div class=\"clearfix\">\n<p class=\"fl\"><b>Tax Office<\/b><\/p>\n<p class=\"fr\">Bo\u011fazi\u00e7i Kurumlar Vergi Dairesi<\/p>\n<\/div>\n<div class=\"clearfix\">\n<p class=\"fl\"><b>Tax Number<\/b><\/p>\n<p class=\"fr\">1400033482<\/p>\n<\/div>\n<p class=\"fl\"><b>Merkezi Kay\u0131t Kurulu\u015f Kayd\u0131\u00a0\u00a0<\/b><\/p>\n<p style=\"text-align: right;\"><a href=\"https:\/\/e-sirket.mkk.com.tr\/\">https:\/\/e-sirket.mkk.com.tr\/<\/a><\/p>\n<\/div>\n<\/div>\n<p>&nbsp;<\/p>\n<p>&nbsp;<\/p>\n<div class=\"clearfix\">\n<div class=\"clearfix mt20\">\n<h5>Names and Surnames of the Chairman and Members of Board of Bankalararas\u0131 Kart Merkezi<\/h5>\n<\/div>\n<\/div>\n<table style=\"height: 222px; width: 63.5819%;\" width=\"590\">\n<tbody>\n<tr style=\"height: 37px;\">\n<td style=\"height: 37px; width: 35.0318%;\">Chairman<\/td>\n<td style=\"height: 37px; width: 105.884%;\"><strong>Yusuf Kenan BA\u011eIR, PhD<\/strong><\/td>\n<\/tr>\n<tr style=\"height: 37px;\">\n<td style=\"text-align: left; height: 37px; width: 35.0318%;\">Vice Chairman<\/td>\n<td style=\"height: 37px; width: 105.884%;\"><strong>G\u00f6khan MEND\u0130<\/strong><\/td>\n<\/tr>\n<tr style=\"height: 37px;\">\n<td style=\"text-align: left; height: 37px; width: 35.0318%;\">Board\u00a0Member<\/td>\n<td style=\"height: 37px; width: 105.884%;\"><strong>Ozan DEN\u0130Z<\/strong><\/td>\n<\/tr>\n<tr style=\"height: 37px;\">\n<td style=\"text-align: left; height: 37px; width: 35.0318%;\">Board\u00a0Member<\/td>\n<td style=\"height: 37px; width: 105.884%;\"><strong>Ahmet BU\u011eDAY, PhD<\/strong><\/td>\n<\/tr>\n<tr>\n<td style=\"text-align: left; width: 35.0318%;\">Board\u00a0Member<\/td>\n<td style=\"width: 105.884%;\"><strong>Fazilet \u00c7AVU\u015eO\u011eLU<\/strong><\/td>\n<\/tr>\n<tr style=\"height: 37px;\">\n<td style=\"text-align: left; height: 37px; width: 35.0318%;\">Board\u00a0Member<\/td>\n<td style=\"height: 37px; width: 105.884%;\"><strong>C\u00fcneyt SA\u011eLIK<\/strong><\/td>\n<\/tr>\n<tr style=\"height: 37px;\">\n<td style=\"text-align: left; height: 37px; width: 35.0318%;\">Board\u00a0Member<\/td>\n<td style=\"height: 37px; width: 105.884%;\"><strong>Sezgin L\u00dcLE<\/strong><\/td>\n<\/tr>\n<\/tbody>\n<\/table>\n<div class=\"clearfix mt20\">\u00a0<\/div>\n<div class=\"clearfix mt20\">\n<div class=\"clearfix mt20\">\n<p class=\"fl\"><b>The Amount of Subscribed Capital of Bankalararas\u0131 Kart Merkezi <\/b><\/p>\n<p class=\"fr\">177.492.990,- TL<\/p>\n<\/div>\n<div class=\"clearfix\">\n<p class=\"fl\"><b>The Amount of Paid-in Capital of Bankalararas\u0131 Kart Merkezi <\/b><\/p>\n<p class=\"fr\">177.492.990,- TL<\/p>\n<\/div>\n<div class=\"clearfix mt20\">\n<h5>Commercial title, operation center and, if any, registered branches of independent auditor<\/h5>\n<p><strong>Commercial Title:\u00a0<\/strong>PWC Ba\u011f\u0131ms\u0131z Denetim ve Serbest Muhasebeci Mali M\u00fc\u015favirlik Anonim \u015eirketi<\/p>\n<p>\u0130stanbul Ticaret Sicil M\u00fcd\u00fcrl\u00fc\u011f\u00fc \u2013 Sicil No: 201465-0<\/p>\n<p><strong>Operation Center<\/strong>:\u00a0K\u0131l\u0131\u00e7ali Pa\u015fa Mah. Meclis-i Mebusan Cad. No:8 \u0130\u00e7 Kap\u0131 No:301 Beyo\u011flu, \u0130stanbul<\/p>\n<p>Bo\u011fazi\u00e7i Kurumlar Vergi Dairesi &#8211; 1460022405<\/p>\n<p>&nbsp;<\/p>\n<p><a class=\"mt20 db\" href=\"https:\/\/bkm.com.tr\/wp-content\/uploads\/2023\/05\/BKM-Esas-Sozlesme_2023.pdf\" target=\"_blank\" rel=\"noopener\">Most current version of articles of association of BKM<\/a>\u00a0<\/p>\n<\/div>\n<\/div>\n<p style=\"text-align: left;\">\u00a0<\/p>\n<p style=\"text-align: left;\">\u00a0<\/p>\n<p>&nbsp;<\/p>\n<p>&nbsp;<\/p>\n<p>&nbsp;<\/p>\n<p>&nbsp;<\/p>\n<p>&nbsp;<\/p>\n<p>&nbsp;<\/p>\n<p>&nbsp;<\/p>\n<p>&nbsp;<\/p>\n<p><\/p>","protected":false},"excerpt":{"rendered":"<p>\u00a0 MERS\u0130S Number 0140-0033-4820-0016 Trade Registry Number 267660-0 Commercial Title Bankalararas\u0131 Kart Merkezi A.\u015e. Operation Center Nispetiye Cad. Akmerkez E-3 Blok Kat:2-3 34337 Etiler \/ Be\u015fikta\u015f \/ \u0130stanbul Tax Office Bo\u011fazi\u00e7i Kurumlar Vergi Dairesi Tax Number 1400033482 Merkezi Kay\u0131t Kurulu\u015f Kayd\u0131\u00a0\u00a0 https:\/\/e-sirket.mkk.com.tr\/ &nbsp; &nbsp; Names and Surnames of the Chairman and Members of Board of [&hellip;]<\/p>\n","protected":false},"author":1,"featured_media":0,"parent":1986,"menu_order":4,"comment_status":"closed","ping_status":"closed","template":"","meta":{"footnotes":""},"_links":{"self":[{"href":"https:\/\/bkm.com.tr\/en\/wp-json\/wp\/v2\/pages\/223"}],"collection":[{"href":"https:\/\/bkm.com.tr\/en\/wp-json\/wp\/v2\/pages"}],"about":[{"href":"https:\/\/bkm.com.tr\/en\/wp-json\/wp\/v2\/types\/page"}],"author":[{"embeddable":true,"href":"https:\/\/bkm.com.tr\/en\/wp-json\/wp\/v2\/users\/1"}],"replies":[{"embeddable":true,"href":"https:\/\/bkm.com.tr\/en\/wp-json\/wp\/v2\/comments?post=223"}],"version-history":[{"count":131,"href":"https:\/\/bkm.com.tr\/en\/wp-json\/wp\/v2\/pages\/223\/revisions"}],"predecessor-version":[{"id":10311,"href":"https:\/\/bkm.com.tr\/en\/wp-json\/wp\/v2\/pages\/223\/revisions\/10311"}],"up":[{"embeddable":true,"href":"https:\/\/bkm.com.tr\/en\/wp-json\/wp\/v2\/pages\/1986"}],"wp:attachment":[{"href":"https:\/\/bkm.com.tr\/en\/wp-json\/wp\/v2\/media?parent=223"}],"curies":[{"name":"wp","href":"https:\/\/api.w.org\/{rel}","templated":true}]}}