{"id":2487,"date":"2015-11-02T08:55:52","date_gmt":"2015-11-02T05:55:52","guid":{"rendered":"https:\/\/bkm.com.tr\/?page_id=2487"},"modified":"2024-04-02T14:32:26","modified_gmt":"2024-04-02T11:32:26","slug":"bkmail-kasim-turkiyenin-odeme-yontemi-troy","status":"publish","type":"page","link":"https:\/\/bkm.com.tr\/en\/tr-bkmail-kasim-turkiyenin-odeme-yontemi-troy\/","title":{"rendered":"(TR) T\u00fcrkiye\u2019nin \u201cyeni \u00f6deme y\u00f6ntemi\u201d i\u00e7in geri say\u0131m ba\u015flad\u0131."},"content":{"rendered":"<p><\/p>\n<\/p>\n<p><\/p>","protected":false},"excerpt":{"rendered":"","protected":false},"author":27,"featured_media":0,"parent":0,"menu_order":0,"comment_status":"closed","ping_status":"open","template":"","meta":{"footnotes":""},"_links":{"self":[{"href":"https:\/\/bkm.com.tr\/en\/wp-json\/wp\/v2\/pages\/2487"}],"collection":[{"href":"https:\/\/bkm.com.tr\/en\/wp-json\/wp\/v2\/pages"}],"about":[{"href":"https:\/\/bkm.com.tr\/en\/wp-json\/wp\/v2\/types\/page"}],"author":[{"embeddable":true,"href":"https:\/\/bkm.com.tr\/en\/wp-json\/wp\/v2\/users\/27"}],"replies":[{"embeddable":true,"href":"https:\/\/bkm.com.tr\/en\/wp-json\/wp\/v2\/comments?post=2487"}],"version-history":[{"count":5,"href":"https:\/\/bkm.com.tr\/en\/wp-json\/wp\/v2\/pages\/2487\/revisions"}],"predecessor-version":[{"id":8998,"href":"https:\/\/bkm.com.tr\/en\/wp-json\/wp\/v2\/pages\/2487\/revisions\/8998"}],"wp:attachment":[{"href":"https:\/\/bkm.com.tr\/en\/wp-json\/wp\/v2\/media?parent=2487"}],"curies":[{"name":"wp","href":"https:\/\/api.w.org\/{rel}","templated":true}]}}