{"id":2495,"date":"2015-11-02T10:14:23","date_gmt":"2015-11-02T07:14:23","guid":{"rendered":"https:\/\/bkm.com.tr\/?page_id=2495"},"modified":"2024-04-02T14:34:14","modified_gmt":"2024-04-02T11:34:14","slug":"bkmail-kasim-best-wallet-innovation-odulu-bkm-expressin","status":"publish","type":"page","link":"https:\/\/bkm.com.tr\/en\/tr-bkmail-kasim-best-wallet-innovation-odulu-bkm-expressin\/","title":{"rendered":"(TR) \u201cBest Wallet Innovation\u201d \u00f6d\u00fcl\u00fc BKM Express\u2019in"},"content":{"rendered":"<p><\/p>\n<\/p>\n<p><\/p>","protected":false},"excerpt":{"rendered":"","protected":false},"author":27,"featured_media":0,"parent":0,"menu_order":0,"comment_status":"closed","ping_status":"open","template":"","meta":{"footnotes":""},"_links":{"self":[{"href":"https:\/\/bkm.com.tr\/en\/wp-json\/wp\/v2\/pages\/2495"}],"collection":[{"href":"https:\/\/bkm.com.tr\/en\/wp-json\/wp\/v2\/pages"}],"about":[{"href":"https:\/\/bkm.com.tr\/en\/wp-json\/wp\/v2\/types\/page"}],"author":[{"embeddable":true,"href":"https:\/\/bkm.com.tr\/en\/wp-json\/wp\/v2\/users\/27"}],"replies":[{"embeddable":true,"href":"https:\/\/bkm.com.tr\/en\/wp-json\/wp\/v2\/comments?post=2495"}],"version-history":[{"count":6,"href":"https:\/\/bkm.com.tr\/en\/wp-json\/wp\/v2\/pages\/2495\/revisions"}],"predecessor-version":[{"id":9000,"href":"https:\/\/bkm.com.tr\/en\/wp-json\/wp\/v2\/pages\/2495\/revisions\/9000"}],"wp:attachment":[{"href":"https:\/\/bkm.com.tr\/en\/wp-json\/wp\/v2\/media?parent=2495"}],"curies":[{"name":"wp","href":"https:\/\/api.w.org\/{rel}","templated":true}]}}