{"id":2646,"date":"2015-11-27T13:50:56","date_gmt":"2015-11-27T11:50:56","guid":{"rendered":"https:\/\/bkm.com.tr\/?page_id=2646"},"modified":"2026-03-30T16:15:14","modified_gmt":"2026-03-30T13:15:14","slug":"odeme-cozumleri","status":"publish","type":"page","link":"https:\/\/bkm.com.tr\/en\/products-and-services\/payment-solutions\/","title":{"rendered":"Payment Solutions"},"content":{"rendered":"<p><\/p>\n <ul class=\"press-list-styled accordion\">\n    <li>\n      <a class=\"ui-accordion-link acc1\">3D Secure<\/a>\n        <div style=\"display: none;\">\n            3D Secure, \u0130nternette g\u00fcvenli al\u0131\u015fveri\u015f yap\u0131lmas\u0131n\u0131 sa\u011flamak \u00fczere kart hamilinin kimlik do\u011frulamas\u0131n\u0131n yap\u0131lmas\u0131 amac\u0131yla geli\u015ftirilen, hem kart sahipleri, hem de \u00fcye i\u015fyerlerini sahtek\u00e2rl\u0131klara kar\u015f\u0131 g\u00fcvence alt\u0131na alan uluslararas\u0131 bir \u00e7\u00f6z\u00fcmd\u00fcr.<br \/>\nAyr\u0131nt\u0131l\u0131 bilgi i\u00e7in <a href=\"https:\/\/www.bkm.com.tr\/faydali-bilgiler\/guvenli-internet-alisverisi\/\" target=\"_blank\" rel=\"noopener\">t\u0131klay\u0131n\u0131z<\/a>.<br \/>\n\n<\/div>\n      <\/a>\n    <\/li> <\/ul>\n <ul class=\"press-list-styled accordion\">\n    <li>\n      <a class=\"ui-accordion-link acc1\">TechPOS<\/a>\n        <div style=\"display: none;\">\n            BKM TechPOS, kart kabul kurulu\u015flar\u0131n\u0131n ve POS\/\u00d6KC \u00fcreticilerinin BKM \u00fczerinden kar\u015f\u0131l\u0131kl\u0131 \u00e7al\u0131\u015fabildi\u011fi bir altyap\u0131d\u0131r. TechPOS ile, tek bir cihaz \u00fczerinde geli\u015ftirilecek bir uygulama ile, sisteme kat\u0131lm\u0131\u015f t\u00fcm bankalar\u0131n (ve \u00fcye i\u015fyeri anla\u015fmas\u0131 yapan di\u011fer kurulu\u015flar\u0131n) parametreleri \u00e7al\u0131\u015ft\u0131r\u0131larak kart kabul hizmeti vermeleri m\u00fcmk\u00fcn olmaktad\u0131r. Bu sayede, cihaz \u00fcreticilerinin her bir \u00fcye i\u015fyeri anla\u015fmas\u0131 yapan kurulu\u015f ile ayr\u0131 teknik entegrasyon yapmas\u0131 ihtiyac\u0131 ortadan kalkmaktad\u0131r. \u0130\u015fyerleri, tek bir cihaz ile diledi\u011fi t\u00fcm bankalarla \u00e7al\u0131\u015fabilmekte ve sekt\u00f6rde verimlilik yarat\u0131lmaktad\u0131r.\u00a0 Detayl\u0131 bilgi i\u00e7in <a href=\"https:\/\/bkm.com.tr\/wp-content\/uploads\/2025\/08\/BKM-TechPOS-Brosur-Agustos-v3.pdf\">t\u0131klay\u0131n\u0131z.<\/a><br \/>\n&nbsp;<br \/>\n\n<\/div>\n      <\/a>\n    <\/li> <\/ul>\n <ul class=\"press-list-styled accordion\">\n    <li>\n      <a class=\"ui-accordion-link acc1\">GO (G\u00fcvenli \u00d6de)<\/a>\n        <div style=\"display: none;\">\n            GO (G\u00fcvenli \u00d6de),\u00a0 E-ticaret i\u015flemlerinde, t\u00fcm kart \u015femalar\u0131na ait kartlar i\u00e7in\u00a0 kart hamili do\u011frulamas\u0131n\u0131n yap\u0131lmas\u0131n\u0131 sa\u011flayan sistemdir.\u00a0<br \/>\n&nbsp;<br \/>\n<strong>Kart kullan\u0131c\u0131s\u0131 iseniz : <\/strong>GO (G\u00fcvenli \u00d6de)\u00a0ile e-ticaret sitelerinin \u00f6deme sayfas\u0131nda kart numaras\u0131n\u0131 girerek \u201csat\u0131n al\u201d butonuna bast\u0131ktan sonra a\u00e7\u0131lan GO G\u00fcvenli \u00d6de do\u011frulama sayfas\u0131na cep telefonunuza gelen SMS\u2019i\u00a0 girerek g\u00fcvenli i\u015flem yapabilirsiniz.<br \/>\n&nbsp;<br \/>\n<strong>\u0130\u015f yeri iseniz :<\/strong> GO (G\u00fcvenli \u00d6de)\u2019nin g\u00fcvenli altyap\u0131s\u0131 ile; e-ticaret sitelerinde \u00f6demelerinizi \u201cg\u00fcvenli i\u015flem\u201d olarak kabul edebilirsiniz. GO \u2013 G\u00fcvenli \u00d6de altyap\u0131s\u0131 \u00fcyelerimiz arac\u0131l\u0131\u011f\u0131yla i\u015fyerlerine sunuldu\u011fu i\u00e7in, detaylar hakk\u0131nda bankan\u0131zla g\u00f6r\u00fc\u015febilirsiniz.<br \/>\n\n<\/div>\n      <\/a>\n    <\/li> <\/ul>\n<p>&nbsp;<\/p>\n<p>&nbsp;<\/p>\n<p>&nbsp;<\/p>\n<p>&nbsp;<\/p>\n<p><\/p>","protected":false},"excerpt":{"rendered":"<p>&nbsp; &nbsp; &nbsp; &nbsp;<\/p>\n","protected":false},"author":27,"featured_media":0,"parent":1650,"menu_order":8,"comment_status":"closed","ping_status":"open","template":"","meta":{"footnotes":""},"_links":{"self":[{"href":"https:\/\/bkm.com.tr\/en\/wp-json\/wp\/v2\/pages\/2646"}],"collection":[{"href":"https:\/\/bkm.com.tr\/en\/wp-json\/wp\/v2\/pages"}],"about":[{"href":"https:\/\/bkm.com.tr\/en\/wp-json\/wp\/v2\/types\/page"}],"author":[{"embeddable":true,"href":"https:\/\/bkm.com.tr\/en\/wp-json\/wp\/v2\/users\/27"}],"replies":[{"embeddable":true,"href":"https:\/\/bkm.com.tr\/en\/wp-json\/wp\/v2\/comments?post=2646"}],"version-history":[{"count":123,"href":"https:\/\/bkm.com.tr\/en\/wp-json\/wp\/v2\/pages\/2646\/revisions"}],"predecessor-version":[{"id":10291,"href":"https:\/\/bkm.com.tr\/en\/wp-json\/wp\/v2\/pages\/2646\/revisions\/10291"}],"up":[{"embeddable":true,"href":"https:\/\/bkm.com.tr\/en\/wp-json\/wp\/v2\/pages\/1650"}],"wp:attachment":[{"href":"https:\/\/bkm.com.tr\/en\/wp-json\/wp\/v2\/media?parent=2646"}],"curies":[{"name":"wp","href":"https:\/\/api.w.org\/{rel}","templated":true}]}}