{"id":3184,"date":"2016-02-02T16:28:11","date_gmt":"2016-02-02T14:28:11","guid":{"rendered":"https:\/\/bkm.com.tr\/?page_id=3184"},"modified":"2016-02-02T16:28:31","modified_gmt":"2016-02-02T14:28:31","slug":"gizlilik","status":"publish","type":"page","link":"https:\/\/bkm.com.tr\/en\/privacy\/","title":{"rendered":"Privacy"},"content":{"rendered":"<p><\/p>\n<p>Bu mesaj ve ekleri, mesajda g\u00f6nderildi\u011fi belirtilen ki\u015fi\/ki\u015filere \u00f6zeldir ve gizlidir. Bu mesaj\u0131n muhatab\u0131 olmaman\u0131za ra\u011fmen taraf\u0131n\u0131za ula\u015fm\u0131\u015f olmas\u0131 halinde mesaj i\u00e7eri\u011finin gizlili\u011fi ve bu gizlilik y\u00fck\u00fcml\u00fcl\u00fc\u011f\u00fcne uyulmas\u0131 zorunlulu\u011fu taraf\u0131n\u0131z i\u00e7in de s\u00f6z konusudur. Mesaj ve eklerinde yer alan bilgilerin do\u011frulu\u011fu ve g\u00fcncelli\u011fi konusunda BKM A.\u015e.\u2019nin herhangi bir sorumlulu\u011fu bulunmamaktad\u0131r. BKM A.\u015e. mesaj\u0131n ve bilgilerinin size de\u011fi\u015fikli\u011fe u\u011frayarak veya ge\u00e7 ula\u015fmas\u0131ndan, b\u00fct\u00fcnl\u00fc\u011f\u00fcn\u00fcn ve gizlili\u011finin korunamamas\u0131ndan, vir\u00fcs i\u00e7ermesinden ve bilgisayar sisteminize verebilece\u011fi herhangi bir zarardan sorumlu tutulamaz.<\/p>\n<p>This message and attachments are confidential and intended solely for the individual(s) stated in this message. If you received this message although you are not the addressee, you are responsible to keep the message confidential. BKM A.\u015e. has no responsibility for the accuracy or correctness of the information in the message and its attachments. BKM A.\u015e. shall have no liability for any changes or late receiving, loss of integrity and confidentiality, viruses and any damages caused in anyway to your computer system.<\/p>\n<p><\/p>","protected":false},"excerpt":{"rendered":"<p>Bu mesaj ve ekleri, mesajda g\u00f6nderildi\u011fi belirtilen ki\u015fi\/ki\u015filere \u00f6zeldir ve gizlidir. Bu mesaj\u0131n muhatab\u0131 olmaman\u0131za ra\u011fmen taraf\u0131n\u0131za ula\u015fm\u0131\u015f olmas\u0131 halinde mesaj i\u00e7eri\u011finin gizlili\u011fi ve bu gizlilik y\u00fck\u00fcml\u00fcl\u00fc\u011f\u00fcne uyulmas\u0131 zorunlulu\u011fu taraf\u0131n\u0131z i\u00e7in de s\u00f6z konusudur. Mesaj ve eklerinde yer alan bilgilerin do\u011frulu\u011fu ve g\u00fcncelli\u011fi konusunda BKM A.\u015e.\u2019nin herhangi bir sorumlulu\u011fu bulunmamaktad\u0131r. BKM A.\u015e. mesaj\u0131n ve bilgilerinin [&hellip;]<\/p>\n","protected":false},"author":27,"featured_media":0,"parent":0,"menu_order":0,"comment_status":"closed","ping_status":"open","template":"templates\/page--sidebar-yok.php","meta":{"footnotes":""},"_links":{"self":[{"href":"https:\/\/bkm.com.tr\/en\/wp-json\/wp\/v2\/pages\/3184"}],"collection":[{"href":"https:\/\/bkm.com.tr\/en\/wp-json\/wp\/v2\/pages"}],"about":[{"href":"https:\/\/bkm.com.tr\/en\/wp-json\/wp\/v2\/types\/page"}],"author":[{"embeddable":true,"href":"https:\/\/bkm.com.tr\/en\/wp-json\/wp\/v2\/users\/27"}],"replies":[{"embeddable":true,"href":"https:\/\/bkm.com.tr\/en\/wp-json\/wp\/v2\/comments?post=3184"}],"version-history":[{"count":2,"href":"https:\/\/bkm.com.tr\/en\/wp-json\/wp\/v2\/pages\/3184\/revisions"}],"predecessor-version":[{"id":3186,"href":"https:\/\/bkm.com.tr\/en\/wp-json\/wp\/v2\/pages\/3184\/revisions\/3186"}],"wp:attachment":[{"href":"https:\/\/bkm.com.tr\/en\/wp-json\/wp\/v2\/media?parent=3184"}],"curies":[{"name":"wp","href":"https:\/\/api.w.org\/{rel}","templated":true}]}}