{"id":3482,"date":"2016-05-02T16:13:39","date_gmt":"2016-05-02T13:13:39","guid":{"rendered":"https:\/\/bkm.com.tr\/?page_id=3482"},"modified":"2024-04-02T14:41:14","modified_gmt":"2024-04-02T11:41:14","slug":"eab","status":"publish","type":"page","link":"https:\/\/bkm.com.tr\/en\/tr-eab\/","title":{"rendered":"(TR) EAB taraf\u0131ndan T\u00fcrkiye&#8217;de ilk kez d\u00fczenlenen Bankac\u0131l\u0131k ve \u00d6demelerde Biyometri konferans\u0131na davetlisiniz!"},"content":{"rendered":"<p><\/p>\n<\/p>\n<p><\/p>","protected":false},"excerpt":{"rendered":"","protected":false},"author":27,"featured_media":0,"parent":0,"menu_order":0,"comment_status":"closed","ping_status":"open","template":"templates\/page--sidebar-yok.php","meta":{"footnotes":""},"_links":{"self":[{"href":"https:\/\/bkm.com.tr\/en\/wp-json\/wp\/v2\/pages\/3482"}],"collection":[{"href":"https:\/\/bkm.com.tr\/en\/wp-json\/wp\/v2\/pages"}],"about":[{"href":"https:\/\/bkm.com.tr\/en\/wp-json\/wp\/v2\/types\/page"}],"author":[{"embeddable":true,"href":"https:\/\/bkm.com.tr\/en\/wp-json\/wp\/v2\/users\/27"}],"replies":[{"embeddable":true,"href":"https:\/\/bkm.com.tr\/en\/wp-json\/wp\/v2\/comments?post=3482"}],"version-history":[{"count":5,"href":"https:\/\/bkm.com.tr\/en\/wp-json\/wp\/v2\/pages\/3482\/revisions"}],"predecessor-version":[{"id":9006,"href":"https:\/\/bkm.com.tr\/en\/wp-json\/wp\/v2\/pages\/3482\/revisions\/9006"}],"wp:attachment":[{"href":"https:\/\/bkm.com.tr\/en\/wp-json\/wp\/v2\/media?parent=3482"}],"curies":[{"name":"wp","href":"https:\/\/api.w.org\/{rel}","templated":true}]}}