{"id":3814,"date":"2017-02-13T15:33:05","date_gmt":"2017-02-13T12:33:05","guid":{"rendered":"https:\/\/bkm.com.tr\/?page_id=3814"},"modified":"2024-04-02T14:42:23","modified_gmt":"2024-04-02T11:42:23","slug":"bkm-uber-dogum-gunu","status":"publish","type":"page","link":"https:\/\/bkm.com.tr\/en\/tr-bkm-uber-dogum-gunu\/","title":{"rendered":"(TR) BKM Uber Do\u011fum G\u00fcn\u00fc"},"content":{"rendered":"","protected":false},"excerpt":{"rendered":"","protected":false},"author":27,"featured_media":0,"parent":0,"menu_order":0,"comment_status":"closed","ping_status":"open","template":"","meta":{"footnotes":""},"_links":{"self":[{"href":"https:\/\/bkm.com.tr\/en\/wp-json\/wp\/v2\/pages\/3814"}],"collection":[{"href":"https:\/\/bkm.com.tr\/en\/wp-json\/wp\/v2\/pages"}],"about":[{"href":"https:\/\/bkm.com.tr\/en\/wp-json\/wp\/v2\/types\/page"}],"author":[{"embeddable":true,"href":"https:\/\/bkm.com.tr\/en\/wp-json\/wp\/v2\/users\/27"}],"replies":[{"embeddable":true,"href":"https:\/\/bkm.com.tr\/en\/wp-json\/wp\/v2\/comments?post=3814"}],"version-history":[{"count":1,"href":"https:\/\/bkm.com.tr\/en\/wp-json\/wp\/v2\/pages\/3814\/revisions"}],"predecessor-version":[{"id":3815,"href":"https:\/\/bkm.com.tr\/en\/wp-json\/wp\/v2\/pages\/3814\/revisions\/3815"}],"wp:attachment":[{"href":"https:\/\/bkm.com.tr\/en\/wp-json\/wp\/v2\/media?parent=3814"}],"curies":[{"name":"wp","href":"https:\/\/api.w.org\/{rel}","templated":true}]}}