{"id":3897,"date":"2017-04-21T14:49:57","date_gmt":"2017-04-21T11:49:57","guid":{"rendered":"https:\/\/bkm.com.tr\/?page_id=3897"},"modified":"2024-04-02T14:44:07","modified_gmt":"2024-04-02T11:44:07","slug":"fintech-istanbul","status":"publish","type":"page","link":"https:\/\/bkm.com.tr\/en\/tr-fintech-istanbul\/","title":{"rendered":"FinTech Istanbul"},"content":{"rendered":"<p><\/p>\n<p><img loading=\"lazy\" decoding=\"async\" class=\" wp-image-3777 size-full alignright\" src=\"https:\/\/bkm.com.tr\/wp-content\/uploads\/2015\/06\/fintech_istanbul_kitap.jpg\" alt=\"FinTech Istanbul\" width=\"173\" height=\"173\" \/>Ekonomist dergisinin Ocak 2017 say\u0131s\u0131nda ek olarak verdi\u011fi bu yay\u0131n\u0131m\u0131zda, Dr. Soner Canko, Prof. Dr. Selim Yaz\u0131c\u0131, David Birch ve \u0130hsan Elgin\u2019in 2017 y\u0131l\u0131 FinTech d\u00fcnyas\u0131ndaki beklentilerini g\u00f6rebilirsiniz. Ayr\u0131ca Fintech ekosistemindeki i\u015flem de\u011ferinin y\u0131llara g\u00f6re art\u0131\u015f\u0131, global bankalar\u0131n fintech \u015firketlerine yapt\u0131\u011f\u0131 yat\u0131r\u0131m tablolar\u0131 gibi konulara da de\u011finiliyor.<\/p>\n<p>Bu kitab\u0131 indirmek i\u00e7in:<\/p>\n<ul>\n<li>BKM Express mobil uygulamas\u0131n\u0131 indirin,<\/li>\n<li><a href=\"https:\/\/bkmexpress.com.tr\/\" target=\"_blank\" rel=\"noopener\">BKM Express<\/a>\u2019e kay\u0131t olun ve kredi kart\u0131n\u0131z\u0131 ekleyin,<\/li>\n<li>Uygulama i\u00e7erisinde yer alan \u201cQR ile \u00d6de\u201d se\u00e7ene\u011finden a\u015fa\u011f\u0131da yer alan QR kodu okutarak\u00a0veya do\u011frudan QR koda t\u0131klayarak T\u00fcrk K\u0131z\u0131lay\u0131\u2019na diledi\u011finiz tutarda ba\u011f\u0131\u015f\u0131n\u0131z\u0131 ger\u00e7ekle\u015ftirin,<\/li>\n<li>Ba\u011f\u0131\u015f i\u015fleminiz tamamland\u0131ktan sonra kitap BKM Express\u2019e kay\u0131tl\u0131 e-posta adresinize otomatik olarak g\u00f6nderilecektir. Keyifli okumalar dileriz!<\/li>\n<\/ul>\n<p><a href=\"https:\/\/www.bkmexpress.com.tr\/BKMExpress\/pub\/deeplink.bkm?mid=5cba1c99-4301-4e61-919b-a5757d66db67&amp;qrid=KIZI2016-1768-4565-B052-KI123Kitap=5 \"><img loading=\"lazy\" decoding=\"async\" class=\"aligncenter size-full wp-image-4479\" src=\"https:\/\/bkm.com.tr\/wp-content\/uploads\/2017\/04\/Kitap-51.jpg\" alt=\"Kitap-5\" width=\"440\" height=\"332\" \/><\/a><\/p>\n<p>&nbsp;<\/p>\n<p>&nbsp;<\/p>\n<p><\/p>","protected":false},"excerpt":{"rendered":"<p>Ekonomist dergisinin Ocak 2017 say\u0131s\u0131nda ek olarak verdi\u011fi bu yay\u0131n\u0131m\u0131zda, Dr. Soner Canko, Prof. Dr. Selim Yaz\u0131c\u0131, David Birch ve \u0130hsan Elgin\u2019in 2017 y\u0131l\u0131 FinTech d\u00fcnyas\u0131ndaki beklentilerini g\u00f6rebilirsiniz. Ayr\u0131ca Fintech ekosistemindeki i\u015flem de\u011ferinin y\u0131llara g\u00f6re art\u0131\u015f\u0131, global bankalar\u0131n fintech \u015firketlerine yapt\u0131\u011f\u0131 yat\u0131r\u0131m tablolar\u0131 gibi konulara da de\u011finiliyor. Bu kitab\u0131 indirmek i\u00e7in: BKM Express mobil uygulamas\u0131n\u0131 [&hellip;]<\/p>\n","protected":false},"author":27,"featured_media":0,"parent":0,"menu_order":0,"comment_status":"closed","ping_status":"open","template":"templates\/page--sidebar-yok.php","meta":{"footnotes":""},"_links":{"self":[{"href":"https:\/\/bkm.com.tr\/en\/wp-json\/wp\/v2\/pages\/3897"}],"collection":[{"href":"https:\/\/bkm.com.tr\/en\/wp-json\/wp\/v2\/pages"}],"about":[{"href":"https:\/\/bkm.com.tr\/en\/wp-json\/wp\/v2\/types\/page"}],"author":[{"embeddable":true,"href":"https:\/\/bkm.com.tr\/en\/wp-json\/wp\/v2\/users\/27"}],"replies":[{"embeddable":true,"href":"https:\/\/bkm.com.tr\/en\/wp-json\/wp\/v2\/comments?post=3897"}],"version-history":[{"count":9,"href":"https:\/\/bkm.com.tr\/en\/wp-json\/wp\/v2\/pages\/3897\/revisions"}],"predecessor-version":[{"id":9009,"href":"https:\/\/bkm.com.tr\/en\/wp-json\/wp\/v2\/pages\/3897\/revisions\/9009"}],"wp:attachment":[{"href":"https:\/\/bkm.com.tr\/en\/wp-json\/wp\/v2\/media?parent=3897"}],"curies":[{"name":"wp","href":"https:\/\/api.w.org\/{rel}","templated":true}]}}