{"id":3899,"date":"2017-04-21T15:17:12","date_gmt":"2017-04-21T12:17:12","guid":{"rendered":"https:\/\/bkm.com.tr\/?page_id=3899"},"modified":"2024-04-02T14:44:38","modified_gmt":"2024-04-02T11:44:38","slug":"turkiye-fintech-ekosistemi","status":"publish","type":"page","link":"https:\/\/bkm.com.tr\/en\/tr-turkiye-fintech-ekosistemi\/","title":{"rendered":"T\u00fcrkiye FinTech Ekosistemi"},"content":{"rendered":"<p><\/p>\n<p><img loading=\"lazy\" decoding=\"async\" class=\" wp-image-3750 size-full alignright\" src=\"https:\/\/bkm.com.tr\/wp-content\/uploads\/2015\/06\/tr-fintech-ekosistemi.png\" alt=\"T\u00fcrkiye FinTech Ekosistemi\" width=\"173\" height=\"173\" \/><\/p>\n<p>Sizler i\u00e7in FinTech Istanbul ekibi i\u015fbirli\u011fiyle haz\u0131rlad\u0131\u011f\u0131m\u0131z T\u00fcrkiye FinTech Ekosistemi yay\u0131n\u0131m\u0131zda, T\u00fcrkiye&#8217;de 2016 \u00a0y\u0131l\u0131nda ger\u00e7ekle\u015ftirilen FinTech yat\u0131r\u0131mlar\u0131n\u0131 inceleyebilir, FinTech&#8217;lerin hacimleriyle ilgili fikir elde edebilirsiniz. Bununla birlikte yay\u0131nda, bankac\u0131l\u0131kta yeni ortaya \u00e7\u0131kan alanlar ve FinTech trendlerinden de bahsediliyor. \u00d6zellikle T\u00fcrkiye&#8217;deki FinTech&#8217;lerin ve merakl\u0131lar\u0131n mutlaka incelemesi gereken bir eser.<\/p>\n<p>Bu kitab\u0131 indirmek i\u00e7in:<\/p>\n<ul>\n<li>BKM Express mobil uygulamas\u0131n\u0131 indirin,<\/li>\n<li><a href=\"https:\/\/bkmexpress.com.tr\/\" target=\"_blank\" rel=\"noopener\">BKM Express<\/a>\u2019e kay\u0131t olun ve kredi kart\u0131n\u0131z\u0131 ekleyin,<\/li>\n<li>Uygulama i\u00e7erisinde yer alan \u201cQR ile \u00d6de\u201d se\u00e7ene\u011finden a\u015fa\u011f\u0131da yer alan QR kodu okutarak\u00a0veya do\u011frudan QR koda t\u0131klayarak Koruncuk&#8217;a diledi\u011finiz tutarda ba\u011f\u0131\u015f\u0131n\u0131z\u0131 ger\u00e7ekle\u015ftirin,<\/li>\n<li>Ba\u011f\u0131\u015f i\u015fleminiz tamamland\u0131ktan sonra kitap BKM Express\u2019e kay\u0131tl\u0131 e-posta adresinize otomatik olarak g\u00f6nderilecektir. Keyifli okumalar dileriz!<\/li>\n<\/ul>\n<p><a href=\"https:\/\/www.bkmexpress.com.tr\/BKMExpress\/pub\/deeplink.bkm?mid=baf3e63a-1d3f-466e-efc9-b1cd547cab89&amp;qrid=KORU2016-1768-4565-B052-KI123Kitap=6 \"><img loading=\"lazy\" decoding=\"async\" class=\"aligncenter size-full wp-image-4481\" src=\"https:\/\/bkm.com.tr\/wp-content\/uploads\/2017\/04\/Kitap-61.jpg\" alt=\"Kitap-6\" width=\"440\" height=\"332\" \/><\/a><\/p>\n<p>&nbsp;<\/p>\n<p>&nbsp;<\/p>\n<p><\/p>","protected":false},"excerpt":{"rendered":"<p>Sizler i\u00e7in FinTech Istanbul ekibi i\u015fbirli\u011fiyle haz\u0131rlad\u0131\u011f\u0131m\u0131z T\u00fcrkiye FinTech Ekosistemi yay\u0131n\u0131m\u0131zda, T\u00fcrkiye&#8217;de 2016 \u00a0y\u0131l\u0131nda ger\u00e7ekle\u015ftirilen FinTech yat\u0131r\u0131mlar\u0131n\u0131 inceleyebilir, FinTech&#8217;lerin hacimleriyle ilgili fikir elde edebilirsiniz. Bununla birlikte yay\u0131nda, bankac\u0131l\u0131kta yeni ortaya \u00e7\u0131kan alanlar ve FinTech trendlerinden de bahsediliyor. \u00d6zellikle T\u00fcrkiye&#8217;deki FinTech&#8217;lerin ve merakl\u0131lar\u0131n mutlaka incelemesi gereken bir eser. Bu kitab\u0131 indirmek i\u00e7in: BKM Express mobil uygulamas\u0131n\u0131 [&hellip;]<\/p>\n","protected":false},"author":27,"featured_media":0,"parent":0,"menu_order":0,"comment_status":"closed","ping_status":"open","template":"templates\/page--sidebar-yok.php","meta":{"footnotes":""},"_links":{"self":[{"href":"https:\/\/bkm.com.tr\/en\/wp-json\/wp\/v2\/pages\/3899"}],"collection":[{"href":"https:\/\/bkm.com.tr\/en\/wp-json\/wp\/v2\/pages"}],"about":[{"href":"https:\/\/bkm.com.tr\/en\/wp-json\/wp\/v2\/types\/page"}],"author":[{"embeddable":true,"href":"https:\/\/bkm.com.tr\/en\/wp-json\/wp\/v2\/users\/27"}],"replies":[{"embeddable":true,"href":"https:\/\/bkm.com.tr\/en\/wp-json\/wp\/v2\/comments?post=3899"}],"version-history":[{"count":15,"href":"https:\/\/bkm.com.tr\/en\/wp-json\/wp\/v2\/pages\/3899\/revisions"}],"predecessor-version":[{"id":9010,"href":"https:\/\/bkm.com.tr\/en\/wp-json\/wp\/v2\/pages\/3899\/revisions\/9010"}],"wp:attachment":[{"href":"https:\/\/bkm.com.tr\/en\/wp-json\/wp\/v2\/media?parent=3899"}],"curies":[{"name":"wp","href":"https:\/\/api.w.org\/{rel}","templated":true}]}}