{"id":3913,"date":"2017-04-21T16:03:21","date_gmt":"2017-04-21T13:03:21","guid":{"rendered":"https:\/\/bkm.com.tr\/?page_id=3913"},"modified":"2024-04-02T14:45:38","modified_gmt":"2024-04-02T11:45:38","slug":"alisveriste-dogru-karar-rehberi-2","status":"publish","type":"page","link":"https:\/\/bkm.com.tr\/en\/tr-alisveriste-dogru-karar-rehberi\/","title":{"rendered":"Al\u0131\u015fveri\u015fte Do\u011fru Karar Rehberi"},"content":{"rendered":"<p><\/p>\n<p><img loading=\"lazy\" decoding=\"async\" class=\" size-full wp-image-3727 alignright\" src=\"https:\/\/bkm.com.tr\/wp-content\/uploads\/2015\/06\/alisveriste-dogur-karar.png\" alt=\"\" width=\"173\" height=\"173\" \/><\/p>\n<p>Prof. Dr. Acar Balta\u015f ve \u0130dil Sevi taraf\u0131ndan kaleme al\u0131nan \u2018\u2019Al\u0131\u015fveri\u015fte Do\u011fru Karar Rehberi\u2019\u2019 psikolojinin insan ihtiya\u00e7lar\u0131 ve kararlar\u0131ndaki etkisini ak\u0131c\u0131 bir dille ele al\u0131yor. Okurken zevk alaca\u011f\u0131m\u0131z ve kararlar\u0131n\u0131zda size destek olacak bir rehber olaca\u011f\u0131na inan\u0131yoruz.<\/p>\n<p>Bu kitab\u0131 indirmek i\u00e7in:<\/p>\n<ul>\n<li>BKM Express mobil uygulamas\u0131n\u0131 indirin,<\/li>\n<li><a href=\"https:\/\/bkmexpress.com.tr\/\" target=\"_blank\" rel=\"noopener\">BKM Express<\/a>\u2019e kay\u0131t olun ve kredi kart\u0131n\u0131z\u0131 ekleyin,<\/li>\n<li>Uygulama i\u00e7erisinde yer alan \u201cQR ile \u00d6de\u201d se\u00e7ene\u011finden a\u015fa\u011f\u0131da yer alan QR kodu okutarak\u00a0veya do\u011frudan QR koda t\u0131klayarak Toplum G\u00f6n\u00fcll\u00fcleri Vakf\u0131&#8217;na diledi\u011finiz tutarda\u00a0ba\u011f\u0131\u015f\u0131n\u0131z\u0131 ger\u00e7ekle\u015ftirin,<\/li>\n<li>Ba\u011f\u0131\u015f i\u015fleminiz tamamland\u0131ktan sonra kitap BKM Express\u2019e kay\u0131tl\u0131 e-posta adresinize otomatik olarak g\u00f6nderilecektir. Keyifli okumalar dileriz!<\/li>\n<\/ul>\n<p><a href=\"https:\/\/www.bkmexpress.com.tr\/BKMExpress\/pub\/deeplink.bkm?mid=10296504-954c-446a-bcbf-640374af60ee&amp;qrid=TOGG2016-1768-4565-B052-KI123Kitap=7 \"><img loading=\"lazy\" decoding=\"async\" class=\"aligncenter size-full wp-image-4483\" src=\"https:\/\/bkm.com.tr\/wp-content\/uploads\/2017\/04\/Kitap-71.jpg\" alt=\"Kitap-7\" width=\"440\" height=\"332\" \/><\/a><\/p>\n<p>&nbsp;<\/p>\n<p>&nbsp;<\/p>\n<p>&nbsp;<\/p>\n<p>&nbsp;<\/p>\n<p>&nbsp;<\/p>\n<p><\/p>","protected":false},"excerpt":{"rendered":"<p>Prof. Dr. Acar Balta\u015f ve \u0130dil Sevi taraf\u0131ndan kaleme al\u0131nan \u2018\u2019Al\u0131\u015fveri\u015fte Do\u011fru Karar Rehberi\u2019\u2019 psikolojinin insan ihtiya\u00e7lar\u0131 ve kararlar\u0131ndaki etkisini ak\u0131c\u0131 bir dille ele al\u0131yor. Okurken zevk alaca\u011f\u0131m\u0131z ve kararlar\u0131n\u0131zda size destek olacak bir rehber olaca\u011f\u0131na inan\u0131yoruz. Bu kitab\u0131 indirmek i\u00e7in: BKM Express mobil uygulamas\u0131n\u0131 indirin, BKM Express\u2019e kay\u0131t olun ve kredi kart\u0131n\u0131z\u0131 ekleyin, Uygulama [&hellip;]<\/p>\n","protected":false},"author":27,"featured_media":0,"parent":0,"menu_order":0,"comment_status":"closed","ping_status":"open","template":"templates\/page--sidebar-yok.php","meta":{"footnotes":""},"_links":{"self":[{"href":"https:\/\/bkm.com.tr\/en\/wp-json\/wp\/v2\/pages\/3913"}],"collection":[{"href":"https:\/\/bkm.com.tr\/en\/wp-json\/wp\/v2\/pages"}],"about":[{"href":"https:\/\/bkm.com.tr\/en\/wp-json\/wp\/v2\/types\/page"}],"author":[{"embeddable":true,"href":"https:\/\/bkm.com.tr\/en\/wp-json\/wp\/v2\/users\/27"}],"replies":[{"embeddable":true,"href":"https:\/\/bkm.com.tr\/en\/wp-json\/wp\/v2\/comments?post=3913"}],"version-history":[{"count":13,"href":"https:\/\/bkm.com.tr\/en\/wp-json\/wp\/v2\/pages\/3913\/revisions"}],"predecessor-version":[{"id":9011,"href":"https:\/\/bkm.com.tr\/en\/wp-json\/wp\/v2\/pages\/3913\/revisions\/9011"}],"wp:attachment":[{"href":"https:\/\/bkm.com.tr\/en\/wp-json\/wp\/v2\/media?parent=3913"}],"curies":[{"name":"wp","href":"https:\/\/api.w.org\/{rel}","templated":true}]}}