{"id":3920,"date":"2017-04-21T16:36:19","date_gmt":"2017-04-21T13:36:19","guid":{"rendered":"https:\/\/bkm.com.tr\/?page_id=3920"},"modified":"2024-04-02T14:46:17","modified_gmt":"2024-04-02T11:46:17","slug":"banking-and-fintech-2","status":"publish","type":"page","link":"https:\/\/bkm.com.tr\/en\/tr-banking-and-fintech\/","title":{"rendered":"Banking and FinTech"},"content":{"rendered":"<p><\/p>\n<p><img loading=\"lazy\" decoding=\"async\" class=\" size-full wp-image-3353 alignright\" src=\"https:\/\/bkm.com.tr\/wp-content\/uploads\/2015\/06\/book_web_formati.png\" alt=\"\" width=\"173\" height=\"173\" \/><\/p>\n<p>Bankac\u0131l\u0131k ve finans teknolojileri konusunda yenilik\u00e7i \u00e7\u00f6z\u00fcmler getiren fintechler hakk\u0131nda mutlaka okunmas\u0131 gereken ve Melike Belli taraf\u0131ndan \u0130ngilizce olarak kaleme al\u0131nm\u0131\u015f bir eser.<\/p>\n<p>Bu kitab\u0131 indirmek i\u00e7in:<\/p>\n<ul>\n<li>BKM Express mobil uygulamas\u0131n\u0131 indirin,<\/li>\n<li><a href=\"https:\/\/bkmexpress.com.tr\/\" target=\"_blank\" rel=\"noopener\">BKM Express<\/a>\u2019e kay\u0131t olun ve kredi kart\u0131n\u0131z\u0131 ekleyin,<\/li>\n<li>Uygulama i\u00e7erisinde yer alan \u201cQR ile \u00d6de\u201d se\u00e7ene\u011finden a\u015fa\u011f\u0131da yer alan QR kodu okutarak\u00a0veya do\u011frudan QR koda t\u0131klayarak \u00c7EK\u00dcL&#8217;e diledi\u011finiz tutarda\u00a0ba\u011f\u0131\u015f\u0131n\u0131z\u0131 ger\u00e7ekle\u015ftirin,<\/li>\n<li>Ba\u011f\u0131\u015f i\u015fleminiz tamamland\u0131ktan sonra kitap BKM Express\u2019e kay\u0131tl\u0131 e-posta adresinize otomatik olarak g\u00f6nderilecektir. Keyifli okumalar dileriz!<\/li>\n<\/ul>\n<p><a href=\"https:\/\/www.bkmexpress.com.tr\/BKMExpress\/pub\/deeplink.bkm?mid=8c8535a2-f1fd-4837-c1cd-6332cad42578&amp;qrid=CEKL2016-1768-4565-B052-KI12Kitap=10\"><img loading=\"lazy\" decoding=\"async\" class=\"aligncenter wp-image-4493 size-full\" src=\"https:\/\/bkm.com.tr\/wp-content\/uploads\/2017\/04\/Kitap-101.jpg\" alt=\"Kitap-10\" width=\"440\" height=\"332\" \/><\/a><\/p>\n<p>&nbsp;<\/p>\n<p><\/p>","protected":false},"excerpt":{"rendered":"<p>Bankac\u0131l\u0131k ve finans teknolojileri konusunda yenilik\u00e7i \u00e7\u00f6z\u00fcmler getiren fintechler hakk\u0131nda mutlaka okunmas\u0131 gereken ve Melike Belli taraf\u0131ndan \u0130ngilizce olarak kaleme al\u0131nm\u0131\u015f bir eser. Bu kitab\u0131 indirmek i\u00e7in: BKM Express mobil uygulamas\u0131n\u0131 indirin, BKM Express\u2019e kay\u0131t olun ve kredi kart\u0131n\u0131z\u0131 ekleyin, Uygulama i\u00e7erisinde yer alan \u201cQR ile \u00d6de\u201d se\u00e7ene\u011finden a\u015fa\u011f\u0131da yer alan QR kodu okutarak\u00a0veya do\u011frudan [&hellip;]<\/p>\n","protected":false},"author":27,"featured_media":0,"parent":0,"menu_order":0,"comment_status":"closed","ping_status":"open","template":"templates\/page--sidebar-yok.php","meta":{"footnotes":""},"_links":{"self":[{"href":"https:\/\/bkm.com.tr\/en\/wp-json\/wp\/v2\/pages\/3920"}],"collection":[{"href":"https:\/\/bkm.com.tr\/en\/wp-json\/wp\/v2\/pages"}],"about":[{"href":"https:\/\/bkm.com.tr\/en\/wp-json\/wp\/v2\/types\/page"}],"author":[{"embeddable":true,"href":"https:\/\/bkm.com.tr\/en\/wp-json\/wp\/v2\/users\/27"}],"replies":[{"embeddable":true,"href":"https:\/\/bkm.com.tr\/en\/wp-json\/wp\/v2\/comments?post=3920"}],"version-history":[{"count":9,"href":"https:\/\/bkm.com.tr\/en\/wp-json\/wp\/v2\/pages\/3920\/revisions"}],"predecessor-version":[{"id":9012,"href":"https:\/\/bkm.com.tr\/en\/wp-json\/wp\/v2\/pages\/3920\/revisions\/9012"}],"wp:attachment":[{"href":"https:\/\/bkm.com.tr\/en\/wp-json\/wp\/v2\/media?parent=3920"}],"curies":[{"name":"wp","href":"https:\/\/api.w.org\/{rel}","templated":true}]}}