{"id":3923,"date":"2017-04-21T16:37:45","date_gmt":"2017-04-21T13:37:45","guid":{"rendered":"https:\/\/bkm.com.tr\/?page_id=3923"},"modified":"2024-04-02T14:49:42","modified_gmt":"2024-04-02T11:49:42","slug":"anilarla-ve-fotograflarla-turkiyenin-kartli-odeme-sistemleri-tarihi","status":"publish","type":"page","link":"https:\/\/bkm.com.tr\/en\/tr-anilarla-ve-fotograflarla-turkiyenin-kartli-odeme-sistemleri-tarihi\/","title":{"rendered":"An\u0131larla ve Foto\u011fraflarla T\u00fcrkiye\u2019nin Kartl\u0131 \u00d6deme Sistemleri Tarihi"},"content":{"rendered":"<p><\/p>\n<p><img loading=\"lazy\" decoding=\"async\" class=\" size-full wp-image-3110 alignright\" src=\"https:\/\/bkm.com.tr\/wp-content\/uploads\/2015\/06\/25yil_bkm.png\" alt=\"\" width=\"173\" height=\"173\" \/><\/p>\n<p>Bankalararas\u0131 Kart Merkezi (BKM) olarak 25. y\u0131l\u0131m\u0131z vesilesiyle haz\u0131rlad\u0131\u011f\u0131m\u0131z, \u201cAn\u0131 ve Foto\u011fraflarla T\u00fcrkiye\u2019nin Kartl\u0131 \u00d6deme Sistemleri Tarihi\u201d adl\u0131 \u00e7al\u0131\u015fmam\u0131z \u00fclkemizin \u00f6deme sistemleri sekt\u00f6r\u00fcndeki yolculu\u011funu g\u00f6zler \u00f6n\u00fcne seriyor. \u00c7al\u0131\u015fma d\u00fcnyada kartl\u0131 \u00f6deme sistemlerinin geli\u015fiminden ba\u015flayarak T\u00fcrkiye\u2019nin; 1960, 1970 ve 1980\u2019li y\u0131llar\u0131n\u0131 ele al\u0131yor ve ard\u0131ndan 1990\u2019dan g\u00fcn\u00fcm\u00fcze, \u00f6deme sistemleri sekt\u00f6r\u00fcnde ya\u015fanan h\u0131zl\u0131 geli\u015fmelere \u0131\u015f\u0131k tutuyor.<\/p>\n<p>Bu kitab\u0131 indirmek i\u00e7in:<\/p>\n<ul>\n<li>BKM Express mobil uygulamas\u0131n\u0131 indirin,<\/li>\n<li><a href=\"https:\/\/bkmexpress.com.tr\/\" target=\"_blank\" rel=\"noopener\">BKM Express<\/a>\u2019e kay\u0131t olun ve kredi kart\u0131n\u0131z\u0131 ekleyin,<\/li>\n<li>Uygulama i\u00e7erisinde yer alan \u201cQR ile \u00d6de\u201d se\u00e7ene\u011finden a\u015fa\u011f\u0131da yer alan QR kodu okutarak\u00a0veya do\u011frudan QR koda t\u0131klayarak TKD&#8217;ye diledi\u011finiz tutarda ba\u011f\u0131\u015f\u0131n\u0131z\u0131 ger\u00e7ekle\u015ftirin,<\/li>\n<li>Ba\u011f\u0131\u015f i\u015fleminiz tamamland\u0131ktan sonra kitap BKM Express\u2019e kay\u0131tl\u0131 e-posta adresinize otomatik olarak g\u00f6nderilecektir. Keyifli okumalar dileriz!<\/li>\n<\/ul>\n<p><a href=\"https:\/\/www.bkmexpress.com.tr\/BKMExpress\/pub\/deeplink.bkm?mid=7e50b1a0-5ecf-4b93-cadc-059a2c8d16b3&amp;qrid=TKDD2016-1768-4565-B052-KI12Kitap=11\"><img loading=\"lazy\" decoding=\"async\" class=\"aligncenter size-full wp-image-4495\" src=\"https:\/\/bkm.com.tr\/wp-content\/uploads\/2017\/04\/Kitap-111.jpg\" alt=\"Kitap-11\" width=\"440\" height=\"332\" \/><\/a><\/p>\n<p>&nbsp;<\/p>\n<p><\/p>","protected":false},"excerpt":{"rendered":"<p>Bankalararas\u0131 Kart Merkezi (BKM) olarak 25. y\u0131l\u0131m\u0131z vesilesiyle haz\u0131rlad\u0131\u011f\u0131m\u0131z, \u201cAn\u0131 ve Foto\u011fraflarla T\u00fcrkiye\u2019nin Kartl\u0131 \u00d6deme Sistemleri Tarihi\u201d adl\u0131 \u00e7al\u0131\u015fmam\u0131z \u00fclkemizin \u00f6deme sistemleri sekt\u00f6r\u00fcndeki yolculu\u011funu g\u00f6zler \u00f6n\u00fcne seriyor. \u00c7al\u0131\u015fma d\u00fcnyada kartl\u0131 \u00f6deme sistemlerinin geli\u015fiminden ba\u015flayarak T\u00fcrkiye\u2019nin; 1960, 1970 ve 1980\u2019li y\u0131llar\u0131n\u0131 ele al\u0131yor ve ard\u0131ndan 1990\u2019dan g\u00fcn\u00fcm\u00fcze, \u00f6deme sistemleri sekt\u00f6r\u00fcnde ya\u015fanan h\u0131zl\u0131 geli\u015fmelere \u0131\u015f\u0131k tutuyor. Bu [&hellip;]<\/p>\n","protected":false},"author":27,"featured_media":0,"parent":0,"menu_order":0,"comment_status":"closed","ping_status":"open","template":"templates\/page--sidebar-yok.php","meta":{"footnotes":""},"_links":{"self":[{"href":"https:\/\/bkm.com.tr\/en\/wp-json\/wp\/v2\/pages\/3923"}],"collection":[{"href":"https:\/\/bkm.com.tr\/en\/wp-json\/wp\/v2\/pages"}],"about":[{"href":"https:\/\/bkm.com.tr\/en\/wp-json\/wp\/v2\/types\/page"}],"author":[{"embeddable":true,"href":"https:\/\/bkm.com.tr\/en\/wp-json\/wp\/v2\/users\/27"}],"replies":[{"embeddable":true,"href":"https:\/\/bkm.com.tr\/en\/wp-json\/wp\/v2\/comments?post=3923"}],"version-history":[{"count":9,"href":"https:\/\/bkm.com.tr\/en\/wp-json\/wp\/v2\/pages\/3923\/revisions"}],"predecessor-version":[{"id":9013,"href":"https:\/\/bkm.com.tr\/en\/wp-json\/wp\/v2\/pages\/3923\/revisions\/9013"}],"wp:attachment":[{"href":"https:\/\/bkm.com.tr\/en\/wp-json\/wp\/v2\/media?parent=3923"}],"curies":[{"name":"wp","href":"https:\/\/api.w.org\/{rel}","templated":true}]}}