{"id":3926,"date":"2017-04-21T16:43:51","date_gmt":"2017-04-21T13:43:51","guid":{"rendered":"https:\/\/bkm.com.tr\/?page_id=3926"},"modified":"2024-04-02T15:19:39","modified_gmt":"2024-04-02T12:19:39","slug":"capital-mobil-ticaret-ozel-sayisi","status":"publish","type":"page","link":"https:\/\/bkm.com.tr\/en\/tr-capital-mobil-ticaret-ozel-sayisi\/","title":{"rendered":"Capital Mobil Ticaret \u00d6zel Say\u0131s\u0131"},"content":{"rendered":"<p><\/p>\n<p><img loading=\"lazy\" decoding=\"async\" class=\" size-full wp-image-3089 alignright\" src=\"https:\/\/bkm.com.tr\/wp-content\/uploads\/2015\/06\/Capital-Mobil-Ticaret.png\" alt=\"\" width=\"173\" height=\"173\" \/><\/p>\n<p>Bu kitab\u0131 indirmek i\u00e7in:<\/p>\n<ul>\n<li>BKM Express mobil uygulamas\u0131n\u0131 indirin,<\/li>\n<li><a href=\"https:\/\/bkmexpress.com.tr\/\" target=\"_blank\" rel=\"noopener\">BKM Express<\/a>\u2019e kay\u0131t olun ve kredi kart\u0131n\u0131z\u0131 ekleyin,<\/li>\n<li>Uygulama i\u00e7erisinde yer alan \u201cQR ile \u00d6de\u201d se\u00e7ene\u011finden a\u015fa\u011f\u0131da yer alan QR kodu okutarak\u00a0veya do\u011frudan QR koda t\u0131klayarak Dar\u00fc\u015f\u015fafaka Vakf\u0131&#8217;na diledi\u011finiz tutarda ba\u011f\u0131\u015f\u0131n\u0131z\u0131 ger\u00e7ekle\u015ftirin,<\/li>\n<li>Ba\u011f\u0131\u015f i\u015fleminiz tamamland\u0131ktan sonra kitap BKM Express\u2019e kay\u0131tl\u0131 e-posta adresinize otomatik olarak g\u00f6nderilecektir. Keyifli okumalar dileriz!<\/li>\n<\/ul>\n<p>&nbsp;<\/p>\n<p><a href=\"https:\/\/www.bkmexpress.com.tr\/BKMExpress\/pub\/deeplink.bkm?mid=0d6f6493-63a2-4866-ad86-4c7ee9f00a1d&#038;qrid=DACK2016-1768-4565-B052-KI12Kitap=12\"><img loading=\"lazy\" decoding=\"async\" class=\"aligncenter size-full wp-image-4497\" src=\"https:\/\/bkm.com.tr\/wp-content\/uploads\/2017\/04\/Kitap-121.jpg\" alt=\"Kitap-12\" width=\"440\" height=\"332\" \/><\/a><\/p>\n<p>&nbsp;<\/p>\n<p>&nbsp;<\/p>\n<p><\/p>","protected":false},"excerpt":{"rendered":"<p>Bu kitab\u0131 indirmek i\u00e7in: BKM Express mobil uygulamas\u0131n\u0131 indirin, BKM Express\u2019e kay\u0131t olun ve kredi kart\u0131n\u0131z\u0131 ekleyin, Uygulama i\u00e7erisinde yer alan \u201cQR ile \u00d6de\u201d se\u00e7ene\u011finden a\u015fa\u011f\u0131da yer alan QR kodu okutarak\u00a0veya do\u011frudan QR koda t\u0131klayarak Dar\u00fc\u015f\u015fafaka Vakf\u0131&#8217;na diledi\u011finiz tutarda ba\u011f\u0131\u015f\u0131n\u0131z\u0131 ger\u00e7ekle\u015ftirin, Ba\u011f\u0131\u015f i\u015fleminiz tamamland\u0131ktan sonra kitap BKM Express\u2019e kay\u0131tl\u0131 e-posta adresinize otomatik olarak g\u00f6nderilecektir. Keyifli [&hellip;]<\/p>\n","protected":false},"author":27,"featured_media":0,"parent":0,"menu_order":0,"comment_status":"closed","ping_status":"open","template":"templates\/page--sidebar-yok.php","meta":{"footnotes":""},"_links":{"self":[{"href":"https:\/\/bkm.com.tr\/en\/wp-json\/wp\/v2\/pages\/3926"}],"collection":[{"href":"https:\/\/bkm.com.tr\/en\/wp-json\/wp\/v2\/pages"}],"about":[{"href":"https:\/\/bkm.com.tr\/en\/wp-json\/wp\/v2\/types\/page"}],"author":[{"embeddable":true,"href":"https:\/\/bkm.com.tr\/en\/wp-json\/wp\/v2\/users\/27"}],"replies":[{"embeddable":true,"href":"https:\/\/bkm.com.tr\/en\/wp-json\/wp\/v2\/comments?post=3926"}],"version-history":[{"count":10,"href":"https:\/\/bkm.com.tr\/en\/wp-json\/wp\/v2\/pages\/3926\/revisions"}],"predecessor-version":[{"id":9031,"href":"https:\/\/bkm.com.tr\/en\/wp-json\/wp\/v2\/pages\/3926\/revisions\/9031"}],"wp:attachment":[{"href":"https:\/\/bkm.com.tr\/en\/wp-json\/wp\/v2\/media?parent=3926"}],"curies":[{"name":"wp","href":"https:\/\/api.w.org\/{rel}","templated":true}]}}