{"id":40,"date":"2015-06-24T11:17:06","date_gmt":"2015-06-24T08:17:06","guid":{"rendered":"https:\/\/bkm.com.tr\/?page_id=40"},"modified":"2024-04-30T18:16:25","modified_gmt":"2024-04-30T15:16:25","slug":"bkm-express","status":"publish","type":"page","link":"https:\/\/bkm.com.tr\/en\/products-and-services\/bkm-express\/","title":{"rendered":"BKM Express"},"content":{"rendered":"<p><\/p>\n<p><strong>What is BKM Express?<\/strong><\/p>\n<p>BKM Express is a\u00a0digital wallet\u00a0that makes online shopping fast, easy and joyful, developed by BKM, banks and leading companies of e-commerce area. Card owners can shop without sharing any card information online by saving their cards on BKM Express. The places of business that accept card on e-commerce websites can approach more customers as a Member Place of Business of BKM Express.<\/p>\n<p><strong>What does BKM Express offer you?<\/strong><\/p>\n<div class=\"clearfix\">\n<div class=\"cnt-box\">\n<ul>\n<li>You shop easily without typing your card information.<\/li>\n<li>You make your transactions fast without having to carry your card with you.<\/li>\n<li>You complete your shopping safely with the password you create.<\/li>\n<li>You can do installments and continue to win prizes and points.<\/li>\n<\/ul>\n<\/div>\n<\/div>\n<p>&nbsp;<\/p>\n<p><strong>How to sign up?<\/strong><\/p>\n<div class=\"clearfix\">\n<div class=\"cnt-box\">\n<ul>\n<li>Open &#8220;BKM Express&#8221; account with your e-mail address and a password that you will create.<\/li>\n<li>Define your card information on the step of Card Information.<\/li>\n<li>Finish the process of adding your card with the confirmation code that will be sent to your mobile phone number that is registered at your bank.<\/li>\n<\/ul>\n<\/div>\n<\/div>\n<div id=\"Alisveris\">\n<p>&nbsp;<\/p>\n<p><strong>How do you shop?<\/strong><\/p>\n<div class=\"clearfix\">\n<div class=\"cnt-box\">\n<ul>\n<li>Be a member of BKM Express.<\/li>\n<li>Choose &#8220;Pay with BKM Express&#8221; section on the payment page of the place of business.<\/li>\n<li>Enter with your user name and password on the BKM Express page that comes up.<\/li>\n<li>After choosing your card and payment method, approve the process with the confirmation code sent to your mobile phone that is registered at your bank.<\/li>\n<\/ul>\n<\/div>\n<\/div>\n<\/div>\n<div id=\"ParaGonderme\">\n<p>&nbsp;<\/p>\n<p><strong>How can you send money?<\/strong><\/p>\n<div class=\"clearfix\">\n<div class=\"cnt-box\">\n<ul>\n<li>You can send money via BKM Express iPhone and Android apps. Enter thecard number that you want to send money by using &#8220;Send Money&#8221; option on the app.<\/li>\n<li>You can send money to the card that and provide the receiver to withdraw money at an ATM.<\/li>\n<li>Later you can finish your payment transaction by identifying the card that you&#8217;ll send the money, payment method and the amount.<\/li>\n<\/ul>\n<\/div>\n<\/div>\n<p>&nbsp;<\/p>\n<p>Click for more information\u00a0<a href=\"http:\/\/www.bkmexpress.com.tr\/\" target=\"_blank\" rel=\"noopener\">www.bkmexpress.com.tr<\/a><\/p>\n<\/div>\n<p><a href=\"https:\/\/www.bkmexpress.com.tr\/BKMExpress\/pub\/registration\/registration.bkm\" target=\"_blank\" rel=\"noopener\"><img loading=\"lazy\" decoding=\"async\" class=\"alignnone\" src=\"https:\/\/bkm.com.tr\/wp-content\/uploads\/2015\/07\/signup.png\" alt=\"\" width=\"162\" height=\"44\" \/><\/a><\/p>\n<div class=\"clearfix\"><a class=\"mr20 fl appbuton\" href=\"https:\/\/itunes.apple.com\/us\/app\/bkm-express\/id657408050?ls=1&amp;mt=8\" target=\"_blank\" rel=\"noopener\"><img loading=\"lazy\" decoding=\"async\" class=\"\" src=\"https:\/\/bkm.com.tr\/wp-content\/uploads\/2015\/07\/appstore.jpg\" alt=\"\" width=\"91\" height=\"31\" \/> <\/a><a class=\"fl appbuton\" href=\"https:\/\/play.google.com\/store\/apps\/details?id=com.bkm.mobil\" target=\"_blank\" rel=\"noopener\"><img loading=\"lazy\" decoding=\"async\" class=\"\" src=\"https:\/\/bkm.com.tr\/wp-content\/uploads\/2015\/07\/googleplay.jpg\" alt=\"\" width=\"95\" height=\"31\" \/><\/a><\/div>\n<p>&nbsp;<\/p>\n<p>&nbsp;<\/p>\n<p>&nbsp;<\/p>\n<p><\/p>","protected":false},"excerpt":{"rendered":"<p>Hayat\u0131n\u0131z\u0131 kolayla\u015ft\u0131racak \u00fcr\u00fcn ve hizmetler i\u00e7in t\u0131klay\u0131n.<\/p>\n","protected":false},"author":1,"featured_media":0,"parent":1650,"menu_order":2,"comment_status":"closed","ping_status":"closed","template":"","meta":{"footnotes":""},"_links":{"self":[{"href":"https:\/\/bkm.com.tr\/en\/wp-json\/wp\/v2\/pages\/40"}],"collection":[{"href":"https:\/\/bkm.com.tr\/en\/wp-json\/wp\/v2\/pages"}],"about":[{"href":"https:\/\/bkm.com.tr\/en\/wp-json\/wp\/v2\/types\/page"}],"author":[{"embeddable":true,"href":"https:\/\/bkm.com.tr\/en\/wp-json\/wp\/v2\/users\/1"}],"replies":[{"embeddable":true,"href":"https:\/\/bkm.com.tr\/en\/wp-json\/wp\/v2\/comments?post=40"}],"version-history":[{"count":32,"href":"https:\/\/bkm.com.tr\/en\/wp-json\/wp\/v2\/pages\/40\/revisions"}],"predecessor-version":[{"id":9090,"href":"https:\/\/bkm.com.tr\/en\/wp-json\/wp\/v2\/pages\/40\/revisions\/9090"}],"up":[{"embeddable":true,"href":"https:\/\/bkm.com.tr\/en\/wp-json\/wp\/v2\/pages\/1650"}],"wp:attachment":[{"href":"https:\/\/bkm.com.tr\/en\/wp-json\/wp\/v2\/media?parent=40"}],"curies":[{"name":"wp","href":"https:\/\/api.w.org\/{rel}","templated":true}]}}