{"id":4013,"date":"2017-04-25T10:53:58","date_gmt":"2017-04-25T07:53:58","guid":{"rendered":"https:\/\/bkm.com.tr\/?page_id=4013"},"modified":"2024-04-02T14:53:55","modified_gmt":"2024-04-02T11:53:55","slug":"dijital-girisimci-icin-urun-rehberi","status":"publish","type":"page","link":"https:\/\/bkm.com.tr\/en\/dijital-girisimci-icin-urun-yonetimi\/","title":{"rendered":"Dijital Giri\u015fimci i\u00e7in \u00dcr\u00fcn Y\u00f6netimi"},"content":{"rendered":"<p><\/p>\n<p><img loading=\"lazy\" decoding=\"async\" class=\"alignright size-full wp-image-4034\" src=\"https:\/\/bkm.com.tr\/wp-content\/uploads\/2017\/04\/dijital-girisimci-urun-rehberi.png\" alt=\"dijital-girisimci-urun-rehberi\" width=\"173\" height=\"173\" \/>Dijital \u00fcr\u00fcn y\u00f6netimi kitab\u0131, bili\u015fim d\u00fcnyas\u0131nda bir \u00fcr\u00fcn \u00e7\u0131karmak isteyen veya \u00e7\u0131karm\u0131\u015f fakat yolun ba\u015f\u0131nda olan t\u00fcm giri\u015fimciler ve \u00fcr\u00fcn y\u00f6neticisi adaylar\u0131 i\u00e7in \u00fcr\u00fcnle ilgili NE ve NEDEN sorular\u0131n\u0131 cevaplamaya yard\u0131m eden, stratejik y\u00f6nleriyle anlatan bir ba\u015flang\u0131\u00e7 kitab\u0131d\u0131r.<\/p>\n<p>Bu kitab\u0131 indirmek i\u00e7in:<\/p>\n<ul>\n<li>BKM Express mobil uygulamas\u0131n\u0131 indirin,<\/li>\n<li><a href=\"https:\/\/bkmexpress.com.tr\/\" target=\"_blank\" rel=\"noopener\">BKM Express<\/a>\u2019e kay\u0131t olun ve kredi kart\u0131n\u0131z\u0131 ekleyin,<\/li>\n<li>Uygulama i\u00e7erisinde yer alan \u201cQR ile \u00d6de\u201d se\u00e7ene\u011finden a\u015fa\u011f\u0131da yer alan QR kodu okutarak\u00a0veya do\u011frudan QR koda t\u0131klayarak T\u00fcrkiye E\u011fitim G\u00f6n\u00fcll\u00fcleri Vakf\u0131\u2019na diledi\u011finiz tutarda ba\u011f\u0131\u015f\u0131n\u0131z\u0131 ger\u00e7ekle\u015ftirin,<\/li>\n<li>Ba\u011f\u0131\u015f i\u015fleminiz tamamland\u0131ktan sonra kitap BKM Express\u2019e kay\u0131tl\u0131 e-posta adresinize otomatik olarak g\u00f6nderilecektir. Keyifli okumalar dileriz!<\/li>\n<\/ul>\n<p><a href=\"https:\/\/www.bkmexpress.com.tr\/BKMExpress\/pub\/deeplink.bkm?mid=42a70c39-256f-419c-f150-ee5b157c8e9d&amp;qrid=TEGV2016-1768-4565-B052-KI12Kitap=28\"><img loading=\"lazy\" decoding=\"async\" class=\"aligncenter wp-image-4523 size-full\" src=\"https:\/\/bkm.com.tr\/wp-content\/uploads\/2017\/04\/Kitap-281.jpg\" alt=\"Kitap-28\" width=\"440\" height=\"332\" \/><\/a><\/p>\n<p>&nbsp;<\/p>\n<p><\/p>","protected":false},"excerpt":{"rendered":"<p>Dijital \u00fcr\u00fcn y\u00f6netimi kitab\u0131, bili\u015fim d\u00fcnyas\u0131nda bir \u00fcr\u00fcn \u00e7\u0131karmak isteyen veya \u00e7\u0131karm\u0131\u015f fakat yolun ba\u015f\u0131nda olan t\u00fcm giri\u015fimciler ve \u00fcr\u00fcn y\u00f6neticisi adaylar\u0131 i\u00e7in \u00fcr\u00fcnle ilgili NE ve NEDEN sorular\u0131n\u0131 cevaplamaya yard\u0131m eden, stratejik y\u00f6nleriyle anlatan bir ba\u015flang\u0131\u00e7 kitab\u0131d\u0131r. Bu kitab\u0131 indirmek i\u00e7in: BKM Express mobil uygulamas\u0131n\u0131 indirin, BKM Express\u2019e kay\u0131t olun ve kredi kart\u0131n\u0131z\u0131 ekleyin, [&hellip;]<\/p>\n","protected":false},"author":27,"featured_media":0,"parent":0,"menu_order":0,"comment_status":"closed","ping_status":"open","template":"templates\/page--sidebar-yok.php","meta":{"footnotes":""},"_links":{"self":[{"href":"https:\/\/bkm.com.tr\/en\/wp-json\/wp\/v2\/pages\/4013"}],"collection":[{"href":"https:\/\/bkm.com.tr\/en\/wp-json\/wp\/v2\/pages"}],"about":[{"href":"https:\/\/bkm.com.tr\/en\/wp-json\/wp\/v2\/types\/page"}],"author":[{"embeddable":true,"href":"https:\/\/bkm.com.tr\/en\/wp-json\/wp\/v2\/users\/27"}],"replies":[{"embeddable":true,"href":"https:\/\/bkm.com.tr\/en\/wp-json\/wp\/v2\/comments?post=4013"}],"version-history":[{"count":17,"href":"https:\/\/bkm.com.tr\/en\/wp-json\/wp\/v2\/pages\/4013\/revisions"}],"predecessor-version":[{"id":9018,"href":"https:\/\/bkm.com.tr\/en\/wp-json\/wp\/v2\/pages\/4013\/revisions\/9018"}],"wp:attachment":[{"href":"https:\/\/bkm.com.tr\/en\/wp-json\/wp\/v2\/media?parent=4013"}],"curies":[{"name":"wp","href":"https:\/\/api.w.org\/{rel}","templated":true}]}}