{"id":4066,"date":"2017-04-27T16:21:48","date_gmt":"2017-04-27T13:21:48","guid":{"rendered":"https:\/\/bkm.com.tr\/?page_id=4066"},"modified":"2024-04-02T14:54:18","modified_gmt":"2024-04-02T11:54:18","slug":"kartli-odemelerin-ekonomik-faydalari","status":"publish","type":"page","link":"https:\/\/bkm.com.tr\/en\/kartli-odemelerin-ekonomik-faydalari\/","title":{"rendered":"Kartl\u0131 \u00d6demelerin Ekonomik Faydalar\u0131"},"content":{"rendered":"<p><\/p>\n<p><img loading=\"lazy\" decoding=\"async\" class=\"alignright size-full wp-image-3096\" src=\"https:\/\/bkm.com.tr\/wp-content\/uploads\/2015\/06\/KartliOdemelerinEkonomikFaydalari.png\" alt=\"\" width=\"173\" height=\"173\" \/><\/p>\n<p>Bilindi\u011fi gibi, banka ve kredi kart\u0131 kullan\u0131m\u0131n\u0131n, T\u00fcrkiye ekonomisi y\u00f6n\u00fcnden, say\u0131s\u0131z avantajlar\u0131 ve olumlu etkileri var. Banka ve kredi kart\u0131 kullan\u0131m\u0131n\u0131n, \u00f6zellikle t\u00fcketicilere sa\u011flad\u0131\u011f\u0131 \u00e7ok say\u0131da avantaj var. Fazla nakit para ta\u015f\u0131madan kaynaklanabilen, kaybetme ve \u00e7al\u0131nma gibi risklerden yurt i\u00e7inde ve yurt d\u0131\u015f\u0131nda koruyor. Yap\u0131lan harcamalar\u0131n, izleyen ayda \u00f6denmesi de bir anlamda faizsiz kredi avantaj\u0131 sa\u011fl\u0131yor. Bunlar\u0131n yan\u0131 s\u0131ra, baz\u0131 al\u0131\u015f-veri\u015flerde taksitlendirme, nakit puan, promosyon gibi avantajlar da var. Bu kitapta, s\u00f6z konusu etkiler; \u00fcretim ve b\u00fcy\u00fcme y\u00f6n\u00fcnden ele al\u0131n\u0131p incelendikten sonra, tasarruflar \u00fczerindeki etkisi, ekonomi ve bankac\u0131l\u0131k sekt\u00f6r\u00fcndeki olumlu etkileri ile birlikte ele al\u0131narak a\u00e7\u0131klanm\u0131\u015ft\u0131r.<\/p>\n<p>Bu kitab\u0131 indirmek i\u00e7in:<\/p>\n<ul>\n<li>BKM Express mobil uygulamas\u0131n\u0131 indirin,<\/li>\n<li><a href=\"https:\/\/bkmexpress.com.tr\/\" target=\"_blank\" rel=\"noopener\">BKM Express<\/a>\u2019e kay\u0131t olun ve kredi kart\u0131n\u0131z\u0131 ekleyin,<\/li>\n<li>Uygulama i\u00e7erisinde yer alan \u201cQR ile \u00d6de\u201d se\u00e7ene\u011finden a\u015fa\u011f\u0131da yer alan QR kodu okutarak\u00a0veya do\u011frudan QR koda t\u0131klayarak KA\u00c7UV&#8217;a diledi\u011finiz tutarda ba\u011f\u0131\u015f\u0131n\u0131z\u0131 ger\u00e7ekle\u015ftirin,<\/li>\n<li>Ba\u011f\u0131\u015f i\u015fleminiz tamamland\u0131ktan sonra kitap BKM Express\u2019e kay\u0131tl\u0131 e-posta adresinize otomatik olarak g\u00f6nderilecektir. Keyifli okumalar dileriz!<\/li>\n<\/ul>\n<p><a href=\"https:\/\/www.bkmexpress.com.tr\/BKMExpress\/pub\/deeplink.bkm?mid=916d8817-b2a9-43ae-90d8-0297d9cc954e&amp;qrid=TEGV2016-1768-4565-B052-KI12Kitap=22\"><img loading=\"lazy\" decoding=\"async\" class=\"aligncenter wp-image-4521 size-full\" src=\"https:\/\/bkm.com.tr\/wp-content\/uploads\/2017\/04\/Kitap-221.jpg\" alt=\"Kitap-22\" width=\"440\" height=\"332\" \/><\/a><\/p>\n<p>&nbsp;<\/p>\n<p>&nbsp;<\/p>\n<p><\/p>","protected":false},"excerpt":{"rendered":"<p>Bilindi\u011fi gibi, banka ve kredi kart\u0131 kullan\u0131m\u0131n\u0131n, T\u00fcrkiye ekonomisi y\u00f6n\u00fcnden, say\u0131s\u0131z avantajlar\u0131 ve olumlu etkileri var. Banka ve kredi kart\u0131 kullan\u0131m\u0131n\u0131n, \u00f6zellikle t\u00fcketicilere sa\u011flad\u0131\u011f\u0131 \u00e7ok say\u0131da avantaj var. Fazla nakit para ta\u015f\u0131madan kaynaklanabilen, kaybetme ve \u00e7al\u0131nma gibi risklerden yurt i\u00e7inde ve yurt d\u0131\u015f\u0131nda koruyor. Yap\u0131lan harcamalar\u0131n, izleyen ayda \u00f6denmesi de bir anlamda faizsiz kredi avantaj\u0131 [&hellip;]<\/p>\n","protected":false},"author":27,"featured_media":0,"parent":0,"menu_order":0,"comment_status":"closed","ping_status":"open","template":"templates\/page--sidebar-yok.php","meta":{"footnotes":""},"_links":{"self":[{"href":"https:\/\/bkm.com.tr\/en\/wp-json\/wp\/v2\/pages\/4066"}],"collection":[{"href":"https:\/\/bkm.com.tr\/en\/wp-json\/wp\/v2\/pages"}],"about":[{"href":"https:\/\/bkm.com.tr\/en\/wp-json\/wp\/v2\/types\/page"}],"author":[{"embeddable":true,"href":"https:\/\/bkm.com.tr\/en\/wp-json\/wp\/v2\/users\/27"}],"replies":[{"embeddable":true,"href":"https:\/\/bkm.com.tr\/en\/wp-json\/wp\/v2\/comments?post=4066"}],"version-history":[{"count":10,"href":"https:\/\/bkm.com.tr\/en\/wp-json\/wp\/v2\/pages\/4066\/revisions"}],"predecessor-version":[{"id":9019,"href":"https:\/\/bkm.com.tr\/en\/wp-json\/wp\/v2\/pages\/4066\/revisions\/9019"}],"wp:attachment":[{"href":"https:\/\/bkm.com.tr\/en\/wp-json\/wp\/v2\/media?parent=4066"}],"curies":[{"name":"wp","href":"https:\/\/api.w.org\/{rel}","templated":true}]}}