{"id":4277,"date":"2017-05-31T09:45:02","date_gmt":"2017-05-31T06:45:02","guid":{"rendered":"https:\/\/bkm.com.tr\/?page_id=4277"},"modified":"2024-04-02T14:54:49","modified_gmt":"2024-04-02T11:54:49","slug":"cashless-turkey-by-2023","status":"publish","type":"page","link":"https:\/\/bkm.com.tr\/en\/tr-cashless-turkey-by-2023\/","title":{"rendered":"Cashless Turkey by 2023"},"content":{"rendered":"<p><\/p>\n<p><img loading=\"lazy\" decoding=\"async\" class=\"alignright size-full wp-image-4275\" src=\"https:\/\/bkm.com.tr\/wp-content\/uploads\/2015\/06\/cashless_kitap.png\" alt=\"cashless_kitap\" width=\"173\" height=\"173\" \/>BKM ve Burnmark taraf\u0131ndan haz\u0131rlanan rapor, T\u00fcrkiye&#8217;nin nakitsiz gelece\u011fiyle ilgili t\u00fcm ayr\u0131nt\u0131lar\u0131\u00a0g\u00f6z \u00f6n\u00fcne seriyor.<\/p>\n<p>Bu raporu indirmek i\u00e7in:<\/p>\n<ul>\n<li>BKM Express mobil uygulamas\u0131n\u0131 indirin,<\/li>\n<li><a href=\"https:\/\/bkmexpress.com.tr\/\" target=\"_blank\" rel=\"noopener\">BKM Express<\/a>\u2019e kay\u0131t olun ve kredi kart\u0131n\u0131z\u0131 ekleyin,<\/li>\n<li>Uygulama i\u00e7erisinde yer alan \u201cQR ile \u00d6de\u201d se\u00e7ene\u011finden a\u015fa\u011f\u0131da yer alan QR kodu okutarak\u00a0veya do\u011frudan QR koda t\u0131klayarak Down Sendromu Derne\u011fi\u2019ne diledi\u011finiz tutarda\u00a0ba\u011f\u0131\u015f\u0131n\u0131z\u0131 ger\u00e7ekle\u015ftirin,<\/li>\n<li>Ba\u011f\u0131\u015f i\u015fleminiz tamamland\u0131ktan sonra kitap BKM Express\u2019e kay\u0131tl\u0131 e-posta adresinize otomatik olarak g\u00f6nderilecektir. Keyifli okumalar dileriz!<\/li>\n<\/ul>\n<p style=\"text-align: center;\">\u00a0<\/p>\n<p style=\"text-align: center;\"><a href=\"https:\/\/www.bkmexpress.com.tr\/BKMExpress\/pub\/deeplink.bkm?mid=db611549-282b-4e92-bd42-63bff04855c8&amp;qrid=DSDD2016-1768-4565-B052-KI12Kitap=25\"><img loading=\"lazy\" decoding=\"async\" class=\"aligncenter wp-image-4531 size-full\" src=\"https:\/\/bkm.com.tr\/wp-content\/uploads\/2017\/05\/Kitap-252.jpg\" alt=\"Kitap-25\" width=\"440\" height=\"332\" \/><\/a><\/p>\n<p>&nbsp;<\/p>\n<p>&nbsp;<\/p>\n<p><\/p>","protected":false},"excerpt":{"rendered":"<p>BKM ve Burnmark taraf\u0131ndan haz\u0131rlanan rapor, T\u00fcrkiye&#8217;nin nakitsiz gelece\u011fiyle ilgili t\u00fcm ayr\u0131nt\u0131lar\u0131\u00a0g\u00f6z \u00f6n\u00fcne seriyor. Bu raporu indirmek i\u00e7in: BKM Express mobil uygulamas\u0131n\u0131 indirin, BKM Express\u2019e kay\u0131t olun ve kredi kart\u0131n\u0131z\u0131 ekleyin, Uygulama i\u00e7erisinde yer alan \u201cQR ile \u00d6de\u201d se\u00e7ene\u011finden a\u015fa\u011f\u0131da yer alan QR kodu okutarak\u00a0veya do\u011frudan QR koda t\u0131klayarak Down Sendromu Derne\u011fi\u2019ne diledi\u011finiz tutarda\u00a0ba\u011f\u0131\u015f\u0131n\u0131z\u0131 ger\u00e7ekle\u015ftirin, [&hellip;]<\/p>\n","protected":false},"author":27,"featured_media":0,"parent":0,"menu_order":0,"comment_status":"closed","ping_status":"open","template":"templates\/page--sidebar-yok.php","meta":{"footnotes":""},"_links":{"self":[{"href":"https:\/\/bkm.com.tr\/en\/wp-json\/wp\/v2\/pages\/4277"}],"collection":[{"href":"https:\/\/bkm.com.tr\/en\/wp-json\/wp\/v2\/pages"}],"about":[{"href":"https:\/\/bkm.com.tr\/en\/wp-json\/wp\/v2\/types\/page"}],"author":[{"embeddable":true,"href":"https:\/\/bkm.com.tr\/en\/wp-json\/wp\/v2\/users\/27"}],"replies":[{"embeddable":true,"href":"https:\/\/bkm.com.tr\/en\/wp-json\/wp\/v2\/comments?post=4277"}],"version-history":[{"count":12,"href":"https:\/\/bkm.com.tr\/en\/wp-json\/wp\/v2\/pages\/4277\/revisions"}],"predecessor-version":[{"id":9020,"href":"https:\/\/bkm.com.tr\/en\/wp-json\/wp\/v2\/pages\/4277\/revisions\/9020"}],"wp:attachment":[{"href":"https:\/\/bkm.com.tr\/en\/wp-json\/wp\/v2\/media?parent=4277"}],"curies":[{"name":"wp","href":"https:\/\/api.w.org\/{rel}","templated":true}]}}