{"id":4304,"date":"2017-06-01T14:39:10","date_gmt":"2017-06-01T11:39:10","guid":{"rendered":"https:\/\/bkm.com.tr\/?page_id=4304"},"modified":"2021-03-26T17:49:36","modified_gmt":"2021-03-26T14:49:36","slug":"diger-yayinlarimiz","status":"publish","type":"page","link":"https:\/\/bkm.com.tr\/en\/reports-and-publications\/publications\/tr-diger-yayinlarimiz\/","title":{"rendered":"(TR) Di\u011fer Yay\u0131nlar\u0131m\u0131z"},"content":{"rendered":"<p><\/p>\n<\/p>\n<p><\/p>","protected":false},"excerpt":{"rendered":"","protected":false},"author":27,"featured_media":0,"parent":135,"menu_order":5,"comment_status":"closed","ping_status":"open","template":"","meta":{"footnotes":""},"_links":{"self":[{"href":"https:\/\/bkm.com.tr\/en\/wp-json\/wp\/v2\/pages\/4304"}],"collection":[{"href":"https:\/\/bkm.com.tr\/en\/wp-json\/wp\/v2\/pages"}],"about":[{"href":"https:\/\/bkm.com.tr\/en\/wp-json\/wp\/v2\/types\/page"}],"author":[{"embeddable":true,"href":"https:\/\/bkm.com.tr\/en\/wp-json\/wp\/v2\/users\/27"}],"replies":[{"embeddable":true,"href":"https:\/\/bkm.com.tr\/en\/wp-json\/wp\/v2\/comments?post=4304"}],"version-history":[{"count":4,"href":"https:\/\/bkm.com.tr\/en\/wp-json\/wp\/v2\/pages\/4304\/revisions"}],"predecessor-version":[{"id":7286,"href":"https:\/\/bkm.com.tr\/en\/wp-json\/wp\/v2\/pages\/4304\/revisions\/7286"}],"up":[{"embeddable":true,"href":"https:\/\/bkm.com.tr\/en\/wp-json\/wp\/v2\/pages\/135"}],"wp:attachment":[{"href":"https:\/\/bkm.com.tr\/en\/wp-json\/wp\/v2\/media?parent=4304"}],"curies":[{"name":"wp","href":"https:\/\/api.w.org\/{rel}","templated":true}]}}