{"id":4677,"date":"2017-07-06T12:19:46","date_gmt":"2017-07-06T09:19:46","guid":{"rendered":"https:\/\/bkm.com.tr\/?page_id=4677"},"modified":"2017-07-06T13:56:48","modified_gmt":"2017-07-06T10:56:48","slug":"kredi-karti-alisveris-takas-komisyonlari-hakkinda-kamuoyu-bilgilendirmesi","status":"publish","type":"page","link":"https:\/\/bkm.com.tr\/en\/tr-kredi-karti-alisveris-takas-komisyonlari-hakkinda-kamuoyu-bilgilendirmesi\/","title":{"rendered":"(TR) Kredi Kart\u0131 Al\u0131\u015fveri\u015f Takas Komisyonlar\u0131 Hakk\u0131nda Kamuoyu Bilgilendirmesi"},"content":{"rendered":"<p><\/p>\n<\/p>\n<p><\/p>","protected":false},"excerpt":{"rendered":"","protected":false},"author":27,"featured_media":0,"parent":0,"menu_order":0,"comment_status":"closed","ping_status":"open","template":"templates\/page--sidebar-yok.php","meta":{"footnotes":""},"_links":{"self":[{"href":"https:\/\/bkm.com.tr\/en\/wp-json\/wp\/v2\/pages\/4677"}],"collection":[{"href":"https:\/\/bkm.com.tr\/en\/wp-json\/wp\/v2\/pages"}],"about":[{"href":"https:\/\/bkm.com.tr\/en\/wp-json\/wp\/v2\/types\/page"}],"author":[{"embeddable":true,"href":"https:\/\/bkm.com.tr\/en\/wp-json\/wp\/v2\/users\/27"}],"replies":[{"embeddable":true,"href":"https:\/\/bkm.com.tr\/en\/wp-json\/wp\/v2\/comments?post=4677"}],"version-history":[{"count":3,"href":"https:\/\/bkm.com.tr\/en\/wp-json\/wp\/v2\/pages\/4677\/revisions"}],"predecessor-version":[{"id":4686,"href":"https:\/\/bkm.com.tr\/en\/wp-json\/wp\/v2\/pages\/4677\/revisions\/4686"}],"wp:attachment":[{"href":"https:\/\/bkm.com.tr\/en\/wp-json\/wp\/v2\/media?parent=4677"}],"curies":[{"name":"wp","href":"https:\/\/api.w.org\/{rel}","templated":true}]}}