{"id":4794,"date":"2017-10-13T10:32:39","date_gmt":"2017-10-13T07:32:39","guid":{"rendered":"https:\/\/bkm.com.tr\/?page_id=4794"},"modified":"2025-02-11T14:53:57","modified_gmt":"2025-02-11T11:53:57","slug":"cerez-politikasi","status":"publish","type":"page","link":"https:\/\/bkm.com.tr\/en\/tr-cerez-politikasi\/","title":{"rendered":"(TR) \u00c7erez Politikas\u0131"},"content":{"rendered":"<p><\/p>\n<p>Bu metin, 6698 say\u0131l\u0131 Ki\u015fisel Verilerin Korunmas\u0131 Kanunu\u2019nun (\u201c<strong>Kanun<\/strong>\u201d) 10\u2019uncu maddesi ile 10\/03\/2018 tarih ve 30356 say\u0131l\u0131 Resmi Gazete\u2019de yay\u0131mlanan Ayd\u0131nlatma Y\u00fck\u00fcml\u00fcl\u00fc\u011f\u00fcn\u00fcn Yerine Getirilmesinde Uyulacak Usul ve Esaslar Hakk\u0131nda Tebli\u011f (\u201c<strong>Tebli\u011f<\/strong>\u201d) kapsam\u0131nda veri sorumlusu s\u0131fat\u0131yla Bankalararas\u0131 Kart Merkezi Anonim \u015eirketi <em>(Nispetiye Cad. Akmerkez E-3 Blok Kat.2-3 Etiler, Be\u015fikta\u015f, \u0130stanbul)<\/em> taraf\u0131ndan haz\u0131rlanm\u0131\u015ft\u0131r.<\/p>\n<p>Bu \u00c7erez Politikas\u0131\u2019n\u0131n amac\u0131, internet sitemizde (\u201cwww.bkm.com.tr\u201d) kullan\u0131lan \u00e7erezlerin cihaz\u0131n\u0131za yerle\u015ftirilmesi arac\u0131l\u0131\u011f\u0131yla otomatik yolla elde edilen ki\u015fisel verilerin i\u015flenmesine ili\u015fkin olarak, hangi ama\u00e7larla hangi t\u00fcr \u00e7erezleri kulland\u0131\u011f\u0131m\u0131z, hukuki sebebi ve haklar\u0131n\u0131z hakk\u0131nda sizlere bilgi vermektir.\u00a0<\/p>\n<p>\u0130nternet sitemizde kulland\u0131\u011f\u0131m\u0131z, zorunlu \u00e7erezler haricindeki \u00e7erezler i\u00e7in, kullan\u0131c\u0131lar\u0131n a\u00e7\u0131k r\u0131zalar\u0131 al\u0131nmakta ve istedikleri zaman r\u0131zalar\u0131n\u0131 de\u011fi\u015ftirebilme olana\u011f\u0131 sa\u011flanmaktad\u0131r. Kullan\u0131c\u0131lar \u00e7erez y\u00f6netim paneli \u00fczerinden, internet sitemizde kullan\u0131lan \u00e7erez \u00e7e\u015fitlerini g\u00f6rebilmekte ve Zorunlu \u00c7erezler d\u0131\u015f\u0131nda kalan t\u00fcm \u00e7erezler i\u00e7in \u201ca\u00e7\u0131k\u201d veya \u201ckapal\u0131\u201d se\u00e7enekleri ile tercihlerini belirleyebilmektedirler. Yine bu panel \u00fczerinden kullan\u0131c\u0131lar tercihlerini her zaman de\u011fi\u015ftirebilmektedirler. \u00c7erez panelinden tercihlerinizi de\u011fi\u015ftirmek i\u00e7in <a>t\u0131klay\u0131n\u0131z.<\/a><\/p>\n<p><strong>\u00c7erez Nedir?<\/strong><\/p>\n<p>\u00c7erezler (cookies) web sunucular\u0131 taraf\u0131ndan internet taray\u0131c\u0131n\u0131za g\u00f6nderilen ve internet sitesine eri\u015fmek i\u00e7in kulland\u0131\u011f\u0131n\u0131z cihaza kaydedilerek, internet sitesi ziyaretinize y\u00f6nelik bilgilerin depoland\u0131\u011f\u0131 k\u00fc\u00e7\u00fck boyutlu metin dosyalar\u0131d\u0131r.<\/p>\n<p><strong>\u00c7erezlerin Kullan\u0131m Amac\u0131 Nedir?<\/strong><\/p>\n<p>\u00c7erezler, yukar\u0131da belirtilen a\u00e7\u0131klamalar do\u011frultusunda ziyaret\u00e7ilerimize daha uygun hizmet, \u00fcr\u00fcn veya teklif sunmak i\u00e7in kullan\u0131lmakla beraber;<\/p>\n<ul>\n<li>\u0130nternet sitemizin kullan\u0131lmas\u0131 i\u00e7in ihtiya\u00e7 duyulan teknik verilerin sa\u011flanmas\u0131,<\/li>\n<li>\u0130nternet sitemizin kullan\u0131m al\u0131\u015fkanl\u0131klar\u0131n\u0131za ve ne \u015fekilde kulland\u0131\u011f\u0131n\u0131za ili\u015fkin bilgileri toplanmas\u0131,<\/li>\n<li>Ba\u015fta \u201c5651 say\u0131l\u0131 \u0130nternet Ortam\u0131nda Yap\u0131lan Yay\u0131nlar\u0131n D\u00fczenlenmesi ve Bu Yay\u0131nlar Yoluyla \u0130\u015flenen Su\u00e7larla M\u00fccadele Edilmesi Hakk\u0131nda Kanun\u201d ve 30.11.2007 tarihli ve 26716 say\u0131l\u0131 Resm\u00ee Gazete\u2019de yay\u0131mlanan \u201c\u0130nternet Ortam\u0131nda Yap\u0131lan Yay\u0131nlar\u0131n D\u00fczenlenmesine Dair Usul ve Esaslar Hakk\u0131nda Y\u00f6netmelik\u201d uyar\u0131nca, kanundan kaynaklanan ve\/veya s\u00f6zle\u015fmelerin ifas\u0131na y\u00f6nelik y\u00fck\u00fcml\u00fcl\u00fcklerimizi yerine getirebilmemiz i\u00e7in IP adresi gibi ki\u015fisel verilere ihtiya\u00e7 duyulmas\u0131 sebepleriyle kullan\u0131lmaktad\u0131r.<\/li>\n<\/ul>\n<p>\u0130nternet sitemizde kullan\u0131m amac\u0131na g\u00f6re a\u015fa\u011f\u0131daki \u00e7erezler kullan\u0131lmaktad\u0131r:<\/p>\n<p><strong>Zorunlu \u00c7erezler:<\/strong> Bu \u00e7erezler, web sitesinin \u00e7al\u0131\u015fmas\u0131 i\u00e7in gereklidir ve sistemlerimizde kapat\u0131lamaz. Web sitesinde dola\u015fman\u0131za ve gizlilik tercihlerinizi belirleme, giri\u015f yapma veya formlar\u0131 doldurma gibi hizmet talebine kar\u015f\u0131l\u0131k gelen eylemlere gibi \u00f6zelliklerini kullanman\u0131za olanak sa\u011flamaktad\u0131r.<\/p>\n<p><strong>Reklam \u00c7erezleri:<\/strong> Bu \u00e7erezler, sizin profilinizi olu\u015fturmak ve ilgi alanlar\u0131n\u0131zla alakal\u0131 reklamlar sunmak i\u00e7in kullan\u0131l\u0131rlar. Ayn\u0131 zamanda, reklam kampanyas\u0131n\u0131n etkinli\u011fini \u00f6l\u00e7meye yard\u0131mc\u0131 olmas\u0131n\u0131n yan\u0131 s\u0131ra, bir reklam\u0131 g\u00f6rme say\u0131s\u0131n\u0131 s\u0131n\u0131rlamak i\u00e7in de kullan\u0131lmaktad\u0131r. Genellikle web sitesi sahibinin izniyle reklam a\u011flar\u0131na yerle\u015ftirilir. Web sitesini ziyaret etti\u011finiz ve \u00e7erezde yer alan bilgiler reklam verenler di\u011fer kurulu\u015flarla payla\u015f\u0131lmaktad\u0131r. Bu \u00e7erezlere izin vermezseniz, farkl\u0131 web sitelerinde hedefli reklamlar\u0131m\u0131z\u0131 deneyimlemezsiniz.<\/p>\n<p><strong>Performans \u00c7erezleri:<\/strong> Bu \u00e7erezler, web sitesinin \u00e7al\u0131\u015fma \u015feklini geli\u015ftirmek i\u00e7in kullan\u0131lmaktad\u0131r. Ziyaret\u00e7iyi tan\u0131mlayan bilgileri toplamaz. Ziyaret\u00e7ilerin web sitesini nas\u0131l kulland\u0131klar\u0131na (\u00d6rne\u011fin web sayfalar\u0131nda hata mesaj\u0131 al\u0131p almad\u0131klar\u0131) ili\u015fkin bilgileri i\u00e7ermektedir.<\/p>\n<p>\u0130nternet sitemizde yer alan \u00e7erezlere ili\u015fkin bilgiler a\u015fa\u011f\u0131daki tabloda yer almaktad\u0131r:<\/p>\n<table width=\"100%\">\n<tbody>\n<tr>\n<td width=\"20%\">\n<p><strong>\u00a0<\/strong><\/p>\n<p><strong>\u00c7erez Ad\u0131<\/strong><\/p>\n<\/td>\n<td width=\"16%\">\n<p><strong>\u00a0<\/strong><\/p>\n<p><strong>\u00c7erez Sa\u011flay\u0131c\u0131<\/strong><\/p>\n<\/td>\n<td width=\"26%\">\n<p><strong>\u00a0<\/strong><\/p>\n<p><strong>\u00c7erez Amac\u0131<\/strong><\/p>\n<p><strong>\u00a0<\/strong><\/p>\n<\/td>\n<td width=\"21%\">\n<p><strong>\u00a0<\/strong><\/p>\n<p><strong>\u00c7erez T\u00fcr\u00fc<\/strong><\/p>\n<\/td>\n<td width=\"15%\">\n<p><strong>\u00c7erezin Taray\u0131c\u0131da Tutuldu\u011fu S\u00fcre<\/strong><\/p>\n<\/td>\n<\/tr>\n<tr>\n<td width=\"20%\">\n<p>CookieSealConsent<\/p>\n<\/td>\n<td width=\"16%\">\n<p>&nbsp;<\/p>\n<p>&nbsp;<\/p>\n<p>www.bkm.com.tr<\/p>\n<\/td>\n<td width=\"26%\">\n<p>Ziyaret\u00e7ilerin a\u00e7\u0131k r\u0131za tercihlerinin kaydedilmesini sa\u011flar.<\/p>\n<\/td>\n<td width=\"21%\">\n<p>Zorunlu<\/p>\n<\/td>\n<td width=\"15%\">\n<p>1 Y\u0131l<\/p>\n<\/td>\n<\/tr>\n<tr>\n<td width=\"20%\">\n<p>TS0104a7ef<\/p>\n<\/td>\n<td width=\"16%\">\n<p>www.bkm.com.tr<\/p>\n<\/td>\n<td width=\"26%\">\n<p>G\u00fcvenlik ve ka\u00e7ma kar\u015f\u0131t\u0131 nedenleri i\u00e7in kullan\u0131l\u0131r.<\/p>\n<\/td>\n<td width=\"21%\">\n<p>Zorunlu<\/p>\n<\/td>\n<td width=\"15%\">\n<p>Oturum Boyunca<\/p>\n<\/td>\n<\/tr>\n<tr>\n<td width=\"20%\">\n<p>TS658b5995027<\/p>\n<\/td>\n<td width=\"16%\">\n<p>www.bkm.com.tr<\/p>\n<\/td>\n<td width=\"26%\">\n<p>G\u00fcvenlik ve ka\u00e7ma kar\u015f\u0131t\u0131 nedenleri i\u00e7in kullan\u0131l\u0131r.<\/p>\n<\/td>\n<td width=\"21%\">\n<p>Zorunlu<\/p>\n<\/td>\n<td width=\"15%\">\n<p>Oturum Boyunca<\/p>\n<\/td>\n<\/tr>\n<tr>\n<td width=\"20%\">\n<p>_ga<\/p>\n<\/td>\n<td width=\"16%\">\n<p>www.bkm.com.tr<\/p>\n<\/td>\n<td width=\"26%\">\n<p>Kullan\u0131c\u0131lar\u0131 tan\u0131mlamak i\u00e7in kullan\u0131lan kimliktir.<\/p>\n<\/td>\n<td width=\"21%\">\n<p>Performans<\/p>\n<\/td>\n<td width=\"15%\">\n<p>2 Y\u0131l<\/p>\n<\/td>\n<\/tr>\n<tr>\n<td width=\"20%\">\n<p>_ga_REFMWN3P6R<\/p>\n<\/td>\n<td width=\"16%\">\n<p>www.bkm.com.tr<\/p>\n<\/td>\n<td width=\"26%\">\n<p>Kullan\u0131c\u0131lar\u0131 tan\u0131mlamak i\u00e7in kullan\u0131lan kimliktir.<\/p>\n<\/td>\n<td width=\"21%\">\n<p>Performans<\/p>\n<\/td>\n<td width=\"15%\">\n<p>2 Y\u0131l<\/p>\n<\/td>\n<\/tr>\n<tr>\n<td width=\"20%\">\n<p>qtrans_front_language<\/p>\n<\/td>\n<td width=\"16%\">\n<p>www.bkm.com.tr<\/p>\n<\/td>\n<td width=\"26%\">\n<p>Bu \u00e7erez dil se\u00e7iminizi kaydeder.<\/p>\n<\/td>\n<td width=\"21%\">\n<p>Zorunlu<\/p>\n<\/td>\n<td width=\"15%\">\n<p>1 Y\u0131l<\/p>\n<\/td>\n<\/tr>\n<tr>\n<td width=\"20%\">\n<p>_yasc<\/p>\n<\/td>\n<td width=\"16%\">\n<p>&nbsp;<\/p>\n<p>.yandex.ru\/<\/p>\n<\/td>\n<td width=\"26%\">\n<p>Web siteleri aras\u0131nda kullan\u0131c\u0131 hakk\u0131ndaki verileri toplar &#8211; bu veriler reklam\u0131 daha alakal\u0131 hale getirmek i\u00e7in kullan\u0131l\u0131r.<\/p>\n<\/td>\n<td width=\"21%\">\n<p>Performans<\/p>\n<\/td>\n<td width=\"15%\">\n<p>2 Y\u0131l<\/p>\n<\/td>\n<\/tr>\n<tr>\n<td width=\"20%\">\n<p>_ym_d<\/p>\n<\/td>\n<td width=\"16%\">\n<p>www.bkm.com.tr<\/p>\n<\/td>\n<td width=\"26%\">\n<p>Kullan\u0131c\u0131n\u0131n ilk site oturumunun tarihini kaydeder.<\/p>\n<\/td>\n<td width=\"21%\">\n<p>Performans<\/p>\n<\/td>\n<td width=\"15%\">\n<p>1 Y\u0131l<\/p>\n<\/td>\n<\/tr>\n<tr>\n<td width=\"20%\">\n<p>&nbsp;<\/p>\n<p>_ym_isad<\/p>\n<\/td>\n<td width=\"16%\">\n<p>www.bkm.com.tr<\/p>\n<\/td>\n<td width=\"26%\">\n<p>Kullan\u0131c\u0131n\u0131n reklam engelleyicileri olup olmad\u0131\u011f\u0131n\u0131 belirler.<\/p>\n<\/td>\n<td width=\"21%\">\n<p>Performans<\/p>\n<\/td>\n<td width=\"15%\">\n<p>2 G\u00fcn<\/p>\n<\/td>\n<\/tr>\n<tr>\n<td width=\"20%\">\n<p>_ym_uid<\/p>\n<\/td>\n<td width=\"16%\">\n<p>www.bkm.com.tr<\/p>\n<\/td>\n<td width=\"26%\">\n<p>Site kullan\u0131c\u0131lar\u0131n\u0131 tan\u0131mlamak i\u00e7in kullan\u0131l\u0131r.<\/p>\n<\/td>\n<td width=\"21%\">\n<p>Performans<\/p>\n<\/td>\n<td width=\"15%\">\n<p>1 Y\u0131l<\/p>\n<\/td>\n<\/tr>\n<tr>\n<td width=\"20%\">\n<p>_ym_visorc<\/p>\n<\/td>\n<td width=\"16%\">\n<p>.yandex.com\/<\/p>\n<\/td>\n<td width=\"26%\">\n<p>Bu \u00e7erez Yandex.Metrika taraf\u0131ndan ayarlan\u0131r ve web analiti\u011fi i\u00e7in kullan\u0131l\u0131r. Kullan\u0131c\u0131n\u0131n web sitesiyle etkile\u015fimini izlemek i\u00e7in her taray\u0131c\u0131ya atanan benzersiz bir tan\u0131mlay\u0131c\u0131 i\u00e7erir.<\/p>\n<\/td>\n<td width=\"21%\">\n<p>Performans<\/p>\n<\/td>\n<td width=\"15%\">\n<p>30 Dakika<\/p>\n<\/td>\n<\/tr>\n<tr>\n<td width=\"20%\">\n<p>i<\/p>\n<\/td>\n<td width=\"16%\">\n<p>Yandex<\/p>\n<\/td>\n<td width=\"26%\">\n<p>IP adresi, co\u011frafi konum, ziyaret edilen web siteleri ve kullan\u0131c\u0131n\u0131n hangi reklamlar\u0131 t\u0131klad\u0131\u011f\u0131 gibi kullan\u0131c\u0131 verilerini, ayn\u0131 reklam a\u011f\u0131n\u0131 kullanan web sitelerinde kullan\u0131c\u0131n\u0131n yer de\u011fi\u015ftirmesine dayal\u0131 olarak reklamlar\u0131n g\u00f6r\u00fcnt\u00fclenmesini optimize etmek amac\u0131yla kaydeder.<\/p>\n<\/td>\n<td width=\"21%\">\n<p>Reklam<\/p>\n<\/td>\n<td width=\"15%\">\n<p>1 Y\u0131l<\/p>\n<\/td>\n<\/tr>\n<tr>\n<td width=\"20%\">\n<p>yabs-sid<\/p>\n<\/td>\n<td width=\"16%\">\n<p>mc.yandex.com\/<\/p>\n<\/td>\n<td width=\"26%\">\n<p>Bu \u00e7erezler oturum kimli\u011fini kaydeder.<\/p>\n<\/td>\n<td width=\"21%\">\n<p>Reklam<\/p>\n<\/td>\n<td width=\"15%\">\n<p>Oturum Boyunca<\/p>\n<\/td>\n<\/tr>\n<tr>\n<td width=\"20%\">\n<p>yandexuid<\/p>\n<\/td>\n<td width=\"16%\">\n<p>.yandex.com\/<\/p>\n<\/td>\n<td width=\"26%\">\n<p>Ziyaret\u00e7ilerin web sitesi davran\u0131\u015flar\u0131na ili\u015fkin verileri kaydeder. Bu, dahili analiz ve web sitesi optimizasyonu i\u00e7in kullan\u0131l\u0131r.<\/p>\n<\/td>\n<td width=\"21%\">\n<p>Performans<\/p>\n<\/td>\n<td width=\"15%\">\n<p>1 Y\u0131l<\/p>\n<\/td>\n<\/tr>\n<tr>\n<td width=\"20%\">\n<p>yashr<\/p>\n<\/td>\n<td width=\"16%\">\n<p>yandex.com\/<\/p>\n<\/td>\n<td width=\"26%\">\n<p>Web siteleri aras\u0131nda kullan\u0131c\u0131 hakk\u0131ndaki verileri toplar. Bu veriler reklam\u0131 daha alakal\u0131 hale getirmek i\u00e7in kullan\u0131l\u0131r.<\/p>\n<\/td>\n<td width=\"21%\">\n<p>Performans<\/p>\n<\/td>\n<td width=\"15%\">\n<p>1 Y\u0131l<\/p>\n<\/td>\n<\/tr>\n<tr>\n<td width=\"20%\">\n<p>ymex<\/p>\n<\/td>\n<td width=\"16%\">\n<p>yandex.com\/<\/p>\n<\/td>\n<td width=\"26%\">\n<p>Yandex i\u00e7in yard\u0131mc\u0131 bilgileri depolar.<\/p>\n<\/td>\n<td width=\"21%\">\n<p>Performans<\/p>\n<\/td>\n<td width=\"15%\">\n<p>1 Y\u0131l<\/p>\n<\/td>\n<\/tr>\n<tr>\n<td width=\"20%\">\n<p>yuidss<\/p>\n<\/td>\n<td width=\"16%\">\n<p>yandex.com\/<\/p>\n<\/td>\n<td width=\"26%\">\n<p>Ziyaret\u00e7ilerin web sitesi davran\u0131\u015flar\u0131na ili\u015fkin verileri kaydeder. Bu, dahili analiz ve web sitesi optimizasyonu i\u00e7in kullan\u0131l\u0131r.<\/p>\n<\/td>\n<td width=\"21%\">\n<p>Performans<\/p>\n<\/td>\n<td width=\"15%\">\n<p>1 Y\u0131l<\/p>\n<\/td>\n<\/tr>\n<\/tbody>\n<\/table>\n<p><strong>\u00a0<\/strong><\/p>\n<p>\u0130nternet sitemize farkl\u0131 cihazlar \u00fczerinden eri\u015fim sa\u011fl\u0131yorsan\u0131z, eri\u015fim sa\u011flad\u0131\u011f\u0131n\u0131z her bir cihaz ve taray\u0131c\u0131 \u00fczerinde \u00e7erez kullan\u0131m ayarlar\u0131n\u0131 tercihlerinize uygun olarak a\u015fa\u011f\u0131daki ba\u011flant\u0131lar \u00fczerinden ger\u00e7ekle\u015ftirebilirsiniz.<\/p>\n<table>\n<tbody>\n<tr>\n<td width=\"123\">\n<p>Google Analytics<\/p>\n<\/td>\n<td width=\"479\">\n<p><a href=\"https:\/\/tools.google.com\/dlpage\/gaoptout\">https:\/\/tools.google.com\/dlpage\/gaoptout<\/a><\/p>\n<\/td>\n<\/tr>\n<tr>\n<td width=\"123\">\n<p>Google Chrome<\/p>\n<\/td>\n<td width=\"479\">\n<p><a href=\"https:\/\/support.google.com\/accounts\/answer\/61416?co=GENIE.Platform%3DDesktop&amp;hl=tr\">https:\/\/support.google.com\/accounts\/answer\/61416?co=GENIE.Platform%3DDesktop&amp;hl=tr<\/a><\/p>\n<\/td>\n<\/tr>\n<tr>\n<td width=\"123\">\n<p>Internet Explorer<\/p>\n<\/td>\n<td width=\"479\">\n<p><a href=\"https:\/\/support.microsoft.com\/tr-tr\/help\/17442\/windows-internet-explorer-delete-manage-cookies\">https:\/\/support.microsoft.com\/tr-tr\/help\/17442\/windows-internet-explorer-delete-manage-cookies<\/a><\/p>\n<\/td>\n<\/tr>\n<tr>\n<td width=\"123\">\n<p>Mozilla Firefox<\/p>\n<\/td>\n<td width=\"479\">\n<p><a href=\"https:\/\/support.mozilla.org\/tr\/kb\/cerezleri-silme-web-sitelerinin-bilgilerini-kaldirma\">https:\/\/support.mozilla.org\/tr\/kb\/cerezleri-silme-web-sitelerinin-bilgilerini-kaldirma<\/a><\/p>\n<\/td>\n<\/tr>\n<tr>\n<td width=\"123\">\n<p>Opera<\/p>\n<\/td>\n<td width=\"479\">\n<p><a href=\"https:\/\/help.opera.com\/en\/latest\/web-preferences\/\">https:\/\/help.opera.com\/en\/latest\/web-preferences\/<\/a><\/p>\n<\/td>\n<\/tr>\n<tr>\n<td width=\"123\">\n<p>Safari<\/p>\n<p>&nbsp;<\/p>\n<\/td>\n<td width=\"479\">\n<p><a href=\"https:\/\/support.apple.com\/tr-tr\/HT201265\">https:\/\/support.apple.com\/tr-tr\/HT201265<\/a><\/p>\n<p><a href=\"https:\/\/support.apple.com\/tr-tr\/guide\/safari\/sfri11471\/mac\">https:\/\/support.apple.com\/tr-tr\/guide\/safari\/sfri11471\/mac<\/a><\/p>\n<\/td>\n<\/tr>\n<\/tbody>\n<\/table>\n<p>&nbsp;<\/p>\n<p><strong>\u0130lgili Ki\u015filerin Talepleri:<\/strong><\/p>\n<p>\u0130nternet sitemizde kullan\u0131lan \u00e7erezler yoluyla ki\u015fisel verileri i\u015flenen ilgili ki\u015filer, Ki\u015fisel Verilerin Korunmas\u0131 Kanunu\u2019nun 11\u2019inci maddesi kapsam\u0131ndaki taleplerini, \u201cVeri Sorumlusuna Ba\u015fvuru Usul ve Esaslar\u0131 Hakk\u0131nda Tebli\u011fi\u201dne g\u00f6re \u201cNispetiye Cad. Akmerkez E-3 Blok Kat:2-3 Etiler\/Be\u015fikta\u015f \u0130stanbul\u201d adresine yaz\u0131l\u0131 olarak veya e-postas\u0131n\u0131n sistemimizde kay\u0131tl\u0131 bulunmas\u0131 halinde s\u00f6z konusu e-posta \u00fczerinden kisiselveri@bkm.com.tr e-posta adresine iletebilmektedir.<\/p>\n<p>&nbsp;<\/p>\n<p>&nbsp;<\/p>\n<p><\/p>","protected":false},"excerpt":{"rendered":"<p class=\"qtranxs-available-languages-message qtranxs-available-languages-message-en\">Sorry, this entry is only available in <a href=\"https:\/\/bkm.com.tr\/tr\/wp-json\/wp\/v2\/pages\/4794\" class=\"qtranxs-available-language-link qtranxs-available-language-link-tr\" title=\"TR\">Turkish<\/a>.<\/p>\n","protected":false},"author":1,"featured_media":0,"parent":0,"menu_order":0,"comment_status":"closed","ping_status":"open","template":"templates\/page--sidebar-yok.php","meta":{"footnotes":""},"_links":{"self":[{"href":"https:\/\/bkm.com.tr\/en\/wp-json\/wp\/v2\/pages\/4794"}],"collection":[{"href":"https:\/\/bkm.com.tr\/en\/wp-json\/wp\/v2\/pages"}],"about":[{"href":"https:\/\/bkm.com.tr\/en\/wp-json\/wp\/v2\/types\/page"}],"author":[{"embeddable":true,"href":"https:\/\/bkm.com.tr\/en\/wp-json\/wp\/v2\/users\/1"}],"replies":[{"embeddable":true,"href":"https:\/\/bkm.com.tr\/en\/wp-json\/wp\/v2\/comments?post=4794"}],"version-history":[{"count":15,"href":"https:\/\/bkm.com.tr\/en\/wp-json\/wp\/v2\/pages\/4794\/revisions"}],"predecessor-version":[{"id":9641,"href":"https:\/\/bkm.com.tr\/en\/wp-json\/wp\/v2\/pages\/4794\/revisions\/9641"}],"wp:attachment":[{"href":"https:\/\/bkm.com.tr\/en\/wp-json\/wp\/v2\/media?parent=4794"}],"curies":[{"name":"wp","href":"https:\/\/api.w.org\/{rel}","templated":true}]}}