{"id":4940,"date":"2018-01-26T08:40:42","date_gmt":"2018-01-26T05:40:42","guid":{"rendered":"https:\/\/bkm.com.tr\/?page_id=4940"},"modified":"2024-04-02T14:56:04","modified_gmt":"2024-04-02T11:56:04","slug":"gumruk-ve-ticaret-bakanligi-uyariyor","status":"publish","type":"page","link":"https:\/\/bkm.com.tr\/en\/tr-gumruk-ve-ticaret-bakanligi-uyariyor\/","title":{"rendered":"(TR) G\u00fcmr\u00fck ve Ticaret Bakanl\u0131\u011f\u0131 uyar\u0131yor"},"content":{"rendered":"<p><\/p>\n<\/p>\n<p><\/p>","protected":false},"excerpt":{"rendered":"","protected":false},"author":27,"featured_media":0,"parent":0,"menu_order":0,"comment_status":"closed","ping_status":"open","template":"templates\/page--sidebar-yok.php","meta":{"footnotes":""},"_links":{"self":[{"href":"https:\/\/bkm.com.tr\/en\/wp-json\/wp\/v2\/pages\/4940"}],"collection":[{"href":"https:\/\/bkm.com.tr\/en\/wp-json\/wp\/v2\/pages"}],"about":[{"href":"https:\/\/bkm.com.tr\/en\/wp-json\/wp\/v2\/types\/page"}],"author":[{"embeddable":true,"href":"https:\/\/bkm.com.tr\/en\/wp-json\/wp\/v2\/users\/27"}],"replies":[{"embeddable":true,"href":"https:\/\/bkm.com.tr\/en\/wp-json\/wp\/v2\/comments?post=4940"}],"version-history":[{"count":5,"href":"https:\/\/bkm.com.tr\/en\/wp-json\/wp\/v2\/pages\/4940\/revisions"}],"predecessor-version":[{"id":9022,"href":"https:\/\/bkm.com.tr\/en\/wp-json\/wp\/v2\/pages\/4940\/revisions\/9022"}],"wp:attachment":[{"href":"https:\/\/bkm.com.tr\/en\/wp-json\/wp\/v2\/media?parent=4940"}],"curies":[{"name":"wp","href":"https:\/\/api.w.org\/{rel}","templated":true}]}}