{"id":5098,"date":"2018-03-08T17:53:57","date_gmt":"2018-03-08T14:53:57","guid":{"rendered":"https:\/\/bkm.com.tr\/?page_id=5098"},"modified":"2024-04-02T14:56:22","modified_gmt":"2024-04-02T11:56:22","slug":"nakitsiz-toplum-yolunda-daha-az-nakit-hindistan-2","status":"publish","type":"page","link":"https:\/\/bkm.com.tr\/en\/tr-nakitsiz-toplum-yolunda-daha-az-nakit-hindistan\/","title":{"rendered":"Nakitsiz toplum yolunda Daha Az Nakit: Hindistan"},"content":{"rendered":"<p><\/p>\n<p><p><img loading=\"lazy\" decoding=\"async\" class=\" size-full wp-image-5099 alignright\" src=\"https:\/\/bkm.com.tr\/wp-content\/uploads\/2018\/03\/hindistan.png\" alt=\"hindistan\" width=\"173\" height=\"173\" \/>BKM ve\u00a0Abhaya Prasad Hota taraf\u0131ndan haz\u0131rlanan bu raporda,\u00a0 Son d\u00f6nemde \u201cDaha Az Nakit\u201d vizyonu do\u011frultusunda att\u0131\u011f\u0131 cesur ad\u0131mlarla ilerleyen Hindistan&#8217;\u0131n,\u00a0\u00a0Uzun y\u0131llar\u00a0nakitsizlik hareketinin merkezindeki kurumlardan biri NPCI\u2019n\u0131n CEO\u2019lu\u011funu yapm\u0131\u015f\u00a0Abhaya Prasad Hota\u2019n\u0131n bu konudaki tecr\u00fcbelerini, d\u00fc\u015f\u00fcncelerini ve 2023 Nakitsiz T\u00fcrkiye\u00a0yolunda \u00f6nerilerini bulabilirsiniz.<\/p>\n<p>Bu raporu indirmek i\u00e7in:<\/p>\n<ul>\n<li>BKM Express mobil uygulamas\u0131n\u0131 indirin,<\/li>\n<li><a href=\"https:\/\/bkmexpress.com.tr\/\" target=\"_blank\" rel=\"noopener\">BKM Express<\/a>\u2019e kay\u0131t olun ve kredi kart\u0131n\u0131z\u0131 ekleyin,<\/li>\n<li>Uygulama i\u00e7erisinde yer alan \u201cQR ile \u00d6de\u201d se\u00e7ene\u011finden a\u015fa\u011f\u0131da yer alan QR kodu okutarak\u00a0veya do\u011frudan QR koda t\u0131klayarak Down Sendromu Derne\u011fi\u2019ne diledi\u011finiz tutarda\u00a0ba\u011f\u0131\u015f\u0131n\u0131z\u0131 ger\u00e7ekle\u015ftirin,<\/li>\n<li>Ba\u011f\u0131\u015f i\u015fleminiz tamamland\u0131ktan sonra kitap BKM Express\u2019e kay\u0131tl\u0131 e-posta adresinize otomatik olarak g\u00f6nderilecektir. Keyifli okumalar dileriz!<\/li>\n<li><a href=\"https:\/\/www.bkmexpress.com.tr\/BKMExpress\/pub\/purchase\/paybylink\/paybylink.bkm?mid=a96e2918-a09d-4cee-8e7e-f96f3129c28b&#038;qrid=KODA2016-1768-4565-B052-DANHKitap=31https:\/\/www.bkmexpress.com.tr\/BKMExpress\/pub\/purchase\/paybylink\/paybylink.bkm?mid=a96e2918-a09d-4cee-8e7e-f96f3129c28b&#038;qrid=KODA2016-1768-4565-B052-DANHKitap=31\"><img loading=\"lazy\" decoding=\"async\" class=\"  aligncenter wp-image-5106\" src=\"https:\/\/bkm.com.tr\/wp-content\/uploads\/2018\/03\/hindistan_qr_logolu.png\" alt=\"hindistan_qr_logolu\" width=\"333\" height=\"252\" \/><\/a><\/li>\n<\/ul>\n<p><\/p>","protected":false},"excerpt":{"rendered":"<p>BKM ve\u00a0Abhaya Prasad Hota taraf\u0131ndan haz\u0131rlanan bu raporda,\u00a0 Son d\u00f6nemde \u201cDaha Az Nakit\u201d vizyonu do\u011frultusunda att\u0131\u011f\u0131 cesur ad\u0131mlarla ilerleyen Hindistan&#8217;\u0131n,\u00a0\u00a0Uzun y\u0131llar\u00a0nakitsizlik hareketinin merkezindeki kurumlardan biri NPCI\u2019n\u0131n CEO\u2019lu\u011funu yapm\u0131\u015f\u00a0Abhaya Prasad Hota\u2019n\u0131n bu konudaki tecr\u00fcbelerini, d\u00fc\u015f\u00fcncelerini ve 2023 Nakitsiz T\u00fcrkiye\u00a0yolunda \u00f6nerilerini bulabilirsiniz. Bu raporu indirmek i\u00e7in: BKM Express mobil uygulamas\u0131n\u0131 indirin, BKM Express\u2019e kay\u0131t olun ve kredi [&hellip;]<\/p>\n","protected":false},"author":27,"featured_media":0,"parent":0,"menu_order":0,"comment_status":"closed","ping_status":"open","template":"templates\/page--sidebar-yok.php","meta":{"footnotes":""},"_links":{"self":[{"href":"https:\/\/bkm.com.tr\/en\/wp-json\/wp\/v2\/pages\/5098"}],"collection":[{"href":"https:\/\/bkm.com.tr\/en\/wp-json\/wp\/v2\/pages"}],"about":[{"href":"https:\/\/bkm.com.tr\/en\/wp-json\/wp\/v2\/types\/page"}],"author":[{"embeddable":true,"href":"https:\/\/bkm.com.tr\/en\/wp-json\/wp\/v2\/users\/27"}],"replies":[{"embeddable":true,"href":"https:\/\/bkm.com.tr\/en\/wp-json\/wp\/v2\/comments?post=5098"}],"version-history":[{"count":7,"href":"https:\/\/bkm.com.tr\/en\/wp-json\/wp\/v2\/pages\/5098\/revisions"}],"predecessor-version":[{"id":9023,"href":"https:\/\/bkm.com.tr\/en\/wp-json\/wp\/v2\/pages\/5098\/revisions\/9023"}],"wp:attachment":[{"href":"https:\/\/bkm.com.tr\/en\/wp-json\/wp\/v2\/media?parent=5098"}],"curies":[{"name":"wp","href":"https:\/\/api.w.org\/{rel}","templated":true}]}}