{"id":530,"date":"2015-07-21T13:29:35","date_gmt":"2015-07-21T10:29:35","guid":{"rendered":"https:\/\/bkm.com.tr\/?page_id=530"},"modified":"2025-01-29T15:22:32","modified_gmt":"2025-01-29T12:22:32","slug":"ortaklar","status":"publish","type":"page","link":"https:\/\/bkm.com.tr\/en\/about-bkm\/member-and-partners\/partners\/","title":{"rendered":"Shareholders"},"content":{"rendered":"<ul class=\"brown-list\">\n<li><a href=\"https:\/\/www.tcmb.gov.tr\/\">T\u00fcrkiye Cumhuriyet Merkez Bankas\u0131 A.\u015e<\/a><\/li>\n<li><a href=\"http:\/\/www.halkbank.com.tr\/\" target=\"_blank\" rel=\"noopener\">T\u00fcrkiye Halk Bankas\u0131 A.\u015e<\/a><\/li>\n<li><a href=\"http:\/\/www.ziraatbank.com.tr\/\" target=\"_blank\" rel=\"noopener\">T.C. Ziraat Bankas\u0131 A.\u015e.<\/a><\/li>\n<li><a href=\"http:\/\/www.garanti.com.tr\/\" target=\"_blank\" rel=\"noopener\">T. Garanti Bankas\u0131 A.\u015e.<\/a><\/li>\n<li><a href=\"http:\/\/www.akbank.com\/\" target=\"_blank\" rel=\"noopener\">Akbank T.A.\u015e<\/a>.<\/li>\n<li><a href=\"http:\/\/www.isbank.com.tr\/\" target=\"_blank\" rel=\"noopener\">T\u00fcrkiye \u0130\u015f Bankas\u0131 A.\u015e.<\/a><\/li>\n<li><a href=\"http:\/\/www.yapikredi.com.tr\/tr-TR\/MainPage.aspx\" target=\"_blank\" rel=\"noopener\">Yap\u0131 ve Kredi Bankas\u0131 A.\u015e.<\/a><\/li>\n<li><a href=\"https:\/\/www.vakifbank.com.tr\/\" target=\"_blank\" rel=\"noopener\">T. Vak\u0131flar Bankas\u0131 T.A.O.<\/a><\/li>\n<li><a href=\"https:\/\/www.qnb.com.tr\/\">QNB Bank A.\u015e.\u00a0<\/a><\/li>\n<li><a href=\"http:\/\/www.ingbank.com.tr\/\" target=\"_blank\" rel=\"noopener\">ING Bank A.\u015e.<\/a><\/li>\n<li><a href=\"http:\/\/www.teb.com.tr\/\" target=\"_blank\" rel=\"noopener\">T\u00fcrk Ekonomi Bankas\u0131 A.\u015e<\/a><\/li>\n<\/ul>\n<p>&nbsp;<\/p>\n<p>30.04.2020 tarihinde ger\u00e7ekle\u015fen 2019 Y\u0131l\u0131na Ait Ola\u011fan Genel Kurul Toplant\u0131s\u0131yla yap\u0131lan sermaye art\u0131\u015f\u0131 sonucunda, T\u00fcrkiye Cumhuriyet Merkez Bankas\u0131, 6493 say\u0131l\u0131 Kanun\u2019un 8\u2019inci maddesinin d\u00f6rd\u00fcnc\u00fc f\u0131kras\u0131* uyar\u0131nca \u015firketimizin hissedarlar\u0131 aras\u0131na kat\u0131lm\u0131\u015ft\u0131r.<\/p>\n<p><strong><em>\u00a0<\/em><\/strong><\/p>\n<p><em>*20.6.2013 tarih ve 6493 say\u0131l\u0131 \u00d6deme ve Menkul K\u0131ymet Mutabakat Sistemleri, \u00d6deme Hizmetleri ve Elektronik Para Kurulu\u015flar\u0131 Hakk\u0131nda Kanun\u2019un 8\u2019inci maddesinin d\u00f6rd\u00fcnc\u00fc f\u0131kras\u0131 ile T\u00fcrkiye Cumhuriyet Merkez Bankas\u0131\u2019na \u201c\u00f6deme ve menkul k\u0131ymet mutabakat sistemlerinin kesintisiz i\u015fletimini sa\u011flamak amac\u0131yla sistemik \u00f6n<\/em><em>eme sahip kurulmu\u015f ve kurulacak sistem i\u015fleticilerine hissedar olabilme\u201d yetkisi verilmi\u015f bulunmaktad\u0131r.<\/em><\/p>\n<p>&nbsp;<\/p>\n<p>&nbsp;<\/p>\n","protected":false},"excerpt":{"rendered":"<p>T\u00fcrkiye Cumhuriyet Merkez Bankas\u0131 A.\u015e T\u00fcrkiye Halk Bankas\u0131 A.\u015e T.C. Ziraat Bankas\u0131 A.\u015e. T. Garanti Bankas\u0131 A.\u015e. Akbank T.A.\u015e. T\u00fcrkiye \u0130\u015f Bankas\u0131 A.\u015e. Yap\u0131 ve Kredi Bankas\u0131 A.\u015e. T. Vak\u0131flar Bankas\u0131 T.A.O. QNB Bank A.\u015e.\u00a0 ING Bank A.\u015e. T\u00fcrk Ekonomi Bankas\u0131 A.\u015e &nbsp; 30.04.2020 tarihinde ger\u00e7ekle\u015fen 2019 Y\u0131l\u0131na Ait Ola\u011fan Genel Kurul Toplant\u0131s\u0131yla yap\u0131lan sermaye [&hellip;]<\/p>\n","protected":false},"author":1,"featured_media":0,"parent":16,"menu_order":0,"comment_status":"open","ping_status":"open","template":"","meta":{"footnotes":""},"_links":{"self":[{"href":"https:\/\/bkm.com.tr\/en\/wp-json\/wp\/v2\/pages\/530"}],"collection":[{"href":"https:\/\/bkm.com.tr\/en\/wp-json\/wp\/v2\/pages"}],"about":[{"href":"https:\/\/bkm.com.tr\/en\/wp-json\/wp\/v2\/types\/page"}],"author":[{"embeddable":true,"href":"https:\/\/bkm.com.tr\/en\/wp-json\/wp\/v2\/users\/1"}],"replies":[{"embeddable":true,"href":"https:\/\/bkm.com.tr\/en\/wp-json\/wp\/v2\/comments?post=530"}],"version-history":[{"count":23,"href":"https:\/\/bkm.com.tr\/en\/wp-json\/wp\/v2\/pages\/530\/revisions"}],"predecessor-version":[{"id":9599,"href":"https:\/\/bkm.com.tr\/en\/wp-json\/wp\/v2\/pages\/530\/revisions\/9599"}],"up":[{"embeddable":true,"href":"https:\/\/bkm.com.tr\/en\/wp-json\/wp\/v2\/pages\/16"}],"wp:attachment":[{"href":"https:\/\/bkm.com.tr\/en\/wp-json\/wp\/v2\/media?parent=530"}],"curies":[{"name":"wp","href":"https:\/\/api.w.org\/{rel}","templated":true}]}}