{"id":5305,"date":"2018-06-07T14:20:09","date_gmt":"2018-06-07T11:20:09","guid":{"rendered":"https:\/\/bkm.com.tr\/?page_id=5305"},"modified":"2024-04-02T14:56:56","modified_gmt":"2024-04-02T11:56:56","slug":"paranin-seruveni","status":"publish","type":"page","link":"https:\/\/bkm.com.tr\/en\/paranin-seruveni\/","title":{"rendered":"Paran\u0131n Ser\u00fcveni"},"content":{"rendered":"<p><\/p>\n<p><p>Art\u0131k bizim anlad\u0131\u011f\u0131m\u0131z para kavram\u0131ndan, bizleri anlayan yeni bir para tan\u0131m\u0131na do\u011fru ilerliyoruz. Ahmet Usta ve BKM \u00f6nderli\u011finde haz\u0131rlanan bu \u00e7al\u0131\u015fma, bu d\u00f6n\u00fc\u015f\u00fcm\u00fc g\u00f6zler \u00f6n\u00fcne sermek ve gelecekte paran\u0131n y<img loading=\"lazy\" decoding=\"async\" class=\"  wp-image-5291 alignright\" src=\"https:\/\/bkm.com.tr\/wp-content\/uploads\/2018\/06\/paraninseruveni.png\" alt=\"paraninseruveni\" width=\"192\" height=\"192\" \/>ap\u0131s\u0131n\u0131n ve rol\u00fcn\u00fcn nereye gidece\u011fine dair bir beyin jimnasti\u011fi yapmak \u00fczere haz\u0131rlanm\u0131\u015ft\u0131r.<\/p>\n<p>Bu kitab\u0131 indirmek i\u00e7in:<\/p>\n<ul>\n<li>BKM Express mobil uygulamas\u0131n\u0131 indirin,<\/li>\n<li><a href=\"https:\/\/bkmexpress.com.tr\/\" target=\"_blank\" rel=\"noopener\">BKM Express<\/a>\u2019e kay\u0131t olun ve kredi kart\u0131n\u0131z\u0131 ekleyin,<\/li>\n<li>Uygulama i\u00e7erisinde yer alan \u201cQR ile \u00d6de\u201d se\u00e7ene\u011finden a\u015fa\u011f\u0131da yer alan QR kodu okutarak\u00a0veya do\u011frudan QR koda t\u0131klayarak\u00a0Ka\u00e7uv&#8217;a\u00a0diledi\u011finiz tutarda\u00a0ba\u011f\u0131\u015f\u0131n\u0131z\u0131 ger\u00e7ekle\u015ftirin,<\/li>\n<li>Ba\u011f\u0131\u015f i\u015fleminiz tamamland\u0131ktan sonra kitap BKM Express\u2019e kay\u0131tl\u0131 e-posta adresinize otomatik olarak g\u00f6nderilecektir. Keyifli okumalar dileriz!<a href=\"https:\/\/www.bkmexpress.com.tr\/BKMExpress\/pub\/purchase\/paybylink\/paybylink.bkm?mid=916d8817-b2a9-43ae-90d8-0297d9cc954e&#038;qrid=KACUV018-1768-4565-B052-PARAKitap=35\"><img loading=\"lazy\" decoding=\"async\" class=\"  aligncenter wp-image-5307\" src=\"https:\/\/bkm.com.tr\/wp-content\/uploads\/2018\/06\/Kacuv_paraninseruveni_qr.png\" alt=\"Kacuv_paraninseruveni_qr\" width=\"470\" height=\"355\" \/><\/a><\/li>\n<\/ul>\n<p><\/p>","protected":false},"excerpt":{"rendered":"<p>Art\u0131k bizim anlad\u0131\u011f\u0131m\u0131z para kavram\u0131ndan, bizleri anlayan yeni bir para tan\u0131m\u0131na do\u011fru ilerliyoruz. Ahmet Usta ve BKM \u00f6nderli\u011finde haz\u0131rlanan bu \u00e7al\u0131\u015fma, bu d\u00f6n\u00fc\u015f\u00fcm\u00fc g\u00f6zler \u00f6n\u00fcne sermek ve gelecekte paran\u0131n yap\u0131s\u0131n\u0131n ve rol\u00fcn\u00fcn nereye gidece\u011fine dair bir beyin jimnasti\u011fi yapmak \u00fczere haz\u0131rlanm\u0131\u015ft\u0131r. Bu kitab\u0131 indirmek i\u00e7in: BKM Express mobil uygulamas\u0131n\u0131 indirin, BKM Express\u2019e kay\u0131t olun ve [&hellip;]<\/p>\n","protected":false},"author":27,"featured_media":0,"parent":0,"menu_order":0,"comment_status":"closed","ping_status":"open","template":"templates\/page--sidebar-yok.php","meta":{"footnotes":""},"_links":{"self":[{"href":"https:\/\/bkm.com.tr\/en\/wp-json\/wp\/v2\/pages\/5305"}],"collection":[{"href":"https:\/\/bkm.com.tr\/en\/wp-json\/wp\/v2\/pages"}],"about":[{"href":"https:\/\/bkm.com.tr\/en\/wp-json\/wp\/v2\/types\/page"}],"author":[{"embeddable":true,"href":"https:\/\/bkm.com.tr\/en\/wp-json\/wp\/v2\/users\/27"}],"replies":[{"embeddable":true,"href":"https:\/\/bkm.com.tr\/en\/wp-json\/wp\/v2\/comments?post=5305"}],"version-history":[{"count":3,"href":"https:\/\/bkm.com.tr\/en\/wp-json\/wp\/v2\/pages\/5305\/revisions"}],"predecessor-version":[{"id":9024,"href":"https:\/\/bkm.com.tr\/en\/wp-json\/wp\/v2\/pages\/5305\/revisions\/9024"}],"wp:attachment":[{"href":"https:\/\/bkm.com.tr\/en\/wp-json\/wp\/v2\/media?parent=5305"}],"curies":[{"name":"wp","href":"https:\/\/api.w.org\/{rel}","templated":true}]}}