{"id":533,"date":"2015-07-21T13:30:10","date_gmt":"2015-07-21T10:30:10","guid":{"rendered":"https:\/\/bkm.com.tr\/?page_id=533"},"modified":"2026-01-22T10:07:34","modified_gmt":"2026-01-22T07:07:34","slug":"uyeler","status":"publish","type":"page","link":"https:\/\/bkm.com.tr\/en\/about-bkm\/member-and-partners\/members\/","title":{"rendered":"BKM Members"},"content":{"rendered":"<p><\/p>\n<p>&nbsp;<\/p>\n<h4>BKM Members With Bank Status<\/h4>\n<ol>\n<li style=\"list-style-type: none;\">\n<ol>\n<li><a href=\"http:\/\/www.akbank.com.tr\/\">Akbank T.A.\u015e.<\/a><\/li>\n<li><a href=\"https:\/\/www.aktifbank.com.tr\/\">Aktif Yat\u0131r\u0131m Bankas\u0131 A.\u015e.<\/a><\/li>\n<li><a href=\"http:\/\/www.albarakaturk.com.tr\/\">Albaraka T\u00fcrk Kat\u0131l\u0131m Bankas\u0131 A.\u015e.<\/a><\/li>\n<li><a href=\"http:\/\/www.abank.com.tr\/\">Alternatifbank A.\u015e.<\/a><\/li>\n<li><a href=\"http:\/\/www.anadolubank.com.tr\/content\/index.php\">Anadolubank A.\u015e.<\/a><\/li>\n<li><a href=\"https:\/\/www.atbank.com.tr\/en\">Arap T\u00fcrk Bankas\u0131 A.\u015e.<\/a><\/li>\n<li><a href=\"https:\/\/www.bankpozitif.com.tr\/\">Bankpozitif Kredi ve Kalk\u0131nma Bankas\u0131 A.\u015e.<\/a><\/li>\n<li><a href=\"http:\/\/www.burgan.com.tr\/\">Burgan Bank A.\u015e.<\/a><\/li>\n<li><a href=\"https:\/\/www.citibank.com.tr\/\">Citibank A.\u015e.<\/a><\/li>\n<li><a href=\"http:\/\/www.denizbank.com\/\">Denizbank A.\u015e.<\/a><\/li>\n<li><a href=\"https:\/\/dunyakatilim.com.tr\/\">D\u00fcnya Kat\u0131l\u0131m Bankas\u0131 A.\u015e.<\/a><\/li>\n<li><a href=\"https:\/\/www.enpara.com\/\">Enpara Bank A.\u015e.<\/a><\/li>\n<li><a href=\"https:\/\/www.fibabanka.com.tr\/\">Fibabanka A.\u015e.<\/a><\/li>\n<li><a href=\"http:\/\/www.fupsbank.com\">FUPS Bank A.\u015e.<\/a><\/li>\n<li><a href=\"https:\/\/goldenglobalbank.com.tr\/\">Golden Global Yat\u0131r\u0131m Bankas\u0131 A.\u015e.<\/a><\/li>\n<li><a href=\"https:\/\/www.hayatfinans.com.tr\/en\" target=\"_blank\" rel=\"noopener\">Hayat Finans Kat\u0131l\u0131m Bankas\u0131 A.\u015e.<\/a><\/li>\n<li><a href=\"http:\/\/www.hsbc.com.tr\/\">HSBC Bank A.\u015e.<\/a><\/li>\n<li><a href=\"http:\/\/www.icbc.com.tr\/portal\/index.htm\">ICBC Turkey Bank A.\u015e.<\/a><\/li>\n<li><a href=\"http:\/\/www.ingbank.com.tr\/\">ING Bank A.\u015e.<\/a><\/li>\n<li><a href=\"http:\/\/www.kuveytturk.com.tr\/\">Kuveyt T\u00fcrk Kat\u0131l\u0131m Bankas\u0131 A.\u015e.<\/a><\/li>\n<li><a href=\"https:\/\/www.nurol.com.tr\/en\/nurol-investment-bank\">Nurol Yat\u0131r\u0131m Bankas\u0131 A.\u015e.<\/a><\/li>\n<li><a href=\"http:\/\/www.odeabank.com.tr\/\">Odea Bank A.\u015e.<\/a><\/li>\n<li><a href=\"https:\/\/www.qnb.com.tr\/\">QNB Bank A.\u015e.<\/a><\/li>\n<li><a href=\"http:\/\/www.sekerbank.com.tr\/\">\u015eekerbank T.A.\u015e.<\/a><\/li>\n<li><a href=\"http:\/\/www.ziraatbank.com.tr\/tr\/index.html\">T.C. Ziraat Bankas\u0131 A.\u015e.<\/a><\/li>\n<li><a href=\"https:\/\/www.tombank.com.tr\/\" target=\"_blank\" rel=\"noopener\">T.O.M. Kat\u0131l\u0131m Bankas\u0131 A.\u015e.<\/a><\/li>\n<li><a href=\"https:\/\/www.turkishbank.com\/\">Turkish Bank A.\u015e.<\/a><\/li>\n<li><a href=\"http:\/\/www.tbank.com.tr\/\">Turkland Bank A.\u015e.<\/a><\/li>\n<li><a href=\"http:\/\/www.teb.com.tr\/\">T\u00fcrk Ekonomi Bankas\u0131 A.\u015e.<\/a><\/li>\n<li><a href=\"http:\/\/www.emlakbank.com.tr\/\">T\u00fcrkiye Emlak Kat\u0131l\u0131m Bankas\u0131 A.\u015e.<\/a><\/li>\n<li><a href=\"http:\/\/www.turkiyefinans.com.tr\/\">T\u00fcrkiye Finans Kat\u0131l\u0131m Bankas\u0131 A.\u015e.<\/a><\/li>\n<li><a href=\"http:\/\/www.halkbank.com.tr\/\">T\u00fcrkiye Halk Bankas\u0131 A.\u015e<\/a><\/li>\n<li><a href=\"http:\/\/www.isbank.com.tr\/\">T\u00fcrkiye \u0130\u015f Bankas\u0131 A.\u015e.<\/a><\/li>\n<li><a href=\"https:\/\/www.turkticaretbankasi.com.tr\/\">T\u00fcrk Ticaret Bankas\u0131 A.\u015e<\/a><\/li>\n<li><a href=\"https:\/\/www.garantibbva.com.tr\/\">T. Garanti Bankas\u0131 A.\u015e.<\/a><\/li>\n<li><a href=\"https:\/\/www.vakifbank.com.tr\/English.aspx?pageID=977\">T. Vak\u0131flar Bankas\u0131 T.A.O.<\/a><\/li>\n<li><a href=\"https:\/\/www.vakifbank.com.tr\/tr\">Vak\u0131f Kat\u0131l\u0131m Bankas\u0131 A.\u015e.<\/a><\/li>\n<li><a href=\"http:\/\/www.yapikredi.com.tr\/\">Yap\u0131 ve Kredi Bankas\u0131 A.\u015e.<\/a><\/li>\n<li><a href=\"https:\/\/www.ziraatdinamik.com.tr\/tr\/kendim-icin\">Ziraat Dinamik Banka A.\u015e.<\/a><\/li>\n<li><a href=\"http:\/\/www.ziraatkatilim.com.tr\/\">Ziraat Kat\u0131l\u0131m Bankas\u0131 A.\u015e<\/a><\/li>\n<\/ol>\n<\/li>\n<\/ol>\n<p>&nbsp;<\/p>\n<p>&nbsp;<\/p>\n<h4>BKM Members With Institution Status<\/h4>\n<ol>\n<li style=\"list-style-type: none;\">\n<ol>\n<li><a href=\"https:\/\/www.ahlpay.com.tr\/\">Ahlatc\u0131 \u00d6deme ve Elektronik Para Hizmetleri A.\u015e.\u00a0\u00a0<\/a><\/li>\n<li><a href=\"https:\/\/www.moneytolia.com\/\">AS \u00d6deme Hizmetleri ve Elektronik Para A.\u015e.<\/a><\/li>\n<li><a href=\"https:\/\/www.belbim.istanbul\/\" target=\"_blank\" rel=\"noopener\">Belbim Elektronik Para ve \u00d6deme Hizmetleri A.\u015e.<\/a><\/li>\n<li><a href=\"https:\/\/www.bpn.com.tr\/\">BPN \u00d6deme Hizmetleri ve Elektronik Para A.\u015e.<\/a><\/li>\n<li><a href=\"https:\/\/dgpara.com\/\">Dgpara \u00d6deme ve Elektronik Para Kurulu\u015fu A.\u015e.<\/a><\/li>\n<li><a href=\"https:\/\/payinall.com\/?lang=en\">Erpa \u00d6deme Hizmetleri ve Elektronik Para A.\u015e. <\/a><\/li>\n<li><a href=\"https:\/\/www.hayhay.com\/\">Hayhay Elektronik Para ve \u00d6deme Hizmetleri A.\u015e.<\/a><\/li>\n<li><a href=\"https:\/\/ist-pay.com\/\">\u0130stanbul \u00d6deme ve Elektronik Para A.\u015e.<\/a><\/li>\n<li><a href=\"https:\/\/www.iyzico.com\/\">\u0130yzi \u00d6deme ve Elektronik Para Hizmetleri A.\u015e<\/a><\/li>\n<li><a href=\"https:\/\/fups.com\/\">Lydians Elektronik Para ve \u00d6deme Hizmetleri A.\u015e.<\/a><\/li>\n<li><a href=\"https:\/\/www.mokaunited.com\/tr\">Moka United \u00d6deme Hizmetleri ve Elektronik Para Kurulu\u015fu A.\u015e.<\/a><\/li>\n<li><a href=\"https:\/\/www.moneypay.com.tr\/\" target=\"_blank\" rel=\"noopener\">Moneypay \u00d6deme ve Elektronik Para Hizmetleri A.\u015e.<\/a><\/li>\n<li><a href=\"https:\/\/ozan.com\/\">Ozan Elektronik Para A.\u015e.<\/a><\/li>\n<li><a href=\"https:\/\/www.peple.com.tr\/\">Paladyum Elektronik Para ve \u00d6deme Hizmetleri A.\u015e.<\/a><\/li>\n<li><a href=\"http:\/\/www.papara.com\/\">Papara Elektronik Para A.\u015e.<\/a><\/li>\n<li><a href=\"https:\/\/parolapara.com\/\">Parolapara Elektronik Para ve \u00d6deme Hizmetleri A.\u015e.<\/a><\/li>\n<li><a href=\"https:\/\/papel.com.tr\/\">Papel Elektronik Para ve \u00d6deme Hizmetleri A.\u015e.<\/a><\/li>\n<li><a href=\"https:\/\/paratim.com.tr\/anasayfa\">Paratim \u00d6deme ve Elektronik Para Kurulu\u015fu A.\u015e.<\/a><\/li>\n<li><a href=\"https:\/\/payco.com.tr\/\">Payco Elektronik Para ve \u00d6deme Hizmetleri A.\u015e.<\/a><\/li>\n<li><a href=\"https:\/\/www.payporter.com.tr\/\">Payporter \u00d6deme Hizmetleri ve Elektronik Para A.\u015e.<\/a><\/li>\n<li><a href=\"http:\/\/www.ptt.gov.tr\/\">Posta ve Telgraf Te\u015fkilat\u0131 A.\u015e.<\/a><\/li>\n<li><a href=\"https:\/\/www.pratikislem.com.tr\/\">Pratik \u0130\u015flem \u00d6deme ve Elektronik Para A.\u015e.<\/a><\/li>\n<li><a href=\"https:\/\/sipay.com.tr\/\">Sipay Elektronik Para ve \u00d6deme Hizmetleri A.\u015e.<\/a><\/li>\n<li><a href=\"https:\/\/oderopay.com.tr\/\">Token \u00d6deme Hizmetleri ve Elektronik Para A.\u015e.<\/a><\/li>\n<li><a href=\"https:\/\/tompay.com.tr\/\" target=\"_blank\" rel=\"noopener\">Tom\u00a0Pay Elektronik Para ve \u00d6deme Hizmetleri A.\u015e.\u00a0<\/a><\/li>\n<li><a href=\"https:\/\/www.turktelekomodemehizmetleri.com\/\">TT \u00d6deme ve Elektronik Para Hizmetleri A.\u015e.<\/a><\/li>\n<li><a href=\"https:\/\/turkpara.com.tr\/\">TURK Elektronik Para A.\u015e.<\/a><\/li>\n<li><a href=\"https:\/\/paycell.com.tr\/\">Turkcell \u00d6deme ve Elektronik Para Hizmetleri A.\u015e.<\/a><\/li>\n<li><a href=\"https:\/\/turkonay.com.tr\/\">Turkonay Elektronik Para ve \u00d6deme Hizmetleri A.\u015e.\u00a0<\/a><\/li>\n<li><a href=\"https:\/\/www.vepara.com.tr\/\">Vepara Elektronik Para ve \u00d6deme Hizmetleri A.\u015e.<\/a><\/li>\n<li><a href=\"https:\/\/www.vizyonpay.com\/\" target=\"_blank\" rel=\"noopener\">Vizyon Elektronik Para ve \u00d6deme Hizmetleri A.\u015e.<\/a><\/li>\n<li><a href=\"https:\/\/vodafonepay.com.tr\/\">Vodafone Elektronik Para ve \u00d6deme Hizmetleri A.\u015e.<\/a><\/li>\n<li><a href=\"https:\/\/www.1000pay.com\/\">1000 \u00d6deme Hizmetleri ve Elektronik Para A.\u015e.<\/a><\/li>\n<\/ol>\n<\/li>\n<\/ol>\n<p>&nbsp;<\/p>\n<h4>\u00a0<\/h4>\n<h4>BKM Members With Service Provider Status<\/h4>\n<ol>\n<li style=\"list-style-type: none;\">\n<ol>\n<li><a href=\"https:\/\/www.aktiftech.com\/\">Aktiftech Teknoloji A.\u015e.<\/a><\/li>\n<li><a href=\"http:\/\/www.bilesim.net.tr\/\">Bile\u015fim Alternatif Da\u011f\u0131t\u0131m Kanallar\u0131 A.\u015e.<\/a><\/li>\n<li><a href=\"https:\/\/www.cibpays.com\/\">CIB Finansal Dan\u0131\u015fmanl\u0131k Hizmetleri A.\u015e.<\/a><\/li>\n<li><a href=\"http:\/\/dgpays.com\/\">Dgpays Bili\u015fim Hizmetleri A.\u015e.<\/a><\/li>\n<li><a href=\"https:\/\/garantibbvaodemesistemleri.com\/\">Garanti \u00d6deme Sistemleri A.\u015e.<\/a><\/li>\n<li><a href=\"http:\/\/www.paycore.com\/\">KARB\u0130L Yaz\u0131l\u0131m ve Bili\u015fim Teknolojileri Tic. A.\u015e.<\/a><\/li>\n<li><a href=\"https:\/\/payantis.com\/\">Payantis Finansal Teknoloji A.\u015e.<\/a><\/li>\n<li><a href=\"https:\/\/www.paycore.com\/\">Paycore \u00d6deme Hizmetleri Takas ve Mutabakat Sistemleri A.\u015e.<\/a><\/li>\n<li><a href=\"http:\/\/www.turkfinansal.com.tr\/\">Turk Finansal Teknoloji A.\u015e<\/a>.<\/li>\n<li><a href=\"https:\/\/www.wechiptech.com\/\">Wechip \u00d6deme Teknolojileri A.\u015e.\u00a0<\/a><\/li>\n<\/ol>\n<\/li>\n<\/ol>\n<p>&nbsp;<\/p>\n<p>&nbsp;<\/p>\n<p>BKM Members with Bank or Institution Status, have right to use BKM Product and Services of Domestic Clearing and Settlement (YTH) System, Other Clearing and Settlement Services, Routing Services, Databases \/ Management Systems, Public Debt Collection Solutions, Payment Solutions, BKM Academy, BKM Express and Other Services detailed on Product and Services page.<\/p>\n<p>&nbsp;<\/p>\n<p>&nbsp;<\/p>\n<p>&nbsp;<\/p>\n<p>&nbsp;<\/p>\n<p>&nbsp;<\/p>\n<p>&nbsp;<\/p>\n<p>&nbsp;<\/p>\n<p>&nbsp;<\/p>\n<p>&nbsp;<\/p>\n<p>&nbsp;<\/p>\n<p><\/p>","protected":false},"excerpt":{"rendered":"<p>&nbsp; BKM Members With Bank Status Akbank T.A.\u015e. Aktif Yat\u0131r\u0131m Bankas\u0131 A.\u015e. Albaraka T\u00fcrk Kat\u0131l\u0131m Bankas\u0131 A.\u015e. Alternatifbank A.\u015e. Anadolubank A.\u015e. Arap T\u00fcrk Bankas\u0131 A.\u015e. Bankpozitif Kredi ve Kalk\u0131nma Bankas\u0131 A.\u015e. Burgan Bank A.\u015e. Citibank A.\u015e. Denizbank A.\u015e. D\u00fcnya Kat\u0131l\u0131m Bankas\u0131 A.\u015e. Enpara Bank A.\u015e. Fibabanka A.\u015e. FUPS Bank A.\u015e. Golden Global Yat\u0131r\u0131m Bankas\u0131 A.\u015e. [&hellip;]<\/p>\n","protected":false},"author":1,"featured_media":0,"parent":16,"menu_order":0,"comment_status":"open","ping_status":"open","template":"","meta":{"footnotes":""},"_links":{"self":[{"href":"https:\/\/bkm.com.tr\/en\/wp-json\/wp\/v2\/pages\/533"}],"collection":[{"href":"https:\/\/bkm.com.tr\/en\/wp-json\/wp\/v2\/pages"}],"about":[{"href":"https:\/\/bkm.com.tr\/en\/wp-json\/wp\/v2\/types\/page"}],"author":[{"embeddable":true,"href":"https:\/\/bkm.com.tr\/en\/wp-json\/wp\/v2\/users\/1"}],"replies":[{"embeddable":true,"href":"https:\/\/bkm.com.tr\/en\/wp-json\/wp\/v2\/comments?post=533"}],"version-history":[{"count":150,"href":"https:\/\/bkm.com.tr\/en\/wp-json\/wp\/v2\/pages\/533\/revisions"}],"predecessor-version":[{"id":10161,"href":"https:\/\/bkm.com.tr\/en\/wp-json\/wp\/v2\/pages\/533\/revisions\/10161"}],"up":[{"embeddable":true,"href":"https:\/\/bkm.com.tr\/en\/wp-json\/wp\/v2\/pages\/16"}],"wp:attachment":[{"href":"https:\/\/bkm.com.tr\/en\/wp-json\/wp\/v2\/media?parent=533"}],"curies":[{"name":"wp","href":"https:\/\/api.w.org\/{rel}","templated":true}]}}