{"id":6438,"date":"2019-12-12T12:50:07","date_gmt":"2019-12-12T09:50:07","guid":{"rendered":"https:\/\/bkm.com.tr\/?page_id=6438"},"modified":"2019-12-12T17:29:47","modified_gmt":"2019-12-12T14:29:47","slug":"kamuoyu-bilgilendirmesi","status":"publish","type":"page","link":"https:\/\/bkm.com.tr\/en\/tr-kamuoyu-bilgilendirmesi\/","title":{"rendered":"(TR) Kamuoyu Bilgilendirmesi"},"content":{"rendered":"<p><\/p>\n<p>Bas\u0131na yans\u0131yan, T\u00fcrkiye\u2019de baz\u0131 kredi kart\u0131 bilgilerinin \u00e7al\u0131nd\u0131\u011f\u0131na ili\u015fkin haberler, d\u00fczenleyici otoriteler, kart \u00e7\u0131karan kurulu\u015flar ve ilgili t\u00fcm payda\u015flarca titizlikle takip edilmektedir.<\/p>\n<p>Banka kart\u0131 ve kredi kartlar\u0131 kanun ve y\u00f6netmeliklerine g\u00f6re \u00fclkemizde t\u00fcm \u00f6deme kartlar\u0131, kullan\u0131c\u0131lar\u0131 doland\u0131r\u0131c\u0131l\u0131k risklerine kar\u015f\u0131 g\u00fcncel uluslararas\u0131 standartlarla korunmaktad\u0131r.<\/p>\n<p>T\u00fcrkiye\u2019de faaliyet g\u00f6steren t\u00fcm kart \u00e7\u0131karan kurulu\u015flar, g\u00fcvenlik hizmetleri ve sahtekarl\u0131kla m\u00fccadele eden \u00e7\u00f6z\u00fcmleriyle kart bilgilerini s\u0131k\u0131 bir bi\u00e7imde korumaya her daim \u00f6zen g\u00f6stermektedir. Bu kapsamda, zaman zaman baz\u0131 internet sitelerinden \u00e7al\u0131nd\u0131\u011f\u0131 iddia edilen kartlara ili\u015fkin i\u015flemler, kart \u00e7\u0131karan kurulu\u015flar taraf\u0131ndan yak\u0131ndan takip edilerek gerekli \u00f6nlemler al\u0131nmaktad\u0131r.<\/p>\n<p>T\u00fcm kullan\u0131c\u0131lar kart g\u00fcvenli\u011fiyle ilgili her t\u00fcrl\u00fc g\u00fcncel bilgiye\u00a0<a href=\"http:\/\/www.bilgiguvende.com\">www.bilgiguvende.com<\/a>\u00a0adresinden her zaman ula\u015fabilmektedir.<\/p>\n<p>Kamuoyuna sayg\u0131yla duyurulur.<\/p>\n<p>Bankalararas\u0131 Kart Merkezi<\/p>\n<p>12.12.2019<\/p>\n<p>&nbsp;<\/p>\n<p><\/p>","protected":false},"excerpt":{"rendered":"<p>Bas\u0131na yans\u0131yan, T\u00fcrkiye\u2019de baz\u0131 kredi kart\u0131 bilgilerinin \u00e7al\u0131nd\u0131\u011f\u0131na ili\u015fkin haberler, d\u00fczenleyici otoriteler, kart \u00e7\u0131karan kurulu\u015flar ve ilgili t\u00fcm payda\u015flarca titizlikle takip edilmektedir. Banka kart\u0131 ve kredi kartlar\u0131 kanun ve y\u00f6netmeliklerine g\u00f6re \u00fclkemizde t\u00fcm \u00f6deme kartlar\u0131, kullan\u0131c\u0131lar\u0131 doland\u0131r\u0131c\u0131l\u0131k risklerine kar\u015f\u0131 g\u00fcncel uluslararas\u0131 standartlarla korunmaktad\u0131r. T\u00fcrkiye\u2019de faaliyet g\u00f6steren t\u00fcm kart \u00e7\u0131karan kurulu\u015flar, g\u00fcvenlik hizmetleri ve sahtekarl\u0131kla m\u00fccadele [&hellip;]<\/p>\n","protected":false},"author":27,"featured_media":0,"parent":0,"menu_order":0,"comment_status":"closed","ping_status":"open","template":"templates\/page--sidebar-yok.php","meta":{"footnotes":""},"_links":{"self":[{"href":"https:\/\/bkm.com.tr\/en\/wp-json\/wp\/v2\/pages\/6438"}],"collection":[{"href":"https:\/\/bkm.com.tr\/en\/wp-json\/wp\/v2\/pages"}],"about":[{"href":"https:\/\/bkm.com.tr\/en\/wp-json\/wp\/v2\/types\/page"}],"author":[{"embeddable":true,"href":"https:\/\/bkm.com.tr\/en\/wp-json\/wp\/v2\/users\/27"}],"replies":[{"embeddable":true,"href":"https:\/\/bkm.com.tr\/en\/wp-json\/wp\/v2\/comments?post=6438"}],"version-history":[{"count":5,"href":"https:\/\/bkm.com.tr\/en\/wp-json\/wp\/v2\/pages\/6438\/revisions"}],"predecessor-version":[{"id":6454,"href":"https:\/\/bkm.com.tr\/en\/wp-json\/wp\/v2\/pages\/6438\/revisions\/6454"}],"wp:attachment":[{"href":"https:\/\/bkm.com.tr\/en\/wp-json\/wp\/v2\/media?parent=6438"}],"curies":[{"name":"wp","href":"https:\/\/api.w.org\/{rel}","templated":true}]}}