{"id":6593,"date":"2020-03-16T12:51:32","date_gmt":"2020-03-16T09:51:32","guid":{"rendered":"https:\/\/bkm.com.tr\/?page_id=6593"},"modified":"2024-04-02T15:00:07","modified_gmt":"2024-04-02T12:00:07","slug":"dijitalin-pesinde-referanslar","status":"publish","type":"page","link":"https:\/\/bkm.com.tr\/en\/tr-dijitalin-pesinde\/","title":{"rendered":"(TR) Dijitalin Pe\u015finde Bir De\u011fi\u015fim ve D\u00f6n\u00fc\u015f\u00fcm Hikayesi"},"content":{"rendered":"<p><\/p>\n<\/p>\n<p><\/p>","protected":false},"excerpt":{"rendered":"","protected":false},"author":27,"featured_media":0,"parent":0,"menu_order":0,"comment_status":"closed","ping_status":"open","template":"templates\/page--sidebar-yok.php","meta":{"footnotes":""},"_links":{"self":[{"href":"https:\/\/bkm.com.tr\/en\/wp-json\/wp\/v2\/pages\/6593"}],"collection":[{"href":"https:\/\/bkm.com.tr\/en\/wp-json\/wp\/v2\/pages"}],"about":[{"href":"https:\/\/bkm.com.tr\/en\/wp-json\/wp\/v2\/types\/page"}],"author":[{"embeddable":true,"href":"https:\/\/bkm.com.tr\/en\/wp-json\/wp\/v2\/users\/27"}],"replies":[{"embeddable":true,"href":"https:\/\/bkm.com.tr\/en\/wp-json\/wp\/v2\/comments?post=6593"}],"version-history":[{"count":19,"href":"https:\/\/bkm.com.tr\/en\/wp-json\/wp\/v2\/pages\/6593\/revisions"}],"predecessor-version":[{"id":9026,"href":"https:\/\/bkm.com.tr\/en\/wp-json\/wp\/v2\/pages\/6593\/revisions\/9026"}],"wp:attachment":[{"href":"https:\/\/bkm.com.tr\/en\/wp-json\/wp\/v2\/media?parent=6593"}],"curies":[{"name":"wp","href":"https:\/\/api.w.org\/{rel}","templated":true}]}}