{"id":7106,"date":"2021-01-04T13:36:53","date_gmt":"2021-01-04T10:36:53","guid":{"rendered":"https:\/\/bkm.com.tr\/?page_id=7106"},"modified":"2026-01-05T14:25:19","modified_gmt":"2026-01-05T11:25:19","slug":"kolay-adresleme","status":"publish","type":"page","link":"https:\/\/bkm.com.tr\/en\/products-and-services\/proxy-addressing\/","title":{"rendered":"Proxy Addressing (KOLAS)"},"content":{"rendered":"<p><\/p>\n<p><strong>What\u2019s Proxy Addressing?<\/strong><\/p>\n<p>Proxy Addressing; Instead of your account number (IBAN) to the person you want to send you money or make a payment, it is your information that you can identify through the channels of the banks\/e-money companies where you have your account, and which is easier to enter and use.<\/p>\n<p>Your accounts can match with your phone number, e-mail address, T.R. citizenship ID, Tax Identification Number, Foreign Identification Number, Passport Number information with your Proxy Address and request that the Proxy Address information you have determined for your account be used instead of the account number in money transfers.<\/p>\n<p>To define your Proxy Addresses, you should use the channels of the banks\/e-money companies where your account is located.<\/p>\n<p><strong>How to save Proxy Address?<\/strong><\/p>\n<ul>\n<li>Log in to the channel of the banks\/e-money companies where you have an account providing Proxy Address service.<\/li>\n<li>Select the Proxy Address Definition\/Registration menu<\/li>\n<li>Match the account for which you want to define a Proxy Address with the Proxy Address information you want to correspond to this account<\/li>\n<\/ul>\n<p><strong>How to use Proxy Address?<\/strong><\/p>\n<ul>\n<li>Share the Proxy Address information you defined for the account you want the money to come from, to the person who wants to send you money.<\/li>\n<li>It will be sufficient for the person sending you money to write this information in the recipient account field.<\/li>\n<li>The person sending money will see your name masked and can be sure that they are sending it to the right person.<\/li>\n<li>Money transfer transactions with Proxy Address registration will begin to be used with the FAST system, which is the instant fund transfer service operated by the CBRT.<\/li>\n<li>In order to send money via Proxy Address registration, the banks\/e-money companies where the person sending you money has an account must be ready for the FAST system.<\/li>\n<\/ul>\n<p>&nbsp;<\/p>\n<p><strong>What is FAST (Instant and Continuous Transfer of Funds)?<\/strong><\/p>\n<p>It is an instant payment system operated by the Central Bank of the Republic of Turkey (CBRT).<\/p>\n<p>With this system called FAST (Instant and Continuous Transfer of Funds), our citizens will be able to transfer money between their accounts in different banks\/e-money companies within seconds, 24 hours a day, 7 days a week.<\/p>\n<p>Click for detailed <a href=\"https:\/\/fast.tcmb.gov.tr\/\">info<\/a><\/p>\n<p>&nbsp;<\/p>\n<p>&nbsp;<\/p>\n <ul class=\"press-list-styled accordion\">\n    <li>\n      <a class=\"ui-accordion-link acc1\"><strong> What\u2019s Proxy Addressing System?<\/strong><\/a>\n        <div style=\"display: none;\">\n             \u201cProxy Addressing System\u201d is one of the layered services of the Instant and Continuous Transfer of Funds (FAST) payment system developed by the CBRT. It is developed and operated by BKM.<br \/>\n<\/div>\n      <\/a>\n    <\/li> <\/ul>\n <ul class=\"press-list-styled accordion\">\n    <li>\n      <a class=\"ui-accordion-link acc1\"> Which organizations can provide Proxy Address service?<\/a>\n        <div style=\"display: none;\">\n            <br \/>\nOrganizations whose eligibility for participation in the FAST or EFT Systems operated by the CBRT are documented can become Proxy Addressing System participants after completing their administrative and technical processes with BKM.<br \/>\n<\/div>\n      <\/a>\n    <\/li> <\/ul>\n <ul class=\"press-list-styled accordion\">\n    <li>\n      <a class=\"ui-accordion-link acc1\"> Which organizations provide Proxy Addressing services?<\/a>\n        <div style=\"display: none;\">\n            <br \/>\n<ol>\n<li>Ahlatc\u0131 \u00d6deme ve Elektronik Para Hiz. A.\u015e.<\/li>\n<li>Akbank T.A.\u015e.<\/li>\n<li>Aktif Yat\u0131r\u0131m Bankas\u0131 A.\u015e<\/li>\n<li>Albaraka T\u00fcrk Kat\u0131l\u0131m Bankas\u0131 A.\u015e.<\/li>\n<li>Alternatifbank A.\u015e.<\/li>\n<li>Anadolubank A.\u015e.<\/li>\n<li>BELB\u0130M Elektronik Para ve \u00d6deme Hizmetleri A.\u015e.<\/li>\n<li>BPN \u00d6deme ve Elektronik Para Hizmetleri A.\u015e.<\/li>\n<li>Burgan Bank A.\u015e.<\/li>\n<li>Colendi Bank A.\u015e.<\/li>\n<li>Denizbank A.\u015e.<\/li>\n<li>Destek Yat\u0131r\u0131m Bankas\u0131 A.\u015e.<\/li>\n<li>D\u00fcnya Kat\u0131l\u0131m Bankas\u0131 A.\u015e.<\/li>\n<li>Emlak Kat\u0131l\u0131m Bankas\u0131 A.\u015e.<\/li>\n<li>Enpara Bank A.\u015e.<\/li>\n<li>Fibabanka A.\u015e.<\/li>\n<li>FUPS Bank A.\u015e.<\/li>\n<li>Golden Global Yat\u0131r\u0131m Bankas\u0131 A.\u015e.<\/li>\n<li>Hayat Finans Kat\u0131l\u0131m Bankas\u0131 A.\u015e.<\/li>\n<li>HSBC Bank A.\u015e.<\/li>\n<li>ICBC Turkey Bank A.\u015e.<\/li>\n<li>ING Bank A.\u015e.<\/li>\n<li>\u0130yzi \u00d6deme ve Elektronik Para Hizmetleri A.\u015e.<\/li>\n<li>Kuveyt T\u00fcrk Kat\u0131l\u0131m Bankas\u0131 A.\u015e.<\/li>\n<li>Lydians Elektronik Para ve \u00d6deme Hizmetleri A.\u015e.<\/li>\n<li>Misyon Yat\u0131r\u0131m Bankas\u0131 A.\u015e.<\/li>\n<li>Moka United \u00d6deme Hizmetleri Ve Elektronik Para Kurulu\u015fu A.\u015e.<\/li>\n<li>Odea Bank A.\u015e.<\/li>\n<li>Parolapara Elektronik Para ve \u00d6deme Hizmetleri A.\u015e.<\/li>\n<li>Posta ve Telgraf Te\u015fkilat\u0131 Anonim \u015eirketi<\/li>\n<li>QNB Bank A.\u015e.<\/li>\n<li>\u015eekerbank A.\u015e.<\/li>\n<li>Sipay Elektronik Para ve \u00d6deme Hizmetleri A.\u015e.<\/li>\n<li>TOM Kat\u0131l\u0131m Bankas\u0131 A.\u015e.<\/li>\n<li>T\u00fcrk Ekonomi Bankas\u0131 A.\u015e.<\/li>\n<li>Turk Elektronik Para A.\u015e.<\/li>\n<li>T\u00fcrk Ticaret Bankas\u0131 A.\u015e<\/li>\n<li>Turkcell \u00d6deme ve Elektronik Para Hizmetleri A.\u015e.<\/li>\n<li>T\u00fcrkiye Cumhuriyeti Ziraat Bankas\u0131 A.\u015e.<\/li>\n<li>T\u00fcrkiye Finans Kat\u0131l\u0131m Bankas\u0131 A.\u015e.<\/li>\n<li>T\u00fcrkiye Garanti Bankas\u0131 A.\u015e.<\/li>\n<li>T\u00fcrkiye Halk Bankas\u0131 A.\u015e.<\/li>\n<li>T\u00fcrkiye \u0130\u015f Bankas\u0131 A.\u015e.<\/li>\n<li>T\u00fcrkiye Vak\u0131flar Bankas\u0131 T.A.O.<\/li>\n<li>Vak\u0131f Kat\u0131l\u0131m Bankas\u0131 A.\u015e.<\/li>\n<li>Yap\u0131 ve Kredi Bankas\u0131 A.\u015e.<\/li>\n<li>Ziraat Dinamik Banka A.\u015e.<\/li>\n<li>Ziraat Kat\u0131l\u0131m Bankas\u0131 A.\u015e.<\/li>\n<\/ol>\n\n<\/div>\n      <\/a>\n    <\/li> <\/ul>\n <ul class=\"press-list-styled accordion\">\n    <li>\n      <a class=\"ui-accordion-link acc1\"> When can Proxy Address definition be made?<\/a>\n        <div style=\"display: none;\">\n            <br \/>\nBanks\/e-money companies providing EFT and FAST services operated by the CBRT continue to work to provide Proxy Address service. You can get information about the exact date information from the banks\/e-money companies where your account is located .<br \/>\n<\/div>\n      <\/a>\n    <\/li> <\/ul>\n <ul class=\"press-list-styled accordion\">\n    <li>\n      <a class=\"ui-accordion-link acc1\"> How many Proxy Addresses can be defined at most?<\/a>\n        <div style=\"display: none;\">\n            <br \/>\nYou can define a maximum of 5 Proxy Addresses. (Example: 3 Phone numbers, 2 Email addresses). You can pair one account with up to five (5) Proxy Addresses. You can also use one Proxy Address information for a maximum of one account.<br \/>\n<\/div>\n      <\/a>\n    <\/li> <\/ul>\n <ul class=\"press-list-styled accordion\">\n    <li>\n      <a class=\"ui-accordion-link acc1\"> Can the Proxy Address defined in the banks\/e-money companies where your account is located also be defined for an account in another banks\/e-money companies where you have an account?<\/a>\n        <div style=\"display: none;\">\n            <br \/>\nTo change the account to which a defined Proxy Address value is matched, a new Proxy Address can be defined by logging in through the banks\/e-money companies channel where your other account is located. From the moment this definition is made, the old definition will be invalid.\u00a0<br \/>\n<\/div>\n      <\/a>\n    <\/li> <\/ul>\n <ul class=\"press-list-styled accordion\">\n    <li>\n      <a class=\"ui-accordion-link acc1\"> How to cancel the defined Proxy Address?<\/a>\n        <div style=\"display: none;\">\n            <br \/>\nYou can delete your Proxy Address through the banks\/e-money companies channels of the where your account is located.\u00a0<br \/>\n<\/div>\n      <\/a>\n    <\/li> <\/ul>\n <ul class=\"press-list-styled accordion\">\n    <li>\n      <a class=\"ui-accordion-link acc1\"> Can Proxy Address information paired with an account be updated with another proxy address?<\/a>\n        <div style=\"display: none;\">\n            <br \/>\nExisting proxy addresses can be updated through the banks\/e-money companies channel where the Proxy Address definition is located. For example, mobile phone information that you have paired with an account as a proxy address can be updated as an e-mail.<br \/>\n<\/div>\n      <\/a>\n    <\/li> <\/ul>\n <ul class=\"press-list-styled accordion\">\n    <li>\n      <a class=\"ui-accordion-link acc1\"> What should be done if the mobile phone number defined as Proxy Address is cancelled?<\/a>\n        <div style=\"display: none;\">\n            <br \/>\nThis notification must be made to the banks\/e-money companies where you have the relevant account as soon as possible, outdated definitions must be deleted and updated information must be redefined.<br \/>\n<\/div>\n      <\/a>\n    <\/li> <\/ul>\n <ul class=\"press-list-styled accordion\">\n    <li>\n      <a class=\"ui-accordion-link acc1\"> What should be done when the e-mail account I defined as Proxy Address is closed?<\/a>\n        <div style=\"display: none;\">\n            <br \/>\nThis notification must be made to the banks\/e-money companies where you have the relevant account as soon as possible, outdated definitions must be deleted and updated information must be redefined .<br \/>\n<\/div>\n      <\/a>\n    <\/li> <\/ul>\n<p><\/p>","protected":false},"excerpt":{"rendered":"<p class=\"qtranxs-available-languages-message qtranxs-available-languages-message-en\">Sorry, this entry is only available in <a href=\"https:\/\/bkm.com.tr\/tr\/wp-json\/wp\/v2\/pages\/7106\" class=\"qtranxs-available-language-link qtranxs-available-language-link-tr\" title=\"TR\">Turkish<\/a>.<\/p>\n","protected":false},"author":27,"featured_media":0,"parent":1650,"menu_order":4,"comment_status":"closed","ping_status":"open","template":"","meta":{"footnotes":""},"_links":{"self":[{"href":"https:\/\/bkm.com.tr\/en\/wp-json\/wp\/v2\/pages\/7106"}],"collection":[{"href":"https:\/\/bkm.com.tr\/en\/wp-json\/wp\/v2\/pages"}],"about":[{"href":"https:\/\/bkm.com.tr\/en\/wp-json\/wp\/v2\/types\/page"}],"author":[{"embeddable":true,"href":"https:\/\/bkm.com.tr\/en\/wp-json\/wp\/v2\/users\/27"}],"replies":[{"embeddable":true,"href":"https:\/\/bkm.com.tr\/en\/wp-json\/wp\/v2\/comments?post=7106"}],"version-history":[{"count":59,"href":"https:\/\/bkm.com.tr\/en\/wp-json\/wp\/v2\/pages\/7106\/revisions"}],"predecessor-version":[{"id":10125,"href":"https:\/\/bkm.com.tr\/en\/wp-json\/wp\/v2\/pages\/7106\/revisions\/10125"}],"up":[{"embeddable":true,"href":"https:\/\/bkm.com.tr\/en\/wp-json\/wp\/v2\/pages\/1650"}],"wp:attachment":[{"href":"https:\/\/bkm.com.tr\/en\/wp-json\/wp\/v2\/media?parent=7106"}],"curies":[{"name":"wp","href":"https:\/\/api.w.org\/{rel}","templated":true}]}}