{"id":7484,"date":"2021-09-27T09:05:01","date_gmt":"2021-09-27T06:05:01","guid":{"rendered":"https:\/\/bkm.com.tr\/?page_id=7484"},"modified":"2025-09-15T16:51:51","modified_gmt":"2025-09-15T13:51:51","slug":"kisisel-verilerin-islenmesi-hakkinda-aydinlatma-metni","status":"publish","type":"page","link":"https:\/\/bkm.com.tr\/en\/tr-kisisel-verilerin-islenmesi-hakkinda-aydinlatma-metni\/","title":{"rendered":"(TR) K\u0130\u015e\u0130SEL VER\u0130LER\u0130N \u0130\u015eLENMES\u0130 HAKKINDA AYDINLATMA METN\u0130"},"content":{"rendered":"<p><strong>BANKALARARASI KART MERKEZ\u0130 A.\u015e.<\/strong><\/p>\n<p><strong>K\u0130\u015e\u0130SEL VER\u0130LER\u0130N\u00a0\u0130\u015eLENMES\u0130\u00a0HAKKINDA\u00a0<\/strong><strong>AYDINLATMA\u00a0METN\u0130<\/strong><\/p>\n<p>Bankalararas\u0131 Kart Merkezi A.\u015e. (\u201c<strong>BKM<\/strong>\u201d) olarak ki\u015fisel verilerinize ili\u015fkin haklar\u0131na sayg\u0131 g\u00f6steriyoruz. Bu bilin\u00e7le, ki\u015fisel verilerin i\u015flenmesinde ki\u015filerin temel hak ve \u00f6zg\u00fcrl\u00fcklerinin korunmas\u0131n\u0131 ama\u00e7layan 6698 say\u0131l\u0131 Ki\u015fisel Verilerin Korunmas\u0131 Kanunu (\u201c<strong>Kanun<\/strong>\u201d) kapsam\u0131nda veri sorumlusu olarak, t\u00fcm y\u00fck\u00fcml\u00fcl\u00fcklerini eksiksiz bir \u015fekilde yerine getirmek \u00fczere, ki\u015fisel verilerinin korunmas\u0131 i\u00e7in \u00f6zen ve gayret ile hareket ederek gerekli tedbirleri al\u0131yoruz. Bu sorumlulu\u011fumuzun fark\u0131nda olarak, Kanun ve 10\/03\/2018 tarih ve 30356 say\u0131l\u0131 Resm\u00ee Gazete\u2019de yay\u0131mlanan Ayd\u0131nlatma Y\u00fck\u00fcml\u00fcl\u00fc\u011f\u00fcn\u00fcn Yerine Getirilmesinde Uyulacak Usul ve Esaslar Hakk\u0131nda Tebli\u011f uyar\u0131nca i\u015fbu Ayd\u0131nlatma Metni ile \u015eirketimiz taraf\u0131ndan i\u015flenen ki\u015fisel verileriniz hakk\u0131nda sizleri bilgilendirmeyi hedeflemekteyiz.<\/p>\n<p><strong>Veri Sorumlusu<\/strong><\/p>\n<p>\u015eirketimizi ziyaretiniz esnas\u0131nda edinilen veya \u015eirketimizce teslim al\u0131nan resmi kurum ve kurulu\u015flardan gelen yaz\u0131\u015fmalar ile \u00fc\u00e7\u00fcnc\u00fc ki\u015filere ait sair taleplerle s\u00f6zl\u00fc ya da yaz\u0131l\u0131 olarak taraf\u0131m\u0131zla payla\u015f\u0131lan ki\u015fisel veriler bak\u0131m\u0131ndan \u015eirketimiz Kanun ve ilgili d\u00fczenlemeler uyar\u0131nca \u201cVeri Sorumlusu\u201d s\u0131fat\u0131n\u0131 haizdir.<\/p>\n<p><strong>\u0130\u015flenen Ki\u015fisel Veriler<\/strong><\/p>\n<p>Bu Ayd\u0131nlatma Metni\u2019nde ge\u00e7en \u201cki\u015fisel verileriniz\u201d kimli\u011finizi veya \u00fc\u00e7\u00fcnc\u00fc bir ki\u015finin kimli\u011fini belirli ya da belirlenebilir k\u0131lan her t\u00fcrl\u00fc veriyi ifade eder. Bunlarla s\u0131n\u0131rl\u0131 olmamak kayd\u0131yla tipik olarak ad\u0131n\u0131z\u0131, soyad\u0131n\u0131z\u0131, T.C kimlik numaran\u0131z\u0131, ileti\u015fim bilgilerinizi, finansal verilerinizi, hukuki i\u015flem bilgilerinizi ve \u00e7al\u0131\u015ft\u0131\u011f\u0131n\u0131z kurum ad\u0131na \u015eirketimizi ziyaretiniz halinde \u00e7al\u0131\u015ft\u0131\u011f\u0131n\u0131z kurum bilgisini i\u00e7erir.<\/p>\n<p><strong>Ki\u015fisel Verilerin \u0130\u015flenme Ama\u00e7lar\u0131<\/strong><\/p>\n<p>Ki\u015fisel verileriniz, \u015firket yerle\u015fkesinin g\u00fcvenli\u011finin temini, ziyaret\u00e7i kay\u0131tlar\u0131n\u0131n olu\u015fturulmas\u0131, \u015eirketimizce teslim al\u0131nan harici yaz\u0131\u015fma ve sair taleplerin kayda al\u0131nmas\u0131, ar\u015fivlenmesi ve yan\u0131tlanmas\u0131\u00a0\u00a0 \u00a0ve bu kapsamda BKM\u2019nin y\u00fck\u00fcml\u00fcl\u00fcklerini eksiksiz ve do\u011fru bir \u015fekilde ifa edilebilmesi ama\u00e7lar\u0131yla i\u015flenmektedir.<\/p>\n<p><strong>\u0130\u015flenen Ki\u015fisel Verilerin Aktar\u0131m\u0131<\/strong><\/p>\n<p>Ki\u015fisel verileriniz, kanunen yetkili kamu kurumlar\u0131na ve talep edilmesi halinde adli ve idari otoritelere Kanun\u2019un 8. ve 9. maddelerine uyumlu olarak aktar\u0131labilecektir.<\/p>\n<p><strong>Ki\u015fisel Verilerin Toplanma Y\u00f6ntemleri ve Hukuki Sebepleri<\/strong><\/p>\n<p>Ki\u015fisel verileriniz, kanunlarda a\u00e7\u0131k\u00e7a \u00f6ng\u00f6r\u00fclmesi, bir hakk\u0131n tesisi, kullan\u0131lmas\u0131 veya korunmas\u0131 i\u00e7in zorunlu olmas\u0131, \u015firketimizin hukuki y\u00fck\u00fcml\u00fcl\u00fc\u011f\u00fcn\u00fc yerine getirmesi i\u00e7in zorunlu olmas\u0131, s\u00f6zle\u015fmenin kurulmas\u0131 ve ifas\u0131 ile do\u011frudan do\u011fruya ilgili olmas\u0131 ve \u015firketimizin me\u015fru menfaatine y\u00f6nelik hukuki sebeplerle, Kanun\u2019un 5. ve 6. maddelerinde belirtilen ki\u015fisel veri i\u015fleme \u015fartlar\u0131na dayal\u0131 olarak fiziki veya elektronik ortamda sizlerden toplanmaktad\u0131r.<\/p>\n<p><strong>Veri Sahibi Olarak Haklar\u0131n\u0131z<\/strong><\/p>\n<p>Veri sahibi olarak Kanun\u2019un 11\u2019inci maddesi uyar\u0131nca ki\u015fisel verilerinize ili\u015fkin olarak a\u015fa\u011f\u0131daki haklara sahipsiniz:<\/p>\n<ul>\n<li>ki\u015fisel verilerinizin i\u015flenip i\u015flenmedi\u011fini,<\/li>\n<li>hangi ki\u015fisel verilerinizin i\u015flendi\u011fini,<\/li>\n<li>bu verilerin i\u015flenme amac\u0131n\u0131 ve bunlar\u0131n amac\u0131na uygun kullan\u0131l\u0131p kullan\u0131lmad\u0131\u011f\u0131n\u0131,<\/li>\n<li>verilerinizin yurt i\u00e7inde veya yurt d\u0131\u015f\u0131nda \u00fc\u00e7\u00fcnc\u00fc ki\u015filere aktar\u0131l\u0131p aktar\u0131lmad\u0131\u011f\u0131n\u0131 ve aktar\u0131ld\u0131 ise bu \u00fc\u00e7\u00fcnc\u00fc ki\u015filerin kim oldu\u011funu \u00f6\u011frenme,<\/li>\n<li>kay\u0131tl\u0131 ki\u015fisel verilerinizin yanl\u0131\u015f veya eksik olmas\u0131 halinde bunlar\u0131n d\u00fczeltilmesini; de\u011fi\u015fmesi halinde g\u00fcncellenmesini talep etme ve bu kapsamda yap\u0131lan i\u015flemin ki\u015fisel verilerin aktar\u0131ld\u0131\u011f\u0131 \u00fc\u00e7\u00fcnc\u00fc ki\u015filere bildirilmesini isteme,<\/li>\n<li>ki\u015fisel verilerin i\u015flenmesini gerektiren sebeplerin ortadan kalkmas\u0131 halinde an\u0131lan ki\u015fisel verilerin silinmesini veya yok edilmesini talep etme, silme i\u015flemlerinin, ki\u015fisel verilerinizin aktar\u0131ld\u0131\u011f\u0131 \u00fc\u00e7\u00fcnc\u00fc ki\u015filere bildirilmesini isteme,<\/li>\n<li>i\u015flenen ki\u015fisel verilerinizi m\u00fcnhas\u0131ran otomatik sistemler vas\u0131tas\u0131yla analiz etmesi sonucunda aleyhinize bir sonu\u00e7 ortaya \u00e7\u0131kmas\u0131 halinde, bu sonuca itiraz etme veya i\u015flemenin yasaya ayk\u0131r\u0131 olmas\u0131 nedeniyle u\u011frad\u0131\u011f\u0131n\u0131z zarar\u0131n giderilmesini talep etme.<\/li>\n<\/ul>\n<p>Ki\u015fisel verilerinize ili\u015fkin ba\u015fvurular\u0131n\u0131z\u0131 a\u015fa\u011f\u0131daki y\u00f6ntemlerle diledi\u011finiz zaman iletebilirsiniz:<\/p>\n<p><strong>Yaz\u0131l\u0131 ba\u015fvuru:<\/strong><\/p>\n<p>Bankalararas\u0131 Kart Merkezi A.\u015e.<\/p>\n<p>Nispetiye Cad. Akmerkez E-3 Blok Kat:2-3 34337\u00a0<\/p>\n<p>Etiler\/Be\u015fikta\u015f \u0130stanbul<\/p>\n<p>G\u00fcvenli elektronik imza veya mobil imza ile Kay\u0131tl\u0131 Elektronik Posta yoluyla:\u00a0<a href=\"mailto:bkm@hs02.kep.tr\">bkm@hs02.kep.tr<\/a><\/p>\n<p>BKM \u2019ye daha \u00f6nceden bildirilen ve BKM\u2019nin sisteminde kay\u0131tl\u0131 bulunan e-posta adresinizi kullanarak:\u00a0<a href=\"mailto:kisiselveri@bkm.com.tr\">kisiselveri@bkm.com.tr<\/a>\u00a0<\/p>\n<p>Talebinizin niteli\u011fine g\u00f6re en k\u0131sa s\u00fcrede ve en ge\u00e7 otuz g\u00fcn i\u00e7inde ba\u015fvurular\u0131n\u0131z \u00fccretsiz olarak sonu\u00e7land\u0131r\u0131lacakt\u0131r; ancak i\u015flemin ayr\u0131ca bir maliyet gerektirmesi halinde Ki\u015fisel Verileri Koruma Kurulu taraf\u0131ndan belirlenecek tarifeye g\u00f6re taraf\u0131n\u0131zdan \u00fccret talep edilebilecektir.<\/p>\n<p>&nbsp;<\/p>\n","protected":false},"excerpt":{"rendered":"<p>BANKALARARASI KART MERKEZ\u0130 A.\u015e. K\u0130\u015e\u0130SEL VER\u0130LER\u0130N\u00a0\u0130\u015eLENMES\u0130\u00a0HAKKINDA\u00a0AYDINLATMA\u00a0METN\u0130 Bankalararas\u0131 Kart Merkezi A.\u015e. (\u201cBKM\u201d) olarak ki\u015fisel verilerinize ili\u015fkin haklar\u0131na sayg\u0131 g\u00f6steriyoruz. Bu bilin\u00e7le, ki\u015fisel verilerin i\u015flenmesinde ki\u015filerin temel hak ve \u00f6zg\u00fcrl\u00fcklerinin korunmas\u0131n\u0131 ama\u00e7layan 6698 say\u0131l\u0131 Ki\u015fisel Verilerin Korunmas\u0131 Kanunu (\u201cKanun\u201d) kapsam\u0131nda veri sorumlusu olarak, t\u00fcm y\u00fck\u00fcml\u00fcl\u00fcklerini eksiksiz bir \u015fekilde yerine getirmek \u00fczere, ki\u015fisel verilerinin korunmas\u0131 i\u00e7in \u00f6zen ve [&hellip;]<\/p>\n","protected":false},"author":27,"featured_media":0,"parent":0,"menu_order":0,"comment_status":"closed","ping_status":"open","template":"templates\/page--sidebar-yok.php","meta":{"footnotes":""},"_links":{"self":[{"href":"https:\/\/bkm.com.tr\/en\/wp-json\/wp\/v2\/pages\/7484"}],"collection":[{"href":"https:\/\/bkm.com.tr\/en\/wp-json\/wp\/v2\/pages"}],"about":[{"href":"https:\/\/bkm.com.tr\/en\/wp-json\/wp\/v2\/types\/page"}],"author":[{"embeddable":true,"href":"https:\/\/bkm.com.tr\/en\/wp-json\/wp\/v2\/users\/27"}],"replies":[{"embeddable":true,"href":"https:\/\/bkm.com.tr\/en\/wp-json\/wp\/v2\/comments?post=7484"}],"version-history":[{"count":3,"href":"https:\/\/bkm.com.tr\/en\/wp-json\/wp\/v2\/pages\/7484\/revisions"}],"predecessor-version":[{"id":9977,"href":"https:\/\/bkm.com.tr\/en\/wp-json\/wp\/v2\/pages\/7484\/revisions\/9977"}],"wp:attachment":[{"href":"https:\/\/bkm.com.tr\/en\/wp-json\/wp\/v2\/media?parent=7484"}],"curies":[{"name":"wp","href":"https:\/\/api.w.org\/{rel}","templated":true}]}}