{"id":7910,"date":"2022-08-05T10:03:14","date_gmt":"2022-08-05T07:03:14","guid":{"rendered":"https:\/\/bkm.com.tr\/?page_id=7910"},"modified":"2022-08-11T12:10:36","modified_gmt":"2022-08-11T09:10:36","slug":"bilgi-guvenligi-politikasi","status":"publish","type":"page","link":"https:\/\/bkm.com.tr\/en\/bkm-2\/tr-bilgi-guvenligi-politikasi\/","title":{"rendered":"(TR) Bilgi G\u00fcvenli\u011fi Politikas\u0131"},"content":{"rendered":"<p><\/p>\n<\/p>\n<p><\/p>","protected":false},"excerpt":{"rendered":"","protected":false},"author":1,"featured_media":0,"parent":1986,"menu_order":10,"comment_status":"closed","ping_status":"open","template":"","meta":{"footnotes":""},"_links":{"self":[{"href":"https:\/\/bkm.com.tr\/en\/wp-json\/wp\/v2\/pages\/7910"}],"collection":[{"href":"https:\/\/bkm.com.tr\/en\/wp-json\/wp\/v2\/pages"}],"about":[{"href":"https:\/\/bkm.com.tr\/en\/wp-json\/wp\/v2\/types\/page"}],"author":[{"embeddable":true,"href":"https:\/\/bkm.com.tr\/en\/wp-json\/wp\/v2\/users\/1"}],"replies":[{"embeddable":true,"href":"https:\/\/bkm.com.tr\/en\/wp-json\/wp\/v2\/comments?post=7910"}],"version-history":[{"count":4,"href":"https:\/\/bkm.com.tr\/en\/wp-json\/wp\/v2\/pages\/7910\/revisions"}],"predecessor-version":[{"id":7916,"href":"https:\/\/bkm.com.tr\/en\/wp-json\/wp\/v2\/pages\/7910\/revisions\/7916"}],"up":[{"embeddable":true,"href":"https:\/\/bkm.com.tr\/en\/wp-json\/wp\/v2\/pages\/1986"}],"wp:attachment":[{"href":"https:\/\/bkm.com.tr\/en\/wp-json\/wp\/v2\/media?parent=7910"}],"curies":[{"name":"wp","href":"https:\/\/api.w.org\/{rel}","templated":true}]}}