{"id":9141,"date":"2024-06-05T12:35:01","date_gmt":"2024-06-05T09:35:01","guid":{"rendered":"https:\/\/bkm.com.tr\/?page_id=9141"},"modified":"2026-04-02T13:43:01","modified_gmt":"2026-04-02T10:43:01","slug":"guvenli-odeme-islemi","status":"publish","type":"page","link":"https:\/\/bkm.com.tr\/en\/products-and-services\/escrow-overlay-service\/","title":{"rendered":"Escrow Overlay Service (G\u00d6\u0130)"},"content":{"rendered":"<p><\/p>\n<p><strong>What is Escrow Overlay Service?<\/strong><\/p>\n<p>Escrow Overlay Service, which can be used in different business models, especially second-hand vehicle buying and selling, is a value-added intermediary service that provides assurance to both the sender and the recipient of the payment.<\/p>\n<p><strong>BKM\u2019s Role in Escrow Overlay Service:<\/strong><\/p>\n<p>The Escrow Overlay Service API system, which will work between the Sending Participant and the Secure Payment Operator, which will query the Escrow Overlay Service reference information, runs on BKM GATE, managed by BKM.<\/p>\n<p>&nbsp;<\/p>\n <ul class=\"press-list-styled accordion\">\n    <li>\n      <a class=\"ui-accordion-link acc1\"><strong>Participants in the Production Environment<\/strong><\/a>\n        <div style=\"display: none;\">\n            <br \/>\n&nbsp;<br \/>\n<table style=\"width: 100.46%; height: 1197px;\" width=\"811\">\n<tbody>\n<tr style=\"height: 48px;\">\n<td style=\"width: 6.39606%; height: 48px;\" width=\"50\">\u00a0<\/td>\n<td style=\"width: 62.503%; height: 48px;\" width=\"395\">\u00a0<\/td>\n<td style=\"width: 13.5311%; text-align: center; height: 48px;\" width=\"183\"><strong>Sending Participant<\/strong><\/td>\n<td style=\"width: 16.0938%; text-align: center; height: 48px;\" width=\"183\"><strong>Secure Payment Operator<\/strong><\/td>\n<\/tr>\n<tr style=\"height: 24px;\">\n<td style=\"width: 6.39606%; height: 24px;\">1<\/td>\n<td style=\"width: 62.503%; height: 24px;\">Akbank T.A.\u015e.<\/td>\n<td style=\"width: 13.5311%; text-align: center; height: 24px;\">\u00a0\u221a<\/td>\n<td style=\"width: 16.0938%; text-align: center; height: 24px;\">\u00a0\u221a<\/td>\n<\/tr>\n<tr style=\"height: 24px;\">\n<td style=\"width: 6.39606%; height: 24px;\">2<\/td>\n<td style=\"width: 62.503%; height: 24px;\">Albaraka T\u00fcrk Kat\u0131l\u0131m Bankas\u0131 A.\u015e.<\/td>\n<td style=\"width: 13.5311%; text-align: center; height: 24px;\">\u00a0\u221a<\/td>\n<td style=\"width: 16.0938%; text-align: center; height: 24px;\">\u00a0\u221a<\/td>\n<\/tr>\n<tr style=\"height: 24px;\">\n<td style=\"width: 6.39606%; height: 24px;\">3<\/td>\n<td style=\"width: 62.503%; height: 24px;\">Denizbank A.\u015e.<\/td>\n<td style=\"width: 13.5311%; text-align: center; height: 24px;\">\u00a0\u221a<\/td>\n<td style=\"width: 16.0938%; text-align: center; height: 24px;\">\u00a0\u221a<\/td>\n<\/tr>\n<tr style=\"height: 24px;\">\n<td style=\"width: 6.39606%; height: 24px;\">4<\/td>\n<td style=\"width: 62.503%; height: 24px;\">Fibabanka A.\u015e<\/td>\n<td style=\"width: 13.5311%; text-align: center; height: 24px;\">\u00a0\u221a<\/td>\n<td style=\"width: 16.0938%; text-align: center; height: 24px;\">\u00a0\u221a<\/td>\n<\/tr>\n<tr style=\"height: 24px;\">\n<td style=\"width: 6.39606%; height: 24px;\">5<\/td>\n<td style=\"width: 62.503%; height: 24px;\">Kuveyt T\u00fcrk Kat\u0131l\u0131m Bankas\u0131 A.\u015e.<\/td>\n<td style=\"width: 13.5311%; text-align: center; height: 24px;\">\u00a0\u221a<\/td>\n<td style=\"width: 16.0938%; text-align: center; height: 24px;\">\u00a0\u221a<\/td>\n<\/tr>\n<tr style=\"height: 24px;\">\n<td style=\"width: 6.39606%; height: 24px;\">6<\/td>\n<td style=\"width: 62.503%; height: 24px;\">QNB Bank A.\u015e.<\/td>\n<td style=\"width: 13.5311%; text-align: center; height: 24px;\">\u00a0\u221a<\/td>\n<td style=\"width: 16.0938%; text-align: center; height: 24px;\">\u00a0\u221a<\/td>\n<\/tr>\n<tr style=\"height: 24px;\">\n<td style=\"width: 6.39606%; height: 24px;\">7<\/td>\n<td style=\"width: 62.503%; height: 24px;\">\u015eekerbank A.\u015e.<\/td>\n<td style=\"width: 13.5311%; text-align: center; height: 24px;\">\u00a0\u221a<\/td>\n<td style=\"width: 16.0938%; text-align: center; height: 24px;\">\u00a0\u221a<\/td>\n<\/tr>\n<tr style=\"height: 24px;\">\n<td style=\"width: 6.39606%; height: 24px;\">8<\/td>\n<td style=\"width: 62.503%; height: 24px;\">T\u00fcrk Ekonomi Bankas\u0131 A.\u015e.<\/td>\n<td style=\"width: 13.5311%; text-align: center; height: 24px;\">\u00a0\u221a<\/td>\n<td style=\"width: 16.0938%; text-align: center; height: 24px;\">\u00a0\u221a<\/td>\n<\/tr>\n<tr style=\"height: 24px;\">\n<td style=\"width: 6.39606%; height: 24px;\">9<\/td>\n<td style=\"width: 62.503%; height: 24px;\">Turk Elektronik Para A.\u015e.<\/td>\n<td style=\"width: 13.5311%; text-align: center; height: 24px;\">\u00a0\u221a<\/td>\n<td style=\"width: 16.0938%; text-align: center; height: 24px;\">\u00a0\u221a<\/td>\n<\/tr>\n<tr style=\"height: 24px;\">\n<td style=\"width: 6.39606%; height: 24px;\">10<\/td>\n<td style=\"width: 62.503%; height: 24px;\">T\u00fcrkiye Cumhuriyeti Ziraat Bankas\u0131 A.\u015e.<\/td>\n<td style=\"width: 13.5311%; text-align: center; height: 24px;\">\u00a0\u221a<\/td>\n<td style=\"width: 16.0938%; text-align: center; height: 24px;\">\u00a0\u221a<\/td>\n<\/tr>\n<tr style=\"height: 24px;\">\n<td style=\"width: 6.39606%; height: 24px;\">11<\/td>\n<td style=\"width: 62.503%; height: 24px;\">T\u00fcrkiye Finans Kat\u0131l\u0131m Bankas\u0131 A.\u015e.\u00a0<\/td>\n<td style=\"width: 13.5311%; text-align: center; height: 24px;\">\u00a0\u221a<\/td>\n<td style=\"width: 16.0938%; text-align: center; height: 24px;\">\u00a0\u221a<\/td>\n<\/tr>\n<tr style=\"height: 24px;\">\n<td style=\"width: 6.39606%; height: 24px;\">12<\/td>\n<td style=\"width: 62.503%; height: 24px;\">T\u00fcrkiye Garanti Bankas\u0131 A.\u015e.<\/td>\n<td style=\"width: 13.5311%; text-align: center; height: 24px;\">\u00a0\u221a<\/td>\n<td style=\"width: 16.0938%; text-align: center; height: 24px;\">\u00a0\u221a<\/td>\n<\/tr>\n<tr style=\"height: 24px;\">\n<td style=\"width: 6.39606%; height: 24px;\">13<\/td>\n<td style=\"width: 62.503%; height: 24px;\">T\u00fcrkiye Halk Bankas\u0131 A.\u015e.<\/td>\n<td style=\"width: 13.5311%; text-align: center; height: 24px;\">\u00a0\u221a<\/td>\n<td style=\"width: 16.0938%; text-align: center; height: 24px;\">\u00a0\u221a<\/td>\n<\/tr>\n<tr style=\"height: 24px;\">\n<td style=\"width: 6.39606%; height: 24px;\">14<\/td>\n<td style=\"width: 62.503%; height: 24px;\">T\u00fcrkiye \u0130\u015f Bankas\u0131 A.\u015e.<\/td>\n<td style=\"width: 13.5311%; text-align: center; height: 24px;\">\u00a0\u221a<\/td>\n<td style=\"width: 16.0938%; text-align: center; height: 24px;\">\u00a0\u221a<\/td>\n<\/tr>\n<tr style=\"height: 24px;\">\n<td style=\"width: 6.39606%; height: 24px;\">15<\/td>\n<td style=\"width: 62.503%; height: 24px;\">T\u00fcrkiye Vak\u0131flar Bankas\u0131 T.A.O.<\/td>\n<td style=\"width: 13.5311%; text-align: center; height: 24px;\">\u00a0\u221a<\/td>\n<td style=\"width: 16.0938%; text-align: center; height: 24px;\">\u00a0\u221a<\/td>\n<\/tr>\n<tr style=\"height: 24px;\">\n<td style=\"width: 6.39606%; height: 24px;\">16<\/td>\n<td style=\"width: 62.503%; height: 24px;\">Vak\u0131f Kat\u0131l\u0131m Bankas\u0131 A.\u015e.<\/td>\n<td style=\"width: 13.5311%; text-align: center; height: 24px;\">\u00a0\u221a<\/td>\n<td style=\"width: 16.0938%; text-align: center; height: 24px;\">\u00a0\u221a<\/td>\n<\/tr>\n<tr style=\"height: 24px;\">\n<td style=\"width: 6.39606%; height: 24px;\">17<\/td>\n<td style=\"width: 62.503%; height: 24px;\">Yap\u0131 ve Kredi Bankas\u0131 A.\u015e.<\/td>\n<td style=\"width: 13.5311%; text-align: center; height: 24px;\">\u00a0\u221a<\/td>\n<td style=\"width: 16.0938%; text-align: center; height: 24px;\">\u00a0\u221a<\/td>\n<\/tr>\n<tr style=\"height: 24px;\">\n<td style=\"width: 6.39606%; height: 24px;\">18<\/td>\n<td style=\"width: 62.503%; height: 24px;\">Ziraat Kat\u0131l\u0131m Bankas\u0131 A.\u015e.<\/td>\n<td style=\"width: 13.5311%; text-align: center; height: 24px;\">\u00a0\u221a<\/td>\n<td style=\"width: 16.0938%; text-align: center; height: 24px;\">\u00a0\u221a<\/td>\n<\/tr>\n<tr style=\"height: 24px;\">\n<td style=\"width: 6.39606%; height: 24px;\">19<\/td>\n<td style=\"width: 62.503%; height: 24px;\">Ahlat\u00e7\u0131 \u00d6deme ve Elektronik Para Hizmetleri A.\u015e.<\/td>\n<td style=\"width: 13.5311%; text-align: center; height: 24px;\">\u00a0\u221a<\/td>\n<td style=\"width: 16.0938%; text-align: center; height: 24px;\">\u00a0<\/td>\n<\/tr>\n<tr style=\"height: 24px;\">\n<td style=\"width: 6.39606%; height: 24px;\">20<\/td>\n<td style=\"width: 62.503%; height: 24px;\">Aktif Yat\u0131r\u0131m Bankas\u0131 A.\u015e.<\/td>\n<td style=\"width: 13.5311%; text-align: center; height: 24px;\">\u00a0\u221a<\/td>\n<td style=\"width: 16.0938%; text-align: center; height: 24px;\">\u00a0<\/td>\n<\/tr>\n<tr style=\"height: 24px;\">\n<td style=\"width: 6.39606%; height: 24px;\">21<\/td>\n<td style=\"width: 62.503%; height: 24px;\">Alternatifbank A.\u015e.\u00a0<\/td>\n<td style=\"width: 13.5311%; text-align: center; height: 24px;\">\u00a0\u221a<\/td>\n<td style=\"width: 16.0938%; text-align: center; height: 24px;\">\u00a0<\/td>\n<\/tr>\n<tr style=\"height: 24px;\">\n<td style=\"width: 6.39606%; height: 24px;\">22<\/td>\n<td style=\"width: 62.503%; height: 24px;\">Anadolubank A.\u015e.<\/td>\n<td style=\"width: 13.5311%; text-align: center; height: 24px;\">\u00a0\u221a<\/td>\n<td style=\"width: 16.0938%; text-align: center; height: 24px;\">\u00a0<\/td>\n<\/tr>\n<tr style=\"height: 24px;\">\n<td style=\"width: 6.39606%; height: 24px;\">23<\/td>\n<td style=\"width: 62.503%; height: 24px;\">BELB\u0130M Elektronik Para ve \u00d6deme Hizmetleri A.\u015e.<\/td>\n<td style=\"width: 13.5311%; text-align: center; height: 24px;\">\u00a0\u221a<\/td>\n<td style=\"width: 16.0938%; text-align: center; height: 24px;\">\u00a0<\/td>\n<\/tr>\n<tr style=\"height: 24px;\">\n<td style=\"width: 6.39606%; height: 24px;\">24<\/td>\n<td style=\"width: 62.503%; height: 24px;\">Burgan Bank A.\u015e.<\/td>\n<td style=\"width: 13.5311%; text-align: center; height: 24px;\">\u00a0\u221a<\/td>\n<td style=\"width: 16.0938%; text-align: center; height: 24px;\">\u00a0<\/td>\n<\/tr>\n<tr style=\"height: 24px;\">\n<td style=\"width: 6.39606%; height: 24px;\">25<\/td>\n<td style=\"width: 62.503%; height: 24px;\">BPN \u00d6deme ve Elektronik Para Hizmetleri A.\u015e.<\/td>\n<td style=\"width: 13.5311%; text-align: center; height: 24px;\">\u00a0\u221a<\/td>\n<td style=\"width: 16.0938%; text-align: center; height: 24px;\">\u00a0<\/td>\n<\/tr>\n<tr style=\"height: 24px;\">\n<td style=\"width: 6.39606%; height: 24px;\">26<\/td>\n<td style=\"width: 62.503%; height: 24px;\">Colendi Bank A.\u015e.<\/td>\n<td style=\"width: 13.5311%; text-align: center; height: 24px;\">\u00a0\u221a<\/td>\n<td style=\"width: 16.0938%; text-align: center; height: 24px;\">\u00a0<\/td>\n<\/tr>\n<tr style=\"height: 24px;\">\n<td style=\"width: 6.39606%; height: 24px;\">27<\/td>\n<td style=\"width: 62.503%; height: 24px;\">Destek Yat\u0131r\u0131m Bankas\u0131 A.\u015e.<\/td>\n<td style=\"width: 13.5311%; text-align: center; height: 24px;\">\u00a0\u221a<\/td>\n<td style=\"width: 16.0938%; text-align: center; height: 24px;\">\u00a0<\/td>\n<\/tr>\n<tr style=\"height: 24px;\">\n<td style=\"width: 6.39606%; height: 24px;\">28<\/td>\n<td style=\"width: 62.503%; height: 24px;\">D\u00fcnya Kat\u0131l\u0131m Bankas\u0131 A.\u015e.\u00a0<\/td>\n<td style=\"width: 13.5311%; text-align: center; height: 24px;\">\u00a0\u221a<\/td>\n<td style=\"width: 16.0938%; text-align: center; height: 24px;\">\u00a0<\/td>\n<\/tr>\n<tr style=\"height: 24px;\">\n<td style=\"width: 6.39606%; height: 24px;\">29<\/td>\n<td style=\"width: 62.503%; height: 24px;\">Enpara Bank A.\u015e.<\/td>\n<td style=\"width: 13.5311%; text-align: center; height: 24px;\">\u00a0\u221a<\/td>\n<td style=\"width: 16.0938%; text-align: center; height: 24px;\">\u00a0<\/td>\n<\/tr>\n<tr style=\"height: 24px;\">\n<td style=\"width: 6.39606%; height: 24px;\">30<\/td>\n<td style=\"width: 62.503%; height: 24px;\">FUPS Bank A.\u015e.<\/td>\n<td style=\"width: 13.5311%; text-align: center; height: 24px;\">\u00a0\u221a<\/td>\n<td style=\"width: 16.0938%; text-align: center; height: 24px;\">\u00a0<\/td>\n<\/tr>\n<tr style=\"height: 24px;\">\n<td style=\"width: 6.39606%; height: 24px;\">31<\/td>\n<td style=\"width: 62.503%; height: 24px;\">Golden Global Yat\u0131r\u0131m Bankas\u0131 A.\u015e.<\/td>\n<td style=\"width: 13.5311%; text-align: center; height: 24px;\">\u00a0\u221a<\/td>\n<td style=\"width: 16.0938%; text-align: center; height: 24px;\">\u00a0<\/td>\n<\/tr>\n<tr style=\"height: 24px;\">\n<td style=\"width: 6.39606%; height: 24px;\">32<\/td>\n<td style=\"width: 62.503%; height: 24px;\">Hayat Finans Kat\u0131l\u0131m Bankas\u0131 A.\u015e.\u00a0<\/td>\n<td style=\"width: 13.5311%; text-align: center; height: 24px;\">\u00a0\u221a<\/td>\n<td style=\"width: 16.0938%; text-align: center; height: 24px;\">\u00a0<\/td>\n<\/tr>\n<tr style=\"height: 24px;\">\n<td style=\"width: 6.39606%; height: 24px;\">33<\/td>\n<td style=\"width: 62.503%; height: 24px;\">HSBC Bank A.\u015e.<\/td>\n<td style=\"width: 13.5311%; text-align: center; height: 24px;\">\u00a0\u221a<\/td>\n<td style=\"width: 16.0938%; text-align: center; height: 24px;\">\u00a0<\/td>\n<\/tr>\n<tr style=\"height: 24px;\">\n<td style=\"width: 6.39606%; height: 24px;\">34<\/td>\n<td style=\"width: 62.503%; height: 24px;\">ICBC Turkey Bank A.\u015e.<\/td>\n<td style=\"width: 13.5311%; text-align: center; height: 24px;\">\u00a0\u221a<\/td>\n<td style=\"width: 16.0938%; text-align: center; height: 24px;\">\u00a0<\/td>\n<\/tr>\n<tr style=\"height: 24px;\">\n<td style=\"width: 6.39606%; height: 24px;\">35<\/td>\n<td style=\"width: 62.503%; height: 24px;\">ING Bank A.\u015e.<\/td>\n<td style=\"width: 13.5311%; text-align: center; height: 24px;\">\u00a0\u221a<\/td>\n<td style=\"width: 16.0938%; text-align: center; height: 24px;\">\u00a0<\/td>\n<\/tr>\n<tr style=\"height: 24px;\">\n<td style=\"width: 6.39606%; height: 24px;\">36<\/td>\n<td style=\"width: 62.503%; height: 24px;\">\u0130yzi \u00d6deme Ve Elektronik Para Hizmetleri A.\u015e.<\/td>\n<td style=\"width: 13.5311%; text-align: center; height: 24px;\">\u00a0\u221a<\/td>\n<td style=\"width: 16.0938%; text-align: center; height: 24px;\">\u00a0<\/td>\n<\/tr>\n<tr style=\"height: 24px;\">\n<td style=\"width: 6.39606%; height: 24px;\">37<\/td>\n<td style=\"width: 62.503%; height: 24px;\">Lydians Elektronik Para ve \u00d6deme Hizmetleri A.\u015e.\u00a0<\/td>\n<td style=\"width: 13.5311%; text-align: center; height: 24px;\">\u00a0\u221a<\/td>\n<td style=\"width: 16.0938%; text-align: center; height: 24px;\">\u00a0<\/td>\n<\/tr>\n<tr style=\"height: 24px;\">\n<td style=\"width: 6.39606%; height: 24px;\">38<\/td>\n<td style=\"width: 62.503%; height: 24px;\">Misyon Yat\u0131r\u0131m Bankas\u0131 A.\u015e.<\/td>\n<td style=\"width: 13.5311%; text-align: center; height: 24px;\">\u00a0\u221a<\/td>\n<td style=\"width: 16.0938%; text-align: center; height: 24px;\">\u00a0<\/td>\n<\/tr>\n<tr style=\"height: 24px;\">\n<td style=\"width: 6.39606%; height: 24px;\">39<\/td>\n<td style=\"width: 62.503%; height: 24px;\">Moka United \u00d6deme Hizmetleri Ve Elektronik Para Kurulu\u015fu A.\u015e.<\/td>\n<td style=\"width: 13.5311%; text-align: center; height: 24px;\">\u00a0\u221a<\/td>\n<td style=\"width: 16.0938%; text-align: center; height: 24px;\">\u00a0<\/td>\n<\/tr>\n<tr style=\"height: 24px;\">\n<td style=\"width: 6.39606%; height: 24px;\">40<\/td>\n<td style=\"width: 62.503%; height: 24px;\">Odea Bank A.\u015e.<\/td>\n<td style=\"width: 13.5311%; text-align: center; height: 24px;\">\u00a0\u221a<\/td>\n<td style=\"width: 16.0938%; text-align: center; height: 24px;\">\u00a0<\/td>\n<\/tr>\n<tr style=\"height: 24px;\">\n<td style=\"width: 6.39606%; height: 24px;\">41<\/td>\n<td style=\"width: 62.503%; height: 24px;\">Parolapara Elektronik Para ve \u00d6deme Hizmetleri A.\u015e.\u00a0<\/td>\n<td style=\"width: 13.5311%; text-align: center; height: 24px;\">\u00a0\u221a<\/td>\n<td style=\"width: 16.0938%; text-align: center; height: 24px;\">\u00a0<\/td>\n<\/tr>\n<tr style=\"height: 24px;\">\n<td style=\"width: 6.39606%; height: 24px;\">42<\/td>\n<td style=\"width: 62.503%; height: 24px;\">Posta ve Telgraf Te\u015fkilat\u0131 Anonim \u015eirketi<\/td>\n<td style=\"width: 13.5311%; text-align: center; height: 24px;\">\u00a0\u221a<\/td>\n<td style=\"width: 16.0938%; text-align: center; height: 24px;\">\u00a0<\/td>\n<\/tr>\n<tr style=\"height: 24px;\">\n<td style=\"width: 6.39606%; height: 24px;\">43<\/td>\n<td style=\"width: 62.503%; height: 24px;\">Sipay Elektronik Para ve \u00d6deme Hizmetleri A.\u015e.\u00a0<\/td>\n<td style=\"width: 13.5311%; text-align: center; height: 24px;\">\u00a0\u221a<\/td>\n<td style=\"width: 16.0938%; text-align: center; height: 24px;\">\u00a0<\/td>\n<\/tr>\n<tr style=\"height: 24px;\">\n<td style=\"width: 6.39606%; height: 24px;\">44<\/td>\n<td style=\"width: 62.503%; height: 24px;\">TOM Kat\u0131l\u0131m Bankas\u0131 A.\u015e.\u00a0<\/td>\n<td style=\"width: 13.5311%; text-align: center; height: 24px;\">\u00a0\u221a<\/td>\n<td style=\"width: 16.0938%; text-align: center; height: 24px;\">\u00a0<\/td>\n<\/tr>\n<tr style=\"height: 24px;\">\n<td style=\"width: 6.39606%; height: 24px;\">45<\/td>\n<td style=\"width: 62.503%; height: 24px;\">T\u00fcrk Ticaret Bankas\u0131 A.\u015e.<\/td>\n<td style=\"width: 13.5311%; text-align: center; height: 24px;\">\u00a0\u221a<\/td>\n<td style=\"width: 16.0938%; text-align: center; height: 24px;\">\u00a0<\/td>\n<\/tr>\n<tr style=\"height: 24px;\">\n<td style=\"width: 6.39606%; height: 21px;\">46<\/td>\n<td style=\"width: 62.503%; height: 21px;\">Turkcell \u00d6deme ve Elektronik Para Hizmetleri A.\u015e.<\/td>\n<td style=\"width: 13.5311%; text-align: center; height: 21px;\">\u00a0\u221a<\/td>\n<td style=\"width: 16.0938%; text-align: center; height: 21px;\">\u00a0<\/td>\n<\/tr>\n<tr style=\"height: 24px;\">\n<td style=\"width: 6.39606%; height: 24px;\">47<\/td>\n<td style=\"width: 62.503%; height: 24px;\">T\u00fcrkiye Emlak Kat\u0131l\u0131m Bankas\u0131 A.\u015e.\u00a0<\/td>\n<td style=\"width: 13.5311%; text-align: center; height: 24px;\">\u00a0\u221a<\/td>\n<td style=\"width: 16.0938%; text-align: center; height: 24px;\">\u00a0<\/td>\n<\/tr>\n<tr style=\"height: 24px;\">\n<td style=\"width: 6.39606%; height: 24px;\">48<\/td>\n<td style=\"width: 62.503%; height: 24px;\">Ziraat Dinamik Banka A.\u015e.<\/td>\n<td style=\"width: 13.5311%; text-align: center; height: 24px;\">\u00a0\u221a<\/td>\n<td style=\"width: 16.0938%; text-align: center; height: 24px;\">\u00a0<\/td>\n<\/tr>\n<\/tbody>\n<\/table>\n&nbsp;<br \/>\n&nbsp;<br \/>\n&nbsp;<br \/>\n\n<\/div>\n      <\/a>\n    <\/li> <\/ul>\n<p><\/p>","protected":false},"excerpt":{"rendered":"<p>What is Escrow Overlay Service? Escrow Overlay Service, which can be used in different business models, especially second-hand vehicle buying and selling, is a value-added intermediary service that provides assurance to both the sender and the recipient of the payment. BKM\u2019s Role in Escrow Overlay Service: The Escrow Overlay Service API system, which will work [&hellip;]<\/p>\n","protected":false},"author":27,"featured_media":0,"parent":1650,"menu_order":10,"comment_status":"closed","ping_status":"closed","template":"","meta":{"footnotes":""},"_links":{"self":[{"href":"https:\/\/bkm.com.tr\/en\/wp-json\/wp\/v2\/pages\/9141"}],"collection":[{"href":"https:\/\/bkm.com.tr\/en\/wp-json\/wp\/v2\/pages"}],"about":[{"href":"https:\/\/bkm.com.tr\/en\/wp-json\/wp\/v2\/types\/page"}],"author":[{"embeddable":true,"href":"https:\/\/bkm.com.tr\/en\/wp-json\/wp\/v2\/users\/27"}],"replies":[{"embeddable":true,"href":"https:\/\/bkm.com.tr\/en\/wp-json\/wp\/v2\/comments?post=9141"}],"version-history":[{"count":59,"href":"https:\/\/bkm.com.tr\/en\/wp-json\/wp\/v2\/pages\/9141\/revisions"}],"predecessor-version":[{"id":10298,"href":"https:\/\/bkm.com.tr\/en\/wp-json\/wp\/v2\/pages\/9141\/revisions\/10298"}],"up":[{"embeddable":true,"href":"https:\/\/bkm.com.tr\/en\/wp-json\/wp\/v2\/pages\/1650"}],"wp:attachment":[{"href":"https:\/\/bkm.com.tr\/en\/wp-json\/wp\/v2\/media?parent=9141"}],"curies":[{"name":"wp","href":"https:\/\/api.w.org\/{rel}","templated":true}]}}