    {"id":918,"date":"2015-07-23T13:12:33","date_gmt":"2015-07-23T10:12:33","guid":{"rendered":"https:\/\/bkm.com.tr\/?page_id=918"},"modified":"2024-04-02T14:31:23","modified_gmt":"2024-04-02T11:31:23","slug":"kart-bilinci-kampanyasi-2010","status":"publish","type":"page","link":"https:\/\/bkm.com.tr\/en\/credit-card-awareness-campaign-2010\/","title":{"rendered":"Credit Card Awareness Campaign (2010)"},"content":{"rendered":"<p><\/p>\n<p><\/p>\n<h5>The Interbank Card Center\/ Credit Card Awareness Campaign (2010)<\/h5>\n<p>The credit card awareness campaign of BKM (Interbank Card Center) is communicated through newspaper, outdoor advertisements and internet banners.<\/p>\n<ul>\n<li><a class=\"fancybox\" title=\"ATM\" href=\"https:\/\/www.bkm.com.tr\/images\/kartbilinci.jpg\" rel=\"lytebox[basin]\" rev=\"width: 624px; height: 800px; scrolling: auto;\">Please click here to see the advertisements of the campaign.<\/a><\/li>\n<\/ul>\n<h5>Other Campaigns<\/h5><ul class= \"brown-list\"><li> <a href='https:\/\/bkm.com.tr\/en\/about-bkm\/bkm\/history\/'>History<\/a><\/li><li> <a href='https:\/\/bkm.com.tr\/en\/about-bkm\/bkm\/tr-vizyon-ve-misyon\/'>Vision and Mission<\/a><\/li><li> <a href='https:\/\/bkm.com.tr\/en\/about-bkm\/bkm\/committees\/'>Committees<\/a><\/li><li> <a href='https:\/\/bkm.com.tr\/en\/about-bkm\/bkm\/tr-etik-politikasi\/'>Ethic Policy<\/a><\/li><li> <a href='https:\/\/bkm.com.tr\/en\/about-bkm\/board-of-directors\/'>Board<\/a><\/li><li> <a href='https:\/\/bkm.com.tr\/en\/about-bkm\/member-and-partners\/partners\/'>Shareholders<\/a><\/li><li> <a href='https:\/\/bkm.com.tr\/en\/about-bkm\/member-and-partners\/members\/'>BKM Members<\/a><\/li><li> <a href='https:\/\/bkm.com.tr\/en\/about-bkm\/member-and-partners\/membership-acceptance-criterion\/'>Membership Acceptance Criterion<\/a><\/li><li> <a href='https:\/\/bkm.com.tr\/en\/about-bkm\/organization\/'>Top Management<\/a><\/li><li> <a href='https:\/\/bkm.com.tr\/en\/about-bkm\/memberships\/'>Memberships<\/a><\/li><li> <a href='https:\/\/bkm.com.tr\/en\/about-bkm\/human-resources\/'>Human Resources<\/a><\/li><li> <a href='https:\/\/bkm.com.tr\/en\/about-bkm\/organization-chart\/'>Organization Chart<\/a><\/li><li> <a href='https:\/\/bkm.com.tr\/en\/reports-and-publications\/'>Reports and Publications<\/a><\/li><li> <a href='https:\/\/bkm.com.tr\/en\/reports-and-publications\/reports-2\/'>Reports<\/a><\/li><li> <a href='https:\/\/bkm.com.tr\/en\/reports-and-publications\/annual-reports\/'>Annual Reports<\/a><\/li><li> <a href='https:\/\/bkm.com.tr\/en\/reports-and-publications\/annual-reports\/interim-annual-reports\/'>Interim Annual Reports<\/a><\/li><li> <a href='https:\/\/bkm.com.tr\/en\/reports-and-publications\/tr-denetim-raporlari\/'>(TR) Denetim Raporlar\u0131<\/a><\/li><li> <a href='https:\/\/bkm.com.tr\/en\/reports-and-publications\/publications\/'>Publications<\/a><\/li><li> <a href='https:\/\/bkm.com.tr\/en\/reports-and-publications\/publications\/tr-fintech-yayinlari\/'>(TR) FinTech<\/a><\/li><li> <a href='https:\/\/bkm.com.tr\/en\/reports-and-publications\/publications\/tr-blokzinciri\/'>(TR) Blokzinciri<\/a><\/li><li> <a href='https:\/\/bkm.com.tr\/en\/reports-and-publications\/publications\/tr-girisimcilik\/'>(TR) Giri\u015fimcilik<\/a><\/li><li> <a href='https:\/\/bkm.com.tr\/en\/reports-and-publications\/publications\/tr-finansal-okuryazarlik\/'>(TR) Finansal Okuryazarl\u0131k<\/a><\/li><li> <a href='https:\/\/bkm.com.tr\/en\/reports-and-publications\/publications\/tr-kart-monitor\/'>(TR) Kart Monit\u00f6r<\/a><\/li><li> <a href='https:\/\/bkm.com.tr\/en\/reports-and-publications\/publications\/tr-diger-yayinlarimiz\/'>(TR) Di\u011fer Yay\u0131nlar\u0131m\u0131z<\/a><\/li><li> <a href='https:\/\/bkm.com.tr\/en\/reports-and-publications\/cardmeter\/'>Cardmeter<\/a><\/li><li> <a href='https:\/\/bkm.com.tr\/en\/press-room\/press-releases\/press-releases-2015\/'>Press Releases 2015<\/a><\/li><li> <a href='https:\/\/bkm.com.tr\/en\/press-room\/press-releases\/press-releases-2005\/'>Press Releases 2005<\/a><\/li><li> <a href='https:\/\/bkm.com.tr\/en\/press-room\/press-releases\/press-releases-2018\/'>Press Releases 2018<\/a><\/li><li> <a href='https:\/\/bkm.com.tr\/en\/press-room\/press-releases\/press-releases-2019\/'>(TR) Bas\u0131n B\u00fcltenleri 2019<\/a><\/li><li> <a href='https:\/\/bkm.com.tr\/en\/press-room\/press-releases\/press-releases-2004\/'>Press Releases 2004<\/a><\/li><li> <a href='https:\/\/bkm.com.tr\/en\/press-room\/press-releases\/press-releases-2003\/'>Press Releases 2003<\/a><\/li><li> <a href='https:\/\/bkm.com.tr\/en\/press-room\/press-releases\/press-releases-2002\/'>Press Releases 2002<\/a><\/li><li> <a href='https:\/\/bkm.com.tr\/en\/press-room\/tr-duyurular\/'>(TR) Duyurular<\/a><\/li><li> <a href='https:\/\/bkm.com.tr\/en\/what-is-nfc\/'>What is NFC?<\/a><\/li><li> <a href='https:\/\/bkm.com.tr\/en\/interbank-atm-fees\/'>Interbank ATM Fees<\/a><\/li><li> <a href='https:\/\/bkm.com.tr\/en\/popup-3-test\/'>popup 3 test<\/a><\/li><li> <a href='https:\/\/bkm.com.tr\/en\/bkm-express-mobile-2014\/'>BKM Express Mobile (2014)<\/a><\/li><li> <a href='https:\/\/bkm.com.tr\/en\/bkm-express-campaign-2013\/'>BKM Express Campaign (2013)<\/a><\/li><li> <a href='https:\/\/bkm.com.tr\/en\/tr-istanbul-shopping-fest-2013\/'>Istanbul Shopping Fest (2013)<\/a><\/li><li> <a href='https:\/\/bkm.com.tr\/en\/tr-ankara-shopping-fest-2013\/'>Ankara Shopping Fest (2013)<\/a><\/li><li> <a href='https:\/\/bkm.com.tr\/en\/bkm-express-2012\/'>BKM Express (2012)<\/a><\/li><li> <a href='https:\/\/bkm.com.tr\/en\/tr-ankara-shopping-fest-2012\/'>Ankara Shopping Fest (2012)<\/a><\/li><li> <a href='https:\/\/bkm.com.tr\/en\/tr-istanbul-shopping-fest-2012\/'>Istanbul Shopping Fest (2012)<\/a><\/li><li> <a href='https:\/\/bkm.com.tr\/en\/tr-istanbul-shopping-fest-2011\/'>\u0130stanbul Shopping Fest 2011<\/a><\/li><li> <a href='https:\/\/bkm.com.tr\/en\/credit-card-awareness-campaign-2010\/'>Credit Card Awareness Campaign (2010)<\/a><\/li><li> <a href='https:\/\/bkm.com.tr\/en\/debit-card-atm-sharing-campaign-2009\/'>Debit Card ATM Sharing Campaign (2009)<\/a><\/li><li> <a href='https:\/\/bkm.com.tr\/en\/card-awareness-campaign-2008-2009\/'>Card Awareness Campaign (2008-2009)<\/a><\/li><li> <a href='https:\/\/bkm.com.tr\/en\/chippin-campaign-2006-2007\/'>chip&#038;PIN Campaign (2006-2007)<\/a><\/li><li> <a href='https:\/\/bkm.com.tr\/en\/debit-card-campaign-2010\/'>Debit Card Campaign (2010)<\/a><\/li><li> <a href='https:\/\/bkm.com.tr\/en\/card-awareness-campaign-2010-2\/'>Card Awareness Campaign (2010)<\/a><\/li><li> <a href='https:\/\/bkm.com.tr\/en\/pin-awareness-campaign-2009\/'>PIN Awareness Campaign (2009)<\/a><\/li><li> <a href='https:\/\/bkm.com.tr\/en\/products-and-services\/'>Products and Services<\/a><\/li><li> <a href='https:\/\/bkm.com.tr\/en\/products-and-services\/troy-en\/'>TROY<\/a><\/li><li> <a href='https:\/\/bkm.com.tr\/en\/products-and-services\/bkm-express\/'>BKM Express<\/a><\/li><li> <a href='https:\/\/bkm.com.tr\/en\/products-and-services\/domestic-clearing-and-settlement-system\/'>Domestic Clearing and Settlement (YTH) System<\/a><\/li><li> <a href='https:\/\/bkm.com.tr\/en\/products-and-services\/tr-takas-ve-hesaplasmaya-aracilik-hizmetleri\/'>Other Clearing and Settlement Services<\/a><\/li><li> <a href='https:\/\/bkm.com.tr\/en\/products-and-services\/tr-yonlendirme-hizmetleri\/'>Routing Services<\/a><\/li><li> <a href='https:\/\/bkm.com.tr\/en\/products-and-services\/proxy-addressing\/'>Proxy Addressing (KOLAS)<\/a><\/li><li> <a href='https:\/\/bkm.com.tr\/en\/products-and-services\/tr-veri-tabanlari-yonetim-sistemleri\/'>Databases \/ Management Systems<\/a><\/li><li> <a href='https:\/\/bkm.com.tr\/en\/products-and-services\/tr-kamu-tahsilat-cozumleri\/'>Public Debt Collection Solutions<\/a><\/li><li> <a href='https:\/\/bkm.com.tr\/en\/products-and-services\/tr-qr-code\/'>TR QR Code<\/a><\/li><li> <a href='https:\/\/bkm.com.tr\/en\/products-and-services\/payment-solutions\/'>Payment Solutions<\/a><\/li><li> <a href='https:\/\/bkm.com.tr\/en\/products-and-services\/bkm-academy\/'>Bankalararas\u0131 Kart Merkezi (BKM) Academy<\/a><\/li><li> <a href='https:\/\/bkm.com.tr\/en\/products-and-services\/data-sharing-services-in-the-field-of-payment\/'>Data Sharing Services in the Field of Payment (DSSP)<\/a><\/li><li> <a href='https:\/\/bkm.com.tr\/en\/products-and-services\/request-to-pay\/'>Request to Pay<\/a><\/li><li> <a href='https:\/\/bkm.com.tr\/en\/products-and-services\/escrow-overlay-service\/'>Escrow Overlay Service (G\u00d6\u0130)<\/a><\/li><li> <a href='https:\/\/bkm.com.tr\/en\/products-and-services\/tr-diger-hizmetler\/'>Other Services<\/a><\/li><li> <a href='https:\/\/bkm.com.tr\/en\/bkm-2\/legal-notice\/'>Legal Notice<\/a><\/li><li> <a href='https:\/\/bkm.com.tr\/en\/bkm-2\/contact\/'>Contact<\/a><\/li><li> <a href='https:\/\/bkm.com.tr\/en\/bkm-2\/links\/'>Links<\/a><\/li><li> <a href='https:\/\/bkm.com.tr\/en\/bkm-2\/tr-cerez-politikasi-3\/'>(TR) \u00c7erez Politikas\u0131<\/a><\/li><li> <a href='https:\/\/bkm.com.tr\/en\/bkm-2\/information-society-services\/'>Information Society Service<\/a><\/li><li> <a href='https:\/\/bkm.com.tr\/en\/bkm-2\/tr-bilgi-guvenligi-politikasi\/'>(TR) Bilgi G\u00fcvenli\u011fi Politikas\u0131<\/a><\/li><li> <a href='https:\/\/bkm.com.tr\/en\/tr-pop-up-5\/'>(TR) Pop up 5<\/a><\/li><li> <a href='https:\/\/bkm.com.tr\/en\/tr-duyuru-22-ekim-2015\/'>(TR) Duyuru (22 Ekim 2015)<\/a><\/li><li> <a href='https:\/\/bkm.com.tr\/en\/tr-bkmail-kasim-turkiyenin-odeme-yontemi-troy\/'>(TR) T\u00fcrkiye\u2019nin \u201cyeni \u00f6deme y\u00f6ntemi\u201d i\u00e7in geri say\u0131m ba\u015flad\u0131.<\/a><\/li><li> <a href='https:\/\/bkm.com.tr\/en\/tr-bkmail-kasim-bkm-expressliler-1-milyonu-gecti-diye-1-milyon-mil-hediye\/'>(TR) BKM Express\u2019liler 1 milyonu ge\u00e7ti diye 1 milyon mil hediye<\/a><\/li><li> <a href='https:\/\/bkm.com.tr\/en\/tr-bkmail-kasim-best-wallet-innovation-odulu-bkm-expressin\/'>(TR) \u201cBest Wallet Innovation\u201d \u00f6d\u00fcl\u00fc BKM Express\u2019in<\/a><\/li><li> <a href='https:\/\/bkm.com.tr\/en\/tr-bkmail-kasim-mobil-soylesiler\/'>(TR) BKM&#8217;de Mobil S\u00f6yle\u015filer<\/a><\/li><li> <a href='https:\/\/bkm.com.tr\/en\/tr-bkmail-kasim-bkmde-kahve-sohbetleri-devam-ediyor\/'>(TR) BKM&#8217;de Kahve Sohbetleri devam ediyor<\/a><\/li><li> <a href='https:\/\/bkm.com.tr\/en\/tr-bkm-201509-v2\/'>(TR) BKM-201509 v2<\/a><\/li><li> <a href='https:\/\/bkm.com.tr\/en\/tr-bkmail15-aralik-1-milyon-apple-watch\/'>(TR) 1 milyonuncu \u00fcyemiz oldu, Apple Watch kazand\u0131!<\/a><\/li><li> <a href='https:\/\/bkm.com.tr\/en\/tr-2015te-turistler-en-cok-istanbulda-odeme-yapti\/'>(TR) 2015\u2019te Turistler En \u00c7ok \u0130stanbul\u2019da \u00d6deme Yapt\u0131<\/a><\/li><li> <a href='https:\/\/bkm.com.tr\/en\/tr-hayat-beklemez\/'>(TR) Hayat Beklemez<\/a><\/li><li> <a href='https:\/\/bkm.com.tr\/en\/privacy\/'>Privacy<\/a><\/li><li> <a href='https:\/\/bkm.com.tr\/en\/tr-bunlari-yemeyin\/'>(TR) Bunlar\u0131 Yemeyin!<\/a><\/li><li> <a href='https:\/\/bkm.com.tr\/en\/tr-turkiye-mtv-odemelerini-kartlarla-yapti\/'>(TR) T\u00fcrkiye, MTV \u00f6demelerini kartlarla yapt\u0131<\/a><\/li><li> <a href='https:\/\/bkm.com.tr\/en\/bkm-subat-ayi-verileri\/'>(TR) BKM 2016 Y\u0131l\u0131 \u015eubay Ay\u0131 Verilerini A\u00e7\u0131klad\u0131<\/a><\/li><li> <a href='https:\/\/bkm.com.tr\/en\/tr-eab\/'>(TR) EAB taraf\u0131ndan T\u00fcrkiye&#8217;de ilk kez d\u00fczenlenen Bankac\u0131l\u0131k ve \u00d6demelerde Biyometri konferans\u0131na davetlisiniz!<\/a><\/li><li> <a href='https:\/\/bkm.com.tr\/en\/tr-bkm-mart-2016-verileri\/'>(TR) BKM Mart 2016 Verileri<\/a><\/li><li> <a href='https:\/\/bkm.com.tr\/en\/tr-hep-biriz-hep-beraberiz\/'>(TR) Hep biriz, hep beraberiz!<\/a><\/li><li> <a href='https:\/\/bkm.com.tr\/en\/tr-duyuru-6-mart-2017\/'>(TR) Duyuru (6 Mart 2017)<\/a><\/li><li> <a href='https:\/\/bkm.com.tr\/en\/tr-fintech-istanbul\/'>FinTech Istanbul<\/a><\/li><li> <a href='https:\/\/bkm.com.tr\/en\/tr-turkiye-fintech-ekosistemi\/'>T\u00fcrkiye FinTech Ekosistemi<\/a><\/li><li> <a href='https:\/\/bkm.com.tr\/en\/tr-alisveriste-dogru-karar-rehberi\/'>Al\u0131\u015fveri\u015fte Do\u011fru Karar Rehberi<\/a><\/li><li> <a href='https:\/\/bkm.com.tr\/en\/tr-banking-and-fintech\/'>Banking and FinTech<\/a><\/li><li> <a href='https:\/\/bkm.com.tr\/en\/tr-anilarla-ve-fotograflarla-turkiyenin-kartli-odeme-sistemleri-tarihi\/'>An\u0131larla ve Foto\u011fraflarla T\u00fcrkiye\u2019nin Kartl\u0131 \u00d6deme Sistemleri Tarihi<\/a><\/li><li> <a href='https:\/\/bkm.com.tr\/en\/tr-capital-mobil-ticaret-ozel-sayisi\/'>Capital Mobil Ticaret \u00d6zel Say\u0131s\u0131<\/a><\/li><li> <a href='https:\/\/bkm.com.tr\/en\/tr-dijital-girisimcilik-rehberi\/'>Dijital Giri\u015fimcilik Rehberi<\/a><\/li><li> <a href='https:\/\/bkm.com.tr\/en\/tr-kartli-odeme-sistemlerinin-tasarruf-uzerindeki-etkileri-ve-ekonomik-katkilar-raporu\/'>Kartl\u0131 \u00d6deme Sistemlerinin Tasarruf \u00dczerindeki Etkileri ve Ekonomik Katk\u0131lar Raporu<\/a><\/li><li> <a href='https:\/\/bkm.com.tr\/en\/tr-tuketici-hukuku\/'>T\u00fcketici Hukuku<\/a><\/li><li> <a href='https:\/\/bkm.com.tr\/en\/tr-mckinsey-on-payments\/'>McKinsey on Payments<\/a><\/li><li> <a href='https:\/\/bkm.com.tr\/en\/dijital-girisimci-icin-urun-yonetimi\/'>Dijital Giri\u015fimci i\u00e7in \u00dcr\u00fcn Y\u00f6netimi<\/a><\/li><li> <a href='https:\/\/bkm.com.tr\/en\/kartli-odemelerin-ekonomik-faydalari\/'>Kartl\u0131 \u00d6demelerin Ekonomik Faydalar\u0131<\/a><\/li><li> <a href='https:\/\/bkm.com.tr\/en\/tr-cashless-turkey-by-2023\/'>Cashless Turkey by 2023<\/a><\/li><li> <a href='https:\/\/bkm.com.tr\/en\/tr-hakem-komitesi\/'>(TR) Hakem Komitesi<\/a><\/li><li> <a href='https:\/\/bkm.com.tr\/en\/tr-kredi-karti-alisveris-takas-komisyonlari-hakkinda-kamuoyu-bilgilendirmesi\/'>(TR) Kredi Kart\u0131 Al\u0131\u015fveri\u015f Takas Komisyonlar\u0131 Hakk\u0131nda Kamuoyu Bilgilendirmesi<\/a><\/li><li> <a href='https:\/\/bkm.com.tr\/en\/tr-cerez-politikasi\/'>(TR) \u00c7erez Politikas\u0131<\/a><\/li><li> <a href='https:\/\/bkm.com.tr\/en\/turkey-an-exceptional-market-for-payment-innovations\/'>Turkey; An exceptional Market for Payment Innovations<\/a><\/li><li> <a href='https:\/\/bkm.com.tr\/en\/tr-gumruk-ve-ticaret-bakanligi-uyariyor\/'>(TR) G\u00fcmr\u00fck ve Ticaret Bakanl\u0131\u011f\u0131 uyar\u0131yor<\/a><\/li><li> <a href='https:\/\/bkm.com.tr\/en\/tr-nakitsiz-toplum-yolunda-daha-az-nakit-hindistan\/'>Nakitsiz toplum yolunda Daha Az Nakit: Hindistan<\/a><\/li><li> <a href='https:\/\/bkm.com.tr\/en\/paranin-seruveni\/'>Paran\u0131n Ser\u00fcveni<\/a><\/li><li> <a href='https:\/\/bkm.com.tr\/en\/tr-kartmetre-bulteni\/'>(TR) Kartmetre B\u00fclteni<\/a><\/li><li> <a href='https:\/\/bkm.com.tr\/en\/tr-bkm-express-karari-hakkinda\/'><\/a><\/li><li> <a href='https:\/\/bkm.com.tr\/en\/tr-kamuoyu-bilgilendirmesi\/'>(TR) Kamuoyu Bilgilendirmesi<\/a><\/li><li> <a href='https:\/\/bkm.com.tr\/en\/tr-dijitalin-pesinde\/'>(TR) Dijitalin Pe\u015finde Bir De\u011fi\u015fim ve D\u00f6n\u00fc\u015f\u00fcm Hikayesi<\/a><\/li><li> <a href='https:\/\/bkm.com.tr\/en\/tr-kisisel-verilerin-islenmesi-hakkinda-aydinlatma-metni\/'>(TR) K\u0130\u015e\u0130SEL VER\u0130LER\u0130N \u0130\u015eLENMES\u0130 HAKKINDA AYDINLATMA METN\u0130<\/a><\/li><li> <a href='https:\/\/bkm.com.tr\/en\/tr-guvenlik\/'>Safety<\/a><\/li><li> <a href='https:\/\/bkm.com.tr\/en\/closest-atm\/'>Closest ATM<\/a><\/li><li> <a href='https:\/\/bkm.com.tr\/en\/image-gallery\/'>Image Gallery<\/a><\/li><li> <a href='https:\/\/bkm.com.tr\/en\/tr-gorusler\/'>Opinions<\/a><\/li><li> <a href='https:\/\/bkm.com.tr\/en\/chronology\/'>Chronology<\/a><\/li>\n<p><\/p>","protected":false},"excerpt":{"rendered":"<p>The Interbank Card Center\/ Credit Card Awareness Campaign (2010) The credit card awareness campaign of BKM (Interbank Card Center) is communicated through newspaper, outdoor advertisements and internet banners. Please click here to see the advertisements of the campaign.<\/p>\n","protected":false},"author":1,"featured_media":0,"parent":0,"menu_order":0,"comment_status":"open","ping_status":"open","template":"","meta":{"footnotes":""},"_links":{"self":[{"href":"https:\/\/bkm.com.tr\/en\/wp-json\/wp\/v2\/pages\/918"}],"collection":[{"href":"https:\/\/bkm.com.tr\/en\/wp-json\/wp\/v2\/pages"}],"about":[{"href":"https:\/\/bkm.com.tr\/en\/wp-json\/wp\/v2\/types\/page"}],"author":[{"embeddable":true,"href":"https:\/\/bkm.com.tr\/en\/wp-json\/wp\/v2\/users\/1"}],"replies":[{"embeddable":true,"href":"https:\/\/bkm.com.tr\/en\/wp-json\/wp\/v2\/comments?post=918"}],"version-history":[{"count":7,"href":"https:\/\/bkm.com.tr\/en\/wp-json\/wp\/v2\/pages\/918\/revisions"}],"predecessor-version":[{"id":8991,"href":"https:\/\/bkm.com.tr\/en\/wp-json\/wp\/v2\/pages\/918\/revisions\/8991"}],"wp:attachment":[{"href":"https:\/\/bkm.com.tr\/en\/wp-json\/wp\/v2\/media?parent=918"}],"curies":[{"name":"wp","href":"https:\/\/api.w.org\/{rel}","templated":true}]}}